{"id":10378,"date":"2016-11-22T23:17:32","date_gmt":"2016-11-22T22:17:32","guid":{"rendered":"http:\/\/inde-hahn.de\/?page_id=10378"},"modified":"2023-12-31T15:58:31","modified_gmt":"2023-12-31T14:58:31","slug":"sommerfest-2017","status":"publish","type":"page","link":"https:\/\/indehahn.de\/?page_id=10378","title":{"rendered":"HAHNER SOMMERFEST 2017"},"content":{"rendered":"<table cellspacing=\"0\" cellpadding=\"0\" border=\"0\">\n<tbody>\n<tr align=\"LEFT\" valign=\"TOP\">\n<td width=\"800\">\n<table style=\"width: 100%; border: 1px solid #eeeeee; background-color: #ffffff; cellspacing: 0; cellpadding: 0;\">\n<tbody>\n<tr align=\"CENTER\">\n<td colspan=\"2\">Im Rahmen des Hahner Sommerfestes richtete der FC Inde Hahn am 24. und 25.06.2017<br \/>\nFeldturniere f\u00fcr Nachwuchsteams der Altersklassen U7 bis U12 aus. Leider konnte mangels Masse kein Turnier f\u00fcr die allerj\u00fcngsten Bambini (U6) stattfinden.<\/td>\n<\/tr>\n<tr align=\"CENTER\">\n<td>\n<h5><b>\u00dcBERSICHT<\/b><\/h5>\n<\/td>\n<td style=\"text-align: left;\">5 Turniere mit<br \/>\n35 teilnehmenden Mannschaften<\/td>\n<\/tr>\n<tr>\n<td width=\"249\">\n<h5 style=\"text-align: center;\"><b><b>U7 &#8211; Bambini<br \/>\n<\/b><\/b><\/h5>\n<p style=\"text-align: center;\">Jahrgang 2010<br \/>\nSamstag, 24.06.2017<br \/>\n13:00 &#8211; 15:30 Uhr<br \/>\n<span class=\"AA-Link\"><a href=\"\/Events\/Sommerfest\/2017\/U7_2017.pdf\">RESULTATE<\/a><\/span><\/p>\n<\/td>\n<td>\n<ol>\n<li style=\"text-align: left;\">FC Inde Hahn 1<\/li>\n<li style=\"text-align: left;\">FC Inde Hahn 2<\/li>\n<li style=\"text-align: left;\">SV Eilendorf<\/li>\n<li style=\"text-align: left;\">Hertha Walheim<\/li>\n<li style=\"text-align: left;\">SG Roetgen-Rott<\/li>\n<li style=\"text-align: left;\">GW Lichtenbusch<\/li>\n<\/ol>\n<\/td>\n<\/tr>\n<tr>\n<td>\n<h5 style=\"text-align: center;\"><b><b>U8 &#8211; F-Junioren<br \/>\n<\/b><\/b><\/h5>\n<p style=\"text-align: center;\">Jahrgang 2009<b><b><br \/>\n<\/b><\/b>Sonntag, 25.06.2017<br \/>\n09:30 &#8211; 12:00 Uhr<br \/>\n<span class=\"AA-Link\"><a href=\"\/Events\/Sommerfest\/2017\/U8_2017.pdf\">RESULTATE<\/a><\/span><\/p>\n<\/td>\n<td>\n<ol>\n<li style=\"text-align: left;\">FC Inde Hahn 4<\/li>\n<li style=\"text-align: left;\">SV Breinig 2<\/li>\n<li style=\"text-align: left;\">SV Breinig 3<\/li>\n<li style=\"text-align: left;\">Hertha Walheim<\/li>\n<li style=\"text-align: left;\">SC Berger Preu\u00df<\/li>\n<li style=\"text-align: left;\">SV Eilendorf 3<\/li>\n<\/ol>\n<\/td>\n<\/tr>\n<tr>\n<td width=\"249\">\n<h5 style=\"text-align: center;\"><b><b>U9 &#8211; F-Junioren<br \/>\n<\/b><\/b><\/h5>\n<p style=\"text-align: center;\">Jahrgang 2008<b><b><br \/>\n<\/b><\/b>Sonntag, 25.06.2017<br \/>\n12:30 &#8211; 15:00 Uhr<br \/>\n<span class=\"AA-Link\"><a href=\"\/Events\/Sommerfest\/2017\/U9_2017.pdf\">RESULTATE<\/a><\/span><\/p>\n<\/td>\n<td width=\"513\">\n<ol>\n<li style=\"text-align: left;\">FC Inde Hahn 1<\/li>\n<li style=\"text-align: left;\">FC Inde Hahn 2<\/li>\n<li style=\"text-align: left;\">JSC Blau-Wei\u00df Aachen I<\/li>\n<li style=\"text-align: left;\">FV Vaalserquartier<\/li>\n<li style=\"text-align: left;\">FC Eintracht Kornelim\u00fcnster<\/li>\n<li style=\"text-align: left;\">JSG Raeren-Eynatten<\/li>\n<li style=\"text-align: left;\">Jugendsport Wenau<\/li>\n<li style=\"text-align: left;\">SV Eilendorf<\/li>\n<li style=\"text-align: left;\">SG&nbsp;Rott-Roetgen<\/li>\n<li style=\"text-align: left;\">TSV Alemannia Aachen<\/li>\n<li style=\"text-align: left;\">FC Inde Hahn 3<\/li>\n<\/ol>\n<\/td>\n<\/tr>\n<tr>\n<td width=\"249\">\n<h5 style=\"text-align: center;\"><b><b>U10 &#8211; E-Junioren<br \/>\n<\/b><\/b><\/h5>\n<p style=\"text-align: center;\">Jahrgang 2007<b><b><br \/>\n<\/b><\/b>Samstag, 24.06.2017<br \/>\n16:00 &#8211; 18:30 Uhr<br \/>\n<span class=\"AA-Link\"><a href=\"\/Events\/Sommerfest\/2017\/U10_2017.pdf\">RESULTATE<\/a><\/span>\n<\/p>\n<\/td>\n<td width=\"513\">\n<ol>\n<li style=\"text-align: left;\">FC Inde Hahn 1<\/li>\n<li style=\"text-align: left;\">FC Inde Hahn 2<\/li>\n<li style=\"text-align: left;\">Eintracht Kornelim\u00fcnster<\/li>\n<li style=\"text-align: left;\">SV Eilendorf 3<\/li>\n<li style=\"text-align: left;\">SCB Laurenzberg 3<\/li>\n<li style=\"text-align: left;\">JSC Blau-Wei\u00df Aachen<\/li>\n<\/ol>\n<\/td>\n<\/tr>\n<tr>\n<td width=\"249\">\n<h5 style=\"text-align: center;\"><b><b>U12 &#8211; D-Junioren<br \/>\n<\/b><\/b><\/h5>\n<p style=\"text-align: center;\">Jahrg\u00e4nge 2005\/06<b><b><br \/>\n<\/b><\/b>Sonntag, 25.06.2017<br \/>\n15:30 &#8211; 18:30 Uhr<br \/>\n<span class=\"AA-Link\"><a href=\"\/Events\/Sommerfest\/2017\/U12_2017.pdf\">RESULTATE<\/a><\/span><\/p>\n<\/td>\n<td width=\"513\">\n<ol>\n<li style=\"text-align: left;\">FC Inde Hahn 1<\/li>\n<li style=\"text-align: left;\">FC Inde Hahn 2<\/li>\n<li style=\"text-align: left;\">FC Eintracht Kornelim\u00fcnster<\/li>\n<li style=\"text-align: left;\">SV Eintracht Verlautenheide<\/li>\n<li style=\"text-align: left;\">Hertha Walheim<\/li>\n<li style=\"text-align: left;\">VfR Venwegen C-M\u00e4dchen<\/li>\n<\/ol>\n<\/td>\n<\/tr>\n<\/tbody>\n<\/table>\n<\/td>\n<\/tr>\n<\/tbody>\n<\/table>\n<p><!--\n\n\n<h4>Weitere Informationen<\/h4>\n\n\n\n\n<ul>\n\n\n<li><a href=\"https:\/\/www.indehahn.de\/wordpress\/sommerfest\/Einladung2017.pdf\" target=\"_blank\" rel=\"noopener noreferrer\">Einladung<\/a><\/li>\n\n\n\n\n<li><a href=\"https:\/\/www.indehahn.de\/wordpress\/sommerfest\/turnierzusage.html\" target=\"_blank\" rel=\"noopener noreferrer\">Anmeldung<\/a><\/li>\n\n\n\n\n<li><a href=\"https:\/\/www.indehahn.de\/wordpress\/sommerfest\/Zeitplan2017.pdf\" target=\"_blank\" rel=\"noopener noreferrer\">Zeitplan<\/a><\/li>\n\n\n\n\n<li><a href=\"https:\/\/indehahn.de\/?page_id=8905\" target=\"_blank\" rel=\"noopener noreferrer\">Speisen-Spenden<\/a><\/li>\n\n\n\n\n<li><a href=\"https:\/\/www.indehahn.de\/wordpress\/sommerfest\/dienste\/HelferAnmelden.php\" target=\"_blank\" rel=\"noopener noreferrer\">Helferlisten<\/a><\/li>\n\n\n\n\n<li><a href=\"https:\/\/indehahn.de\/?page_id=8924\" target=\"_blank\" rel=\"noopener noreferrer\">FUN-Turnier<\/a><\/li>\n\n\n<\/ul>\n\n\n--><\/p>\n<div class=\"shariff\" data-title=\"HAHNER SOMMERFEST 2017\" data-info-url=\"http:\/\/ct.de\/-2467514\" data-backend-url=\"https:\/\/indehahn.de\/wp-content\/plugins\/shariff-sharing_UNUSED\/backend\/index.php\" data-temp=\"\/tmp\" data-ttl=\"60\" data-service=\"\" data-services='[\"facebook\",\"whatsapp\",\"mail\"]' data-image=\"\" data-url=\"https:\/\/indehahn.de\/?page_id=10378\" data-lang=\"de\" data-theme=\"color\" data-orientation=\"horizontal\"><\/div>","protected":false},"excerpt":{"rendered":"<p>Im Rahmen des Hahner Sommerfestes richtete der FC Inde Hahn am 24. und 25.06.2017 Feldturniere f\u00fcr Nachwuchsteams der Altersklassen U7 bis U12 aus. Leider konnte mangels Masse kein Turnier f\u00fcr die allerj\u00fcngsten Bambini (U6)&#46;&#46;&#46;<\/p>\n","protected":false},"author":6,"featured_media":0,"parent":11755,"menu_order":170,"comment_status":"closed","ping_status":"closed","template":"","meta":{"ngg_post_thumbnail":0,"footnotes":""},"class_list":["post-10378","page","type-page","status-publish","hentry"],"_links":{"self":[{"href":"https:\/\/indehahn.de\/index.php?rest_route=\/wp\/v2\/pages\/10378","targetHints":{"allow":["GET"]}}],"collection":[{"href":"https:\/\/indehahn.de\/index.php?rest_route=\/wp\/v2\/pages"}],"about":[{"href":"https:\/\/indehahn.de\/index.php?rest_route=\/wp\/v2\/types\/page"}],"author":[{"embeddable":true,"href":"https:\/\/indehahn.de\/index.php?rest_route=\/wp\/v2\/users\/6"}],"replies":[{"embeddable":true,"href":"https:\/\/indehahn.de\/index.php?rest_route=%2Fwp%2Fv2%2Fcomments&post=10378"}],"version-history":[{"count":25,"href":"https:\/\/indehahn.de\/index.php?rest_route=\/wp\/v2\/pages\/10378\/revisions"}],"predecessor-version":[{"id":11848,"href":"https:\/\/indehahn.de\/index.php?rest_route=\/wp\/v2\/pages\/10378\/revisions\/11848"}],"up":[{"embeddable":true,"href":"https:\/\/indehahn.de\/index.php?rest_route=\/wp\/v2\/pages\/11755"}],"wp:attachment":[{"href":"https:\/\/indehahn.de\/index.php?rest_route=%2Fwp%2Fv2%2Fmedia&parent=10378"}],"curies":[{"name":"wp","href":"https:\/\/api.w.org\/{rel}","templated":true}]}}