{"id":11005,"date":"2018-10-12T16:04:35","date_gmt":"2018-10-12T14:04:35","guid":{"rendered":"http:\/\/inde-hahn.de\/?page_id=11005"},"modified":"2020-11-03T08:46:56","modified_gmt":"2020-11-03T07:46:56","slug":"datenschutzerklaerung-zu-anmeldeformularen","status":"publish","type":"page","link":"https:\/\/indehahn.de\/?page_id=11005","title":{"rendered":"Datenschutzerkl\u00e4rung zu Anmeldeformularen"},"content":{"rendered":"<p><u>Erfassung personenbezogener Daten im Rahmen von Veranstaltungen<\/u><br \/>\nIm Rahmen von Veranstaltungen (wie z.B. Turniere, Fu\u00dfballcamps) erfassen wir \u00fcber verschiedene Anmeldeformulare (Anmeldung zu Turnieren, Eintragung in Helfer-Dienstpl\u00e4ne oder Listen mit Kuchenspenden o.\u00e4.)  personenbezogene Daten (Name, Vorname, Mail-Adresse, Telefonnummer). Mit der Eingabe Ihrer Daten und dem Ausf\u00fchren der entsprechenden Funktion (Anmelden, Eintragen, o.\u00e4.) erteilen Sie die Einwilligung zur Speicherung der Daten unter folgenden Voraussetzungen:<\/p>\n<p><u>Verwendungszweck<\/u><br \/>\nDie von Ihnen zur Verf\u00fcgung gestellten personenbezogenen Daten erleichtern Planung und Durchf\u00fchrung der Veranstaltungen. Sie werden ausschlie\u00dflich f\u00fcr die Kontaktaufnahme im Zusammenhang mit den Veranstaltungen und f\u00fcr die damit verbundene technische Administration verwendet. Insbesondere werden die Daten nicht an Dritte weitergegeben.<\/p>\n<p><u>L\u00f6schung der Daten<\/u><br \/>\nSie haben jederzeit das Recht, eine erteilte Einwilligung mit Wirkung f\u00fcr die Zukunft zu widerrufen. Wir werden Ihre personenbezogenen Daten umgehend l\u00f6schen. Weiterhin werden wir Ihre personenbezogenen Daten (auch ohne Widerruf) l\u00f6schen, sobald die Veranstaltung (inklusive zugeh\u00f6riger Nachfolgearbeiten) abgeschlossen ist. Dies geschieht auch, wenn die Speicherung aus gesetzlichen Gr\u00fcnden unzul\u00e4ssig sein sollte.<\/p>\n<p><u>Verschl\u00fcsselte \u00dcbertragung<\/u><br \/>\nUnsere Anmeldeformulare nutzen (wie die gesamte Webpr\u00e4senz) bei der Daten\u00fcbertragung SSL-Verschl\u00fcsselung (zu erkennen am Pr\u00e4fix &#8222;https:\/\/&#8220; in der Adresse der Webseite &#8211; im Gegensatz zu &#8222;http:\/\/&#8220; bei fehlender Verschl\u00fcsselung). Alle von Ihnen in unseren Anmeldeformularen eingegebenen Daten k\u00f6nnen nicht von Dritten mitgelesen werden.<\/p>\n<p><u>Informationsrecht<\/u><br \/>\nSie k\u00f6nnen sich jederzeit \u00fcber die zu Ihrer Person gespeicherten Daten informieren.<\/p>\n<p>Weitere Informationen zum Datenschutz und zum Umgang mit personenbezogenen Daten finden Sie in unserer <a href=\"http:\/\/www.indehahn.de\/Datenschutzordnung.pdf\">Datenschutzordnung<\/a>.<br \/>\n<!--der allgemeinen Datenschutzerkl\u00e4rung dieser Webseite.--> <\/p>\n<div class=\"shariff\" data-title=\"Datenschutzerkl\u00e4rung zu Anmeldeformularen\" data-info-url=\"http:\/\/ct.de\/-2467514\" data-backend-url=\"https:\/\/indehahn.de\/wp-content\/plugins\/shariff-sharing_UNUSED\/backend\/index.php\" data-temp=\"\/tmp\" data-ttl=\"60\" data-service=\"\" data-services='[\"facebook\",\"whatsapp\",\"mail\"]' data-image=\"\" data-url=\"https:\/\/indehahn.de\/?page_id=11005\" data-lang=\"de\" data-theme=\"color\" data-orientation=\"horizontal\"><\/div>","protected":false},"excerpt":{"rendered":"<p>Erfassung personenbezogener Daten im Rahmen von Veranstaltungen Im Rahmen von Veranstaltungen (wie z.B. Turniere, Fu\u00dfballcamps) erfassen wir \u00fcber verschiedene Anmeldeformulare (Anmeldung zu Turnieren, Eintragung in Helfer-Dienstpl\u00e4ne oder Listen mit Kuchenspenden o.\u00e4.) personenbezogene Daten (Name,&#46;&#46;&#46;<\/p>\n","protected":false},"author":6,"featured_media":0,"parent":998,"menu_order":0,"comment_status":"closed","ping_status":"closed","template":"","meta":{"ngg_post_thumbnail":0,"footnotes":""},"class_list":["post-11005","page","type-page","status-publish","hentry"],"_links":{"self":[{"href":"https:\/\/indehahn.de\/index.php?rest_route=\/wp\/v2\/pages\/11005","targetHints":{"allow":["GET"]}}],"collection":[{"href":"https:\/\/indehahn.de\/index.php?rest_route=\/wp\/v2\/pages"}],"about":[{"href":"https:\/\/indehahn.de\/index.php?rest_route=\/wp\/v2\/types\/page"}],"author":[{"embeddable":true,"href":"https:\/\/indehahn.de\/index.php?rest_route=\/wp\/v2\/users\/6"}],"replies":[{"embeddable":true,"href":"https:\/\/indehahn.de\/index.php?rest_route=%2Fwp%2Fv2%2Fcomments&post=11005"}],"version-history":[{"count":3,"href":"https:\/\/indehahn.de\/index.php?rest_route=\/wp\/v2\/pages\/11005\/revisions"}],"predecessor-version":[{"id":16248,"href":"https:\/\/indehahn.de\/index.php?rest_route=\/wp\/v2\/pages\/11005\/revisions\/16248"}],"up":[{"embeddable":true,"href":"https:\/\/indehahn.de\/index.php?rest_route=\/wp\/v2\/pages\/998"}],"wp:attachment":[{"href":"https:\/\/indehahn.de\/index.php?rest_route=%2Fwp%2Fv2%2Fmedia&parent=11005"}],"curies":[{"name":"wp","href":"https:\/\/api.w.org\/{rel}","templated":true}]}}