{"id":11081,"date":"2018-11-19T18:35:40","date_gmt":"2018-11-19T17:35:40","guid":{"rendered":"http:\/\/inde-hahn.de\/?page_id=11081"},"modified":"2024-02-10T16:24:22","modified_gmt":"2024-02-10T15:24:22","slug":"ibis-cup-anmeldung","status":"publish","type":"page","link":"https:\/\/indehahn.de\/?page_id=11081","title":{"rendered":"IBIS-CUP &#8211; Anmeldung"},"content":{"rendered":"<p><!--Auf dieser Seite k\u00f6nnt Ihr Euer Team oder auch mehrere Mannschaften Eures Vereins f\u00fcr den 8. Hahner IBIS-CUP 2024 anmelden. F\u00fcllt bitte alle Pflichtfelder (*) aus, damit wir mit Euch in Kontakt treten k\u00f6nnen. Anmeldungen werden in der Reihenfolge ihres Eintreffens bearbeitet. Bitte beachtet auch die <a href=\"?page_id=11005\" rel=\"noopener\" target=\"_blank\">Datenschutzerkl\u00e4rung zu unseren Anmeldeformularen<\/a>. --><\/p>\n<p><!--[wpforms id=\"17595\"]--><\/p>\n<p>Der IBIS-CUP 2024 ist bereits ausgebucht! Eine Anmeldung ist aktuell nicht m\u00f6glich.<br \/>\nBei Fragen wendet Euch bitte an die <a href=\"mailto:turnierkoordination@indehahn.de\">Turnierkoordination<\/a><\/p>\n<div class=\"shariff\" data-title=\"IBIS-CUP &#8211; Anmeldung\" data-info-url=\"http:\/\/ct.de\/-2467514\" data-backend-url=\"https:\/\/indehahn.de\/wp-content\/plugins\/shariff-sharing_UNUSED\/backend\/index.php\" data-temp=\"\/tmp\" data-ttl=\"60\" data-service=\"\" data-services='[\"facebook\",\"whatsapp\",\"mail\"]' data-image=\"\" data-url=\"https:\/\/indehahn.de\/?page_id=11081\" data-lang=\"de\" data-theme=\"color\" data-orientation=\"horizontal\"><\/div>","protected":false},"excerpt":{"rendered":"<p>Der IBIS-CUP 2024 ist bereits ausgebucht! Eine Anmeldung ist aktuell nicht m\u00f6glich. Bei Fragen wendet Euch bitte an die Turnierkoordination<\/p>\n","protected":false},"author":6,"featured_media":0,"parent":18239,"menu_order":1,"comment_status":"closed","ping_status":"closed","template":"","meta":{"ngg_post_thumbnail":0,"footnotes":""},"class_list":["post-11081","page","type-page","status-publish","hentry"],"_links":{"self":[{"href":"https:\/\/indehahn.de\/index.php?rest_route=\/wp\/v2\/pages\/11081","targetHints":{"allow":["GET"]}}],"collection":[{"href":"https:\/\/indehahn.de\/index.php?rest_route=\/wp\/v2\/pages"}],"about":[{"href":"https:\/\/indehahn.de\/index.php?rest_route=\/wp\/v2\/types\/page"}],"author":[{"embeddable":true,"href":"https:\/\/indehahn.de\/index.php?rest_route=\/wp\/v2\/users\/6"}],"replies":[{"embeddable":true,"href":"https:\/\/indehahn.de\/index.php?rest_route=%2Fwp%2Fv2%2Fcomments&post=11081"}],"version-history":[{"count":19,"href":"https:\/\/indehahn.de\/index.php?rest_route=\/wp\/v2\/pages\/11081\/revisions"}],"predecessor-version":[{"id":18356,"href":"https:\/\/indehahn.de\/index.php?rest_route=\/wp\/v2\/pages\/11081\/revisions\/18356"}],"up":[{"embeddable":true,"href":"https:\/\/indehahn.de\/index.php?rest_route=\/wp\/v2\/pages\/18239"}],"wp:attachment":[{"href":"https:\/\/indehahn.de\/index.php?rest_route=%2Fwp%2Fv2%2Fmedia&parent=11081"}],"curies":[{"name":"wp","href":"https:\/\/api.w.org\/{rel}","templated":true}]}}