{"id":11755,"date":"2019-01-31T18:22:25","date_gmt":"2019-01-31T17:22:25","guid":{"rendered":"https:\/\/inde-hahn.de\/?page_id=11755"},"modified":"2023-12-30T14:08:28","modified_gmt":"2023-12-30T13:08:28","slug":"sommerfest-historie","status":"publish","type":"page","link":"https:\/\/indehahn.de\/?page_id=11755","title":{"rendered":"SOMMERFEST &#8211; HISTORIE"},"content":{"rendered":"<p>Seit dem Jahr 2003 veranstaltet unser Verein &#8211; meistens im Juni &#8211; ein gro\u00dfes Sommerfest mit Turnieren f\u00fcr die Nachwuchsmannschaften. Seit dem hat sich das Sommerfest aufgrund seiner famili\u00e4ren Atmosph\u00e4re und der perfekten Organisation zur einem regional und \u00fcberregional beliebten Event entwickelt.<br \/>\nWir haben hier f\u00fcr Euch eine \u00dcbersicht \u00fcber alle bisherigen Hahner Sommerfeste zusammengestellt:<\/p>\n<ul>\n<li>Das <a href=\"\/?p=4611\">Sommerfest 2003<\/a> &#8211; wie alles begann &#8230; mit Willlliiii Landgraf!<\/li>\n<li>F\u00fcr das <a href=\"\/Events\/Sommerfest\/2004\/sommerfest2004.html\">Sommerfest 2004<\/a> wurde sogar Radio-Werbung gemacht &#8211; kein Wunder, bei dem Programm!<\/li>\n<li>Auch beim <a href=\"\/?p=4602\">Sommerfest 2005<\/a> &#8211; erstmals auf dem neuen Kunstrasen &#8211; gab es wieder ein gro\u00dfes Feuerwerk.<\/li>\n<li>Die Schweiz gewinnt bei der <a href=\"\/?p=1869\">Hahner Fu\u00dfball-WM 2006<\/a> zum 60. Vereinsgeburtstag.<\/li>\n<li>Beim <a href=\"\/?p=4598\">Sommerfest 2007<\/a> zeigten sich alle Hahner Mannschaften als gute Gastgeber.<\/li>\n<li>Das <a href=\"\/?p=4591\">Sommerfest 2008<\/a> begann an einem Freitag, den 13 &#8211; wurde aber dennoch ein Erfolg.<\/li>\n<li>Das <a href=\"\/?p=4588\">Sommerfest 2009<\/a> bleibt mit einem total verregneten und <a title=\"\" href=\"https:\/\/indehahn.de\/inde-gallery\/?Sommerfest\/2009\/Donnerstag#&#038;gid=1&#038;pid=Sommerfest2009-Do-87.jpg\" data-rel=\"lightbox-image-0\" data-rl_title=\"\" data-rl_caption=\"\">verhagelten<\/a> Donnerstag im Ged\u00e4chtnis.<\/li>\n<li>Das Sommerfest 2010 machte seinem Namen alle Ehre.<br \/>\n<a href=\"\/?p=4585\">BERICHT<\/a> &#8211; <a href=\"\/?page_id=11773\">TURNIER-\u00dcBERSICHT<\/a><\/li>\n<li>Beim Sommerfest 2011 konnten wir eine Rekordteilnehmerfeld von 81 Mannschaften verzeichnen.<br \/>\n<a href=\"\/?p=4582\">BERICHT<\/a> &#8211; <a href=\"\/?page_id=11786\">TURNIER-\u00dcBERSICHT<\/a><\/li>\n<li>Das Sommerfest 2012 war f\u00fcr die Organisatoren sehr entspannt, weil sich die Arbeit auf enorm viele Helfer verteilte. Die Turniere allerdings litten unter vielen kurzfristigen Absagen, so dass nur 69 statt der gemeldeten 74 Teams am Start waren &#8211; und das obwohl 3 zus\u00e4tzliche Hahner Teams gebildet wurden.<br \/>\n<a href=\"\/?p=4578\">BERICHT<\/a> &#8211; <a href=\"\/?page_id=11822\">TURNIER-\u00dcBERSICHT<\/a><\/li>\n<li>Beim <a href=\"\/?p=1684\">Sommerfest 2013<\/a> konnten wir einen neuen Teilnehmerrekord verzeichnen: 90 Mannschaften, also etwa 900 Kinder nahmen in diesem Jahr an den 7 Turnieren f\u00fcr Bambini bis D-Junioren teil.<\/li>\n<li>Beim <a href=\"\/?p=1678\">Sommerfest 2014<\/a> stellte das FUN-Turnier seine gro\u00dfe Beliebtheit unter Beweis. Aber auch bei den Turnieren des Fu\u00dfballnachwuchses gab es viele gute Ergebnisse aus Hahner Sicht.<\/li>\n<li>Gute Laune und viele Tore beim Hahner <a href=\"\/?p=7611\">Sommerfest 2015<\/a>, welches wegen Terminnot nicht im Juni, sondern ausnahmsweise im August stattfand.<\/li>\n<li>Das Sommerfest 2016 fand am ersten Juli-Wochenende statt und brachte wieder viel Spa\u00df f\u00fcr alle Teilnehmer.<br \/>\n<a href=\"?p=9168\">BERICHT<\/a> &#8211; <a href=\"\/?page_id=8159\">TURNIER-\u00dcBERSICHT<\/a><\/li>\n<li>Hochspannung, die Wolverines und tolle Platzierungen f\u00fcr Hahner Nachwuchsteams beim Sommerfest 2017.<br \/>\n<a href=\"\/?page_id=10378\">TURNIER-\u00dcBERSICHT<\/a>\u200b<\/li>\n<li>Viel Spa\u00df und toller Sport beim Hahner Sommerfest 2018<br \/>\n<a href=\"\/?p=11069\">BERICHT<\/a> &#8211; <a href=\"\/?page_id=10988\">TURNIER-\u00dcBERSICHT<\/a>\u200b<\/li>\n<li>Toller Fu\u00dfball, fairer Umgang miteinander und Sonne ohne Ende beim Hahner Sommerfest 2019<br \/>\n<a href=\"\/?p=14179\" target=\"_blank\" rel=\"noopener noreferrer\">FUN-TURNIER<\/a> &#8211; <a href=\"\/?p=14565\">NACHLESE<\/a> &#8211; <a href=\"\/?page_id=11534\">TURNIER-\u00dcBERSICHT<\/a>\u200b<\/li>\n<\/ul>\n<div class=\"shariff\" data-title=\"SOMMERFEST &#8211; HISTORIE\" data-info-url=\"http:\/\/ct.de\/-2467514\" data-backend-url=\"https:\/\/indehahn.de\/wp-content\/plugins\/shariff-sharing_UNUSED\/backend\/index.php\" data-temp=\"\/tmp\" data-ttl=\"60\" data-service=\"\" data-services='[\"facebook\",\"whatsapp\",\"mail\"]' data-image=\"\" data-url=\"https:\/\/indehahn.de\/?page_id=11755\" data-lang=\"de\" data-theme=\"color\" data-orientation=\"horizontal\"><\/div>","protected":false},"excerpt":{"rendered":"<p>Seit dem Jahr 2003 veranstaltet unser Verein &#8211; meistens im Juni &#8211; ein gro\u00dfes Sommerfest mit Turnieren f\u00fcr die Nachwuchsmannschaften. Seit dem hat sich das Sommerfest aufgrund seiner famili\u00e4ren Atmosph\u00e4re und der perfekten Organisation&#46;&#46;&#46;<\/p>\n","protected":false},"author":6,"featured_media":0,"parent":569,"menu_order":910,"comment_status":"closed","ping_status":"closed","template":"","meta":{"ngg_post_thumbnail":0,"footnotes":""},"class_list":["post-11755","page","type-page","status-publish","hentry"],"_links":{"self":[{"href":"https:\/\/indehahn.de\/index.php?rest_route=\/wp\/v2\/pages\/11755","targetHints":{"allow":["GET"]}}],"collection":[{"href":"https:\/\/indehahn.de\/index.php?rest_route=\/wp\/v2\/pages"}],"about":[{"href":"https:\/\/indehahn.de\/index.php?rest_route=\/wp\/v2\/types\/page"}],"author":[{"embeddable":true,"href":"https:\/\/indehahn.de\/index.php?rest_route=\/wp\/v2\/users\/6"}],"replies":[{"embeddable":true,"href":"https:\/\/indehahn.de\/index.php?rest_route=%2Fwp%2Fv2%2Fcomments&post=11755"}],"version-history":[{"count":21,"href":"https:\/\/indehahn.de\/index.php?rest_route=\/wp\/v2\/pages\/11755\/revisions"}],"predecessor-version":[{"id":16431,"href":"https:\/\/indehahn.de\/index.php?rest_route=\/wp\/v2\/pages\/11755\/revisions\/16431"}],"up":[{"embeddable":true,"href":"https:\/\/indehahn.de\/index.php?rest_route=\/wp\/v2\/pages\/569"}],"wp:attachment":[{"href":"https:\/\/indehahn.de\/index.php?rest_route=%2Fwp%2Fv2%2Fmedia&parent=11755"}],"curies":[{"name":"wp","href":"https:\/\/api.w.org\/{rel}","templated":true}]}}