{"id":11773,"date":"2019-02-01T12:08:42","date_gmt":"2019-02-01T11:08:42","guid":{"rendered":"https:\/\/inde-hahn.de\/?page_id=11773"},"modified":"2019-02-01T12:29:15","modified_gmt":"2019-02-01T11:29:15","slug":"sommerfest-2010","status":"publish","type":"page","link":"https:\/\/indehahn.de\/?page_id=11773","title":{"rendered":"HAHNER SOMMERFEST 2010"},"content":{"rendered":"<table cellspacing=\"0\" cellpadding=\"0\" border=\"0\">\n<tbody>\n<tr valign=\"TOP\" align=\"LEFT\">\n<td width=\"800\">\n<table style=\"width: 100%; border: 1px solid #eeeeee; background-color: #ffffff; cellspacing: 0; cellpadding: 0;\">\n<tbody>\n<tr align=\"CENTER\">\n<td colspan=\"2\">Im Rahmen des Hahner Sommerfestes<br \/>\nveranstaltete der FC Inde Hahn am 26. und 27. Juni 2010<br \/>\nKleinfeld-Turniere f\u00fcr Fu\u00dfball-Juniorenteams.<br \/>\nHier eine \u00dcbersicht der teilnehmenden Mannschaften und der Resultate:<\/td>\n<\/tr>\n<tr align=\"CENTER\">\n<td>\n<h5><b>\u00dcBERSICHT<\/b><\/h5>\n<\/td>\n<td style=\"text-align: left; padding-left: 30px;\">Es nahmen insgesamt 60 Mannschaften teil.<\/td>\n<\/tr>\n<tr>\n<td width=\"249\">\n<h5 style=\"text-align: center;\"><b>U6 &#8211; Minis<\/b><\/h5>\n<p style=\"text-align: center;\">Jahrgang &#8211; 2004<\/p>\n<p style=\"text-align: center;\">Samstag, 26.06.2010<br \/>\n10:00 &#8211; 12:30 Uhr<\/p>\n<\/td>\n<td style=\"text-align: left;\" width=\"513\">\n<ol>\n<li>FC Inde Hahn<\/li>\n<li>Raspo Brand<\/li>\n<li>SV Rott<\/li>\n<li>FC Roetgen<\/li>\n<li>FC Breinigerberg<\/li>\n<\/ol>\n<\/td>\n<\/tr>\n<tr>\n<td>\n<h5 style=\"text-align: center;\"><b>U7 &#8211; Bambini<\/b><\/h5>\n<p style=\"text-align: center;\">Jahrgang &#8211; 2003<\/p>\n<p style=\"text-align: center;\">Samstag, 26.06.2010<br \/>\n10:00 &#8211; 12:30 Uhr<\/p>\n<p style=\"text-align: center;\"><span class=\"AA-Link\"><a href=\"\/Events\/Sommerfest\/2010\/Bambini_2010.pdf\" target=\"_blank\" rel=\"noopener\">RESULTATE<\/a><\/span><\/p>\n<\/td>\n<td style=\"text-align: left;\">\n<ol>\n<li>FC Inde Hahn<\/li>\n<li>SV Rott<\/li>\n<li>SV Kohlscheid<\/li>\n<li>FC Roetgen<\/li>\n<li>VfJ Laurensberg<\/li>\n<li>SV Eilendorf<\/li>\n<li>Raspo Brand<\/li>\n<li>TSV K\u00f6ln-Merheim<\/li>\n<li>SV Alemannia Mariadorf<\/li>\n<\/ol>\n<\/td>\n<\/tr>\n<tr>\n<td>\n<h5 style=\"text-align: center;\"><b>U8 &#8211; F-Junioren<\/b><\/h5>\n<p style=\"text-align: center;\">Jahrgang 2002<\/p>\n<p style=\"text-align: center;\">Samstag, 26.06.2010<br \/>\n13:00 &#8211; 16:00 Uhr<\/p>\n<p style=\"text-align: center;\"><span class=\"AA-Link\"><a href=\"\/Events\/Sommerfest\/2010\/F-Junioren_2010.pdf\" target=\"_blank\" rel=\"noopener\">RESULTATE<\/a><\/span><\/p>\n<\/td>\n<td style=\"text-align: left;\">\n<ol>\n<li>FC Inde Hahn<\/li>\n<li>VfL Vichttal<\/li>\n<li>Borussia Brand<\/li>\n<li>SF H\u00f6rn<\/li>\n<li>BW Alsdorf<\/li>\n<li>VfJ Laurensberg<\/li>\n<li>SV Kohlscheid<\/li>\n<li>Concordia Oidtweiler<\/li>\n<li>Rhenania Eschweiler<\/li>\n<li>FC Roetgen<\/li>\n<li>Raspo Brand<\/li>\n<li>Sparta W\u00fcrselen<\/li>\n<li>SC Bewegung Laurenzberg<\/li>\n<li>SV Rott<\/li>\n<\/ol>\n<\/td>\n<\/tr>\n<tr>\n<td width=\"249\">\n<h5 style=\"text-align: center;\"><b>U11 &#8211; E-Junioren<\/b><\/h5>\n<p style=\"text-align: center;\">Jahrg\u00e4nge 1999\/2000<\/p>\n<p style=\"text-align: center;\">Sonntag, 27.06.2010<br \/>\n10:00 &#8211; 13:00 Uhr<\/p>\n<p style=\"text-align: center;\"><span class=\"AA-Link\"><a href=\"\/Events\/Sommerfest\/2010\/E-Junioren_2010.pdf\" target=\"_blank\" rel=\"noopener\">RESULTATE<\/a><\/span><\/p>\n<\/td>\n<td width=\"513\">\n<ol>\n<li style=\"text-align: left;\">FC Inde Hahn 1<\/li>\n<li style=\"text-align: left;\">FC Inde Hahn 2<\/li>\n<li style=\"text-align: left;\">Germania D\u00fcrwiss<\/li>\n<li style=\"text-align: left;\">VfL Benrath 1<\/li>\n<li style=\"text-align: left;\">Borussia Brand<\/li>\n<li style=\"text-align: left;\">SV Rott<\/li>\n<li style=\"text-align: left;\">VfL Vichttal<\/li>\n<li style=\"text-align: left;\">SG Monschau\/M\u00fctzenich\/Imgenbroich<\/li>\n<li style=\"text-align: left;\">VfL Benrath 2<\/li>\n<li style=\"text-align: left;\">Adler B\u00fcsbach<\/li>\n<li style=\"text-align: left;\">Hertha Walheim<\/li>\n<li style=\"text-align: left;\">FC Roetgen<\/li>\n<li style=\"text-align: left;\">SC Bewegung Laurenzberg<\/li>\n<li style=\"text-align: left;\">SV Breinig<\/li>\n<li style=\"text-align: left;\">BW Alsdorf<\/li>\n<li style=\"text-align: left;\">SF H\u00f6rn<\/li>\n<\/ol>\n<\/td>\n<\/tr>\n<tr>\n<td width=\"249\">\n<h5 style=\"text-align: center;\"><b>U13 &#8211; D-Junioren<\/b><\/h5>\n<p style=\"text-align: center;\">Jahrg\u00e4nge 1997\/1998<\/p>\n<p style=\"text-align: center;\">Sonntag, 27.06.2010<br \/>\n13:30 &#8211; 16:30 Uhr<\/p>\n<p style=\"text-align: center;\"><a href=\"\/Events\/Sommerfest\/2010\/D-Junioren_2010.pdf\" target=\"_blank\" rel=\"noopener\">RESULTATE<\/a><\/p>\n<\/td>\n<td width=\"513\">\n<ol>\n<li style=\"text-align: left;\">FC Inde Hahn 1<\/li>\n<li style=\"text-align: left;\">FC Inde Hahn 2<\/li>\n<li style=\"text-align: left;\">Falke Bergrath<\/li>\n<li style=\"text-align: left;\">Kohlscheider BC<\/li>\n<li style=\"text-align: left;\">DJK Dorff<\/li>\n<li style=\"text-align: left;\">Hertha Walheim<\/li>\n<li style=\"text-align: left;\">FC Roetgen<\/li>\n<li style=\"text-align: left;\">SV Eilendorf<\/li>\n<\/ol>\n<\/td>\n<\/tr>\n<tr>\n<td width=\"249\">\n<h5 style=\"text-align: center;\"><b>U15 &#8211; C-Junioren<\/b><\/h5>\n<p style=\"text-align: center;\">Jahrg\u00e4nge 1995\/1996<\/p>\n<p style=\"text-align: center;\">Samstag, 26.06.2010<br \/>\n16:30 &#8211; 19:30 Uhr<\/p>\n<p style=\"text-align: center;\"><a href=\"\/Events\/Sommerfest\/2010\/C-Junioren_2010.pdf\" target=\"_blank\" rel=\"noopener\">RESULTATE<\/a><\/p>\n<\/td>\n<td width=\"513\">\n<ol>\n<li style=\"text-align: left;\">FC Inde Hahn 1<\/li>\n<li style=\"text-align: left;\">SV Breinig 1<\/li>\n<li style=\"text-align: left;\">SV Breinig 2<\/li>\n<li style=\"text-align: left;\">FC Inde Hahn 2<\/li>\n<li style=\"text-align: left;\">RW Eynatten<\/li>\n<li style=\"text-align: left;\">DJK Dorff<\/li>\n<li style=\"text-align: left;\">FC Roetgen 1<\/li>\n<li style=\"text-align: left;\">FC Roetgen 2<\/li>\n<\/ol>\n<\/td>\n<\/tr>\n<\/tbody>\n<\/table>\n<\/td>\n<\/tr>\n<\/tbody>\n<\/table>\n<div class=\"shariff\" data-title=\"HAHNER SOMMERFEST 2010\" data-info-url=\"http:\/\/ct.de\/-2467514\" data-backend-url=\"https:\/\/indehahn.de\/wp-content\/plugins\/shariff-sharing_UNUSED\/backend\/index.php\" data-temp=\"\/tmp\" data-ttl=\"60\" data-service=\"\" data-services='[\"facebook\",\"whatsapp\",\"mail\"]' data-image=\"\" data-url=\"https:\/\/indehahn.de\/?page_id=11773\" data-lang=\"de\" data-theme=\"color\" data-orientation=\"horizontal\"><\/div>","protected":false},"excerpt":{"rendered":"<p>Im Rahmen des Hahner Sommerfestes veranstaltete der FC Inde Hahn am 26. und 27. Juni 2010 Kleinfeld-Turniere f\u00fcr Fu\u00dfball-Juniorenteams. Hier eine \u00dcbersicht der teilnehmenden Mannschaften und der Resultate: \u00dcBERSICHT Es nahmen insgesamt 60 Mannschaften&#46;&#46;&#46;<\/p>\n","protected":false},"author":6,"featured_media":0,"parent":11755,"menu_order":0,"comment_status":"closed","ping_status":"closed","template":"","meta":{"ngg_post_thumbnail":0,"footnotes":""},"class_list":["post-11773","page","type-page","status-publish","hentry"],"_links":{"self":[{"href":"https:\/\/indehahn.de\/index.php?rest_route=\/wp\/v2\/pages\/11773","targetHints":{"allow":["GET"]}}],"collection":[{"href":"https:\/\/indehahn.de\/index.php?rest_route=\/wp\/v2\/pages"}],"about":[{"href":"https:\/\/indehahn.de\/index.php?rest_route=\/wp\/v2\/types\/page"}],"author":[{"embeddable":true,"href":"https:\/\/indehahn.de\/index.php?rest_route=\/wp\/v2\/users\/6"}],"replies":[{"embeddable":true,"href":"https:\/\/indehahn.de\/index.php?rest_route=%2Fwp%2Fv2%2Fcomments&post=11773"}],"version-history":[{"count":9,"href":"https:\/\/indehahn.de\/index.php?rest_route=\/wp\/v2\/pages\/11773\/revisions"}],"predecessor-version":[{"id":11785,"href":"https:\/\/indehahn.de\/index.php?rest_route=\/wp\/v2\/pages\/11773\/revisions\/11785"}],"up":[{"embeddable":true,"href":"https:\/\/indehahn.de\/index.php?rest_route=\/wp\/v2\/pages\/11755"}],"wp:attachment":[{"href":"https:\/\/indehahn.de\/index.php?rest_route=%2Fwp%2Fv2%2Fmedia&parent=11773"}],"curies":[{"name":"wp","href":"https:\/\/api.w.org\/{rel}","templated":true}]}}