{"id":11786,"date":"2019-02-01T13:32:23","date_gmt":"2019-02-01T12:32:23","guid":{"rendered":"https:\/\/inde-hahn.de\/?page_id=11786"},"modified":"2019-02-01T13:32:23","modified_gmt":"2019-02-01T12:32:23","slug":"hahner-sommerfest-2011","status":"publish","type":"page","link":"https:\/\/indehahn.de\/?page_id=11786","title":{"rendered":"HAHNER SOMMERFEST 2011"},"content":{"rendered":"<table cellspacing=\"0\" cellpadding=\"0\" border=\"0\">\n<tbody>\n<tr valign=\"TOP\" align=\"LEFT\">\n<td width=\"800\">\n<table style=\"width: 100%; border: 1px solid #eeeeee; background-color: #ffffff; cellspacing: 0; cellpadding: 0;\">\n<tbody>\n<tr align=\"CENTER\">\n<td colspan=\"2\">Im Rahmen des Hahner Sommerfestes<br \/>\nveranstaltete der FC Inde Hahn am 02. und 03. Juni 2011<br \/>\nKleinfeld-Turniere f\u00fcr Fu\u00dfball-Juniorenteams der Altersklassen U6 bis U15.<br \/>\nEs folgt eine \u00dcbersicht der teilnehmenden Mannschaften und der Resultate:<\/td>\n<\/tr>\n<tr align=\"CENTER\">\n<td>\n<h5><b>\u00dcBERSICHT<\/b><\/h5>\n<\/td>\n<td style=\"text-align: left; padding-left: 30px;\">7 Turniere mit<br \/>\n81 teilnehmenden Mannschaften<\/td>\n<\/tr>\n<tr>\n<td width=\"249\">\n<h5 style=\"text-align: center;\"><b>U6 &#8211; Minis<\/b><\/h5>\n<p style=\"text-align: center;\">Jahrgang &#8211; 2005<\/p>\n<p style=\"text-align: center;\">Sonntag, 03.07.2011<br \/>\n10:00 &#8211; 12:30 Uhr<\/p>\n<p style=\"text-align: center;\"><span class=\"AA-Link\"><a href=\"\/Events\/Sommerfest\/2011\/Minis_2011.pdf\" target=\"_blank\" rel=\"noopener\">RESULTATE<\/a><\/span><\/p>\n<\/td>\n<td style=\"text-align: left;\" width=\"513\">\n<ol>\n<li>FC Inde Hahn<\/li>\n<li>FC Roetgen<\/li>\n<li>VfB 08 Aachen<\/li>\n<li>DJK Raspo Brand<\/li>\n<li>SV Eilendorf<\/li>\n<\/ol>\n<\/td>\n<\/tr>\n<tr>\n<td>\n<h5 style=\"text-align: center;\"><b>U7 &#8211; Bambini<\/b><\/h5>\n<p style=\"text-align: center;\">Jahrgang &#8211; 2004<\/p>\n<p style=\"text-align: center;\">Sonntag, 03.07.2011<br \/>\n10:00 &#8211; 12:30 Uhr<\/p>\n<p style=\"text-align: center;\"><span class=\"AA-Link\"><a href=\"\/Events\/Sommerfest\/2011\/Bambini_2011.pdf\" target=\"_blank\" rel=\"noopener\">RESULTATE<\/a><\/span><\/p>\n<\/td>\n<td style=\"text-align: left;\">\n<ol>\n<li>FC Inde Hahn<\/li>\n<li>FC Roetgen<\/li>\n<li>VfB 08 Aachen<\/li>\n<li>DJK Raspo Brand<\/li>\n<li>SV Breinig<\/li>\n<li>TSV Donnerberg<\/li>\n<li>SC Gr\u00fcn-Wei\u00df Lichtenbusch<\/li>\n<li>SV Rott<\/li>\n<li>TSV 07 K\u00f6ln-Merheim<\/li>\n<li>TSV Hertha Walheim<\/li>\n<li>GW Mausbach<\/li>\n<li>JSG Raeren-Eynatten<\/li>\n<\/ol>\n<\/td>\n<\/tr>\n<tr>\n<td>\n<h5 style=\"text-align: center;\"><b>U8 &#8211; F-Junioren<\/b><\/h5>\n<p style=\"text-align: center;\">Jahrgang 2003<\/p>\n<p style=\"text-align: center;\">Samstag, 02.07.2011<br \/>\n10:00 &#8211; 12:30 Uhr<\/p>\n<p style=\"text-align: center;\"><span class=\"AA-Link\"><a href=\"\/Events\/Sommerfest\/2011\/F2-Junioren_2011.pdf\" target=\"_blank\" rel=\"noopener\">RESULTATE<\/a><\/span><\/p>\n<\/td>\n<td style=\"text-align: left;\">\n<ol>\n<li>FC Inde Hahn 1<\/li>\n<li>VfB 08 Aachen<\/li>\n<li>VfL 08 Vichttal<\/li>\n<li>Jugendsport Wenau<\/li>\n<li>TSV Hertha Walheim<\/li>\n<li>JSV Alsdorf<\/li>\n<li>SV Eilendorf<\/li>\n<li>SC Bardenberg 1930<\/li>\n<li>DJK Raspo Brand<\/li>\n<li>FC Roetgen<\/li>\n<li>DJK FV Haaren<\/li>\n<li>TuS Lammersdorf<\/li>\n<li>FC 08 D\u00fcren-Niederau<\/li>\n<li>VfR W\u00fcrselen<\/li>\n<li>Arminia Eilendorf<\/li>\n<li>FC Inde Hahn 2<\/li>\n<\/ol>\n<\/td>\n<\/tr>\n<tr>\n<td>\n<h5 style=\"text-align: center;\"><b>U9 &#8211; F-Junioren<\/b><\/h5>\n<p style=\"text-align: center;\">Jahrgang 2002<\/p>\n<p style=\"text-align: center;\">Samstag, 02.07.2011<br \/>\n13:00 &#8211; 15:30 Uhr<\/p>\n<p style=\"text-align: center;\"><span class=\"AA-Link\"><a href=\"\/Events\/Sommerfest\/2011\/F1-Junioren_2011.pdf\" target=\"_blank\" rel=\"noopener\">RESULTATE<\/a><\/span><\/p>\n<\/td>\n<td style=\"text-align: left;\">\n<ol>\n<li>FC Inde Hahn 1<\/li>\n<li>FC Roetgen<\/li>\n<li>VfB 08 Aachen<\/li>\n<li>VfL 08 Vichttal<\/li>\n<li>SV Breinig<\/li>\n<li>DJK Raspo Brand<\/li>\n<li>TSV Hertha Walheim<\/li>\n<li>TSV Donnerberg<\/li>\n<li>SC Gr\u00fcn-Wei\u00df Lichtenbusch<\/li>\n<li>FC Inde Hahn 2<\/li>\n<li>Sportfreunde H\u00f6rn<\/li>\n<li>SV Rott<\/li>\n<li>TuS Lammersdorf<\/li>\n<li>Roland Rollesbroich<\/li>\n<li>TSV 07 K\u00f6ln-Merheim<\/li>\n<li>TV Konzen<\/li>\n<\/ol>\n<\/td>\n<\/tr>\n<tr>\n<td width=\"249\">\n<h5 style=\"text-align: center;\"><b>U11 &#8211; E-Junioren<\/b><\/h5>\n<p style=\"text-align: center;\">Jahrg\u00e4nge 2000\/2001<\/p>\n<p style=\"text-align: center;\">Sonntag, 03.07.2011<br \/>\n13:00 &#8211; 15:30 Uhr<\/p>\n<p style=\"text-align: center;\"><span class=\"AA-Link\"><a href=\"\/Events\/Sommerfest\/2011\/E-Junioren_2011.pdf\" target=\"_blank\" rel=\"noopener\">RESULTATE<\/a><\/span><\/p>\n<\/td>\n<td width=\"513\">\n<ol>\n<li style=\"text-align: left;\">FC Inde Hahn<\/li>\n<li style=\"text-align: left;\">SV Breinig 1<\/li>\n<li style=\"text-align: left;\">SV Breinig 2<\/li>\n<li style=\"text-align: left;\">Jugendsport Wenau<\/li>\n<li style=\"text-align: left;\">Gr\u00fcn Wei\u00df Mausbach<\/li>\n<li style=\"text-align: left;\">TSV Hertha Walheim<\/li>\n<li style=\"text-align: left;\">TSV Donnerberg<\/li>\n<li style=\"text-align: left;\">SC Gr\u00fcn-Wei\u00df Lichtenbusch<\/li>\n<li style=\"text-align: left;\">Sportfreunde H\u00f6rn<\/li>\n<li style=\"text-align: left;\">SV Rott<\/li>\n<li style=\"text-align: left;\">DJK FV Haaren<\/li>\n<li style=\"text-align: left;\">FC Roetgen 1<\/li>\n<li style=\"text-align: left;\">FC Roetgen 2<\/li>\n<li style=\"text-align: left;\">SSV Viktoria Katzem<\/li>\n<li style=\"text-align: left;\">FC 08 D\u00fcren-Niederau<\/li>\n<li style=\"text-align: left;\">DJK Raspo Brand<\/li>\n<\/ol>\n<\/td>\n<\/tr>\n<tr>\n<td width=\"249\">\n<h5 style=\"text-align: center;\"><b>U12 &#8211; D-Junioren<\/b><\/h5>\n<p style=\"text-align: center;\">Jahrgang 1999<\/p>\n<p style=\"text-align: center;\">Sonntag, 03.07.2011<br \/>\n16:00 &#8211; 18:30 Uhr<\/p>\n<p style=\"text-align: center;\"><a href=\"\/Events\/Sommerfest\/2011\/D-Junioren_2011.pdf\" target=\"_blank\" rel=\"noopener\">RESULTATE<\/a><\/p>\n<\/td>\n<td width=\"513\">\n<ol>\n<li style=\"text-align: left;\">FC Inde Hahn<\/li>\n<li style=\"text-align: left;\">Rhenania W\u00fcrselen<\/li>\n<li style=\"text-align: left;\">DJK Westwacht Aachen<\/li>\n<li style=\"text-align: left;\">SV Nothberg<\/li>\n<li style=\"text-align: left;\">SC Gr\u00fcn-Wei\u00df Lichtenbusch<\/li>\n<li style=\"text-align: left;\">VfL 08 Vichttal<\/li>\n<li style=\"text-align: left;\">SV Rott<\/li>\n<li style=\"text-align: left;\">FC Roetgen<\/li>\n<\/ol>\n<\/td>\n<\/tr>\n<tr>\n<td width=\"249\">\n<h5 style=\"text-align: center;\"><b>U15 &#8211; C-Junioren<\/b><\/h5>\n<p style=\"text-align: center;\">Jahrg\u00e4nge 1996\/1997<\/p>\n<p style=\"text-align: center;\">Samstag, 02.07.2011<br \/>\n18:00 &#8211; 20:30 Uhr<\/p>\n<p><!--\n\n<p style=\"text-align: center;\"><a href=\"\/Events\/Sommerfest\/2011\/C-Junioren_2011.pdf\" target=\"_blank\" rel=\"noopener\">RESULTATE<\/a><\/p>\n\n-->\n<\/td>\n<td width=\"513\">\n<ol>\n<li style=\"text-align: left;\">FC Inde Hahn 1<\/li>\n<li style=\"text-align: left;\">FC Inde Hahn 2<\/li>\n<li style=\"text-align: left;\">SV Breinig<\/li>\n<li style=\"text-align: left;\">Roland Rollesbroich<\/li>\n<li style=\"text-align: left;\">SV N\u00f6rvenich\/Hochkirchen<\/li>\n<li style=\"text-align: left;\">Kohlscheider BC<\/li>\n<li style=\"text-align: left;\">TSV Hertha Walheim<\/li>\n<li style=\"text-align: left;\">SC Gr\u00fcn-Wei\u00df Lichtenbusch<\/li>\n<\/ol>\n<\/td>\n<\/tr>\n<\/tbody>\n<\/table>\n<\/td>\n<\/tr>\n<\/tbody>\n<\/table>\n<div class=\"shariff\" data-title=\"HAHNER SOMMERFEST 2011\" data-info-url=\"http:\/\/ct.de\/-2467514\" data-backend-url=\"https:\/\/indehahn.de\/wp-content\/plugins\/shariff-sharing_UNUSED\/backend\/index.php\" data-temp=\"\/tmp\" data-ttl=\"60\" data-service=\"\" data-services='[\"facebook\",\"whatsapp\",\"mail\"]' data-image=\"\" data-url=\"https:\/\/indehahn.de\/?page_id=11786\" data-lang=\"de\" data-theme=\"color\" data-orientation=\"horizontal\"><\/div>","protected":false},"excerpt":{"rendered":"<p>Im Rahmen des Hahner Sommerfestes veranstaltete der FC Inde Hahn am 02. und 03. Juni 2011 Kleinfeld-Turniere f\u00fcr Fu\u00dfball-Juniorenteams der Altersklassen U6 bis U15. Es folgt eine \u00dcbersicht der teilnehmenden Mannschaften und der Resultate:&#46;&#46;&#46;<\/p>\n","protected":false},"author":6,"featured_media":0,"parent":11755,"menu_order":0,"comment_status":"closed","ping_status":"closed","template":"","meta":{"ngg_post_thumbnail":0,"footnotes":""},"class_list":["post-11786","page","type-page","status-publish","hentry"],"_links":{"self":[{"href":"https:\/\/indehahn.de\/index.php?rest_route=\/wp\/v2\/pages\/11786","targetHints":{"allow":["GET"]}}],"collection":[{"href":"https:\/\/indehahn.de\/index.php?rest_route=\/wp\/v2\/pages"}],"about":[{"href":"https:\/\/indehahn.de\/index.php?rest_route=\/wp\/v2\/types\/page"}],"author":[{"embeddable":true,"href":"https:\/\/indehahn.de\/index.php?rest_route=\/wp\/v2\/users\/6"}],"replies":[{"embeddable":true,"href":"https:\/\/indehahn.de\/index.php?rest_route=%2Fwp%2Fv2%2Fcomments&post=11786"}],"version-history":[{"count":7,"href":"https:\/\/indehahn.de\/index.php?rest_route=\/wp\/v2\/pages\/11786\/revisions"}],"predecessor-version":[{"id":11794,"href":"https:\/\/indehahn.de\/index.php?rest_route=\/wp\/v2\/pages\/11786\/revisions\/11794"}],"up":[{"embeddable":true,"href":"https:\/\/indehahn.de\/index.php?rest_route=\/wp\/v2\/pages\/11755"}],"wp:attachment":[{"href":"https:\/\/indehahn.de\/index.php?rest_route=%2Fwp%2Fv2%2Fmedia&parent=11786"}],"curies":[{"name":"wp","href":"https:\/\/api.w.org\/{rel}","templated":true}]}}