{"id":11951,"date":"2019-03-16T23:26:43","date_gmt":"2019-03-16T22:26:43","guid":{"rendered":"https:\/\/inde-hahn.de\/?page_id=11951"},"modified":"2026-04-15T15:48:58","modified_gmt":"2026-04-15T13:48:58","slug":"sommerfest-anmeldung","status":"publish","type":"page","link":"https:\/\/indehahn.de\/?page_id=11951","title":{"rendered":"Anmeldung zum Sommer-IBIS-Cup 2026"},"content":{"rendered":"<p><!--Der Sommer-IBIS-Cup 2026 hat bereits stattgefunden. Eine Anmeldung ist nicht mehr m\u00f6glich!--><br \/>\n<!--Eine Anmeldung f\u00fcr den Hahner Sommer-IBIS-Cup 2026 ist in K\u00fcrze m\u00f6glich!--><br \/>\n\n<div class=\"wpcf7 no-js\" id=\"wpcf7-f11484-o1\" lang=\"de-DE\" dir=\"ltr\" data-wpcf7-id=\"11484\">\n<div class=\"screen-reader-response\"><p role=\"status\" aria-live=\"polite\" aria-atomic=\"true\"><\/p> <ul><\/ul><\/div>\n<form action=\"\/index.php?rest_route=%2Fwp%2Fv2%2Fpages%2F11951#wpcf7-f11484-o1\" method=\"post\" class=\"wpcf7-form init\" aria-label=\"Kontaktformular\" novalidate=\"novalidate\" data-status=\"init\">\n<fieldset class=\"hidden-fields-container\"><input type=\"hidden\" name=\"_wpcf7\" value=\"11484\" \/><input type=\"hidden\" name=\"_wpcf7_version\" value=\"6.1.5\" \/><input type=\"hidden\" name=\"_wpcf7_locale\" value=\"de_DE\" \/><input type=\"hidden\" name=\"_wpcf7_unit_tag\" value=\"wpcf7-f11484-o1\" \/><input type=\"hidden\" name=\"_wpcf7_container_post\" value=\"0\" \/><input type=\"hidden\" name=\"_wpcf7_posted_data_hash\" value=\"\" \/>\n<\/fieldset>\n<p>Auf dieser Seite k\u00f6nnt Ihr Euer Team oder auch mehrere Mannschaften Eures Vereins f\u00fcr die Hahner Sommerturniere anmelden. F\u00fcllt bitte alle Pflichtfelder (*) aus, damit wir mit Euch in Kontakt treten k\u00f6nnen. Bitte beachtet auch die <a href=\"http:\/\/indehahn.de\/?page_id=11005\" target=\"_blank\" rel=\"noopener\">Datenschutzerkl\u00e4rung zu unseren Anmeldeformularen<\/a>.\n<\/p>\n<p><br \/>\n<label for=\"your-club\">Vereinsname *<\/label><span class=\"wpcf7-form-control-wrap\" data-name=\"your-club\"><input size=\"40\" maxlength=\"400\" class=\"wpcf7-form-control wpcf7-text wpcf7-validates-as-required\" id=\"your-club\" aria-required=\"true\" aria-invalid=\"false\" value=\"\" type=\"text\" name=\"your-club\" \/><\/span>\n<\/p>\n<p><label for=\"your-name\">Ansprechpartner *<\/label><span class=\"wpcf7-form-control-wrap\" data-name=\"your-name\"><input size=\"40\" maxlength=\"400\" class=\"wpcf7-form-control wpcf7-text wpcf7-validates-as-required\" id=\"your-name\" aria-required=\"true\" aria-invalid=\"false\" value=\"\" type=\"text\" name=\"your-name\" \/><\/span>\n<\/p>\n<p><label for=\"your-email\">E-Mail-Adresse *<\/label><span class=\"wpcf7-form-control-wrap\" data-name=\"your-email\"><input size=\"40\" maxlength=\"400\" class=\"wpcf7-form-control wpcf7-email wpcf7-validates-as-required wpcf7-text wpcf7-validates-as-email\" id=\"your-email\" aria-required=\"true\" aria-invalid=\"false\" value=\"\" type=\"email\" name=\"your-email\" \/><\/span>\n<\/p>\n<p><label for=\"your-phone\">Telefonnummer<\/label><span class=\"wpcf7-form-control-wrap\" data-name=\"your-phone\"><input size=\"40\" maxlength=\"400\" class=\"wpcf7-form-control wpcf7-text\" aria-invalid=\"false\" value=\"\" type=\"text\" name=\"your-phone\" \/><\/span>\n<\/p>\n<p><label for=\"ID_SF_SATURDAY\"> Samstag, 27.06.26<\/label><span class=\"wpcf7-form-control-wrap\" data-name=\"checkbox-sommerfest-saturday\"><span class=\"wpcf7-form-control wpcf7-checkbox\" id=\"ID_SF_SATURDAY\"><span class=\"wpcf7-list-item first\"><input type=\"checkbox\" name=\"checkbox-sommerfest-saturday[]\" value=\"10:00 Uhr Minis (U6, Jg. 2020 und j\u00fcnger)\" \/><span class=\"wpcf7-list-item-label\">10:00 Uhr Minis (U6, Jg. 2020 und j\u00fcnger)<\/span><\/span><span class=\"wpcf7-list-item\"><input type=\"checkbox\" name=\"checkbox-sommerfest-saturday[]\" value=\"10:00 Uhr Bambini (U7, Jg. 2019)\" \/><span class=\"wpcf7-list-item-label\">10:00 Uhr Bambini (U7, Jg. 2019)<\/span><\/span><span class=\"wpcf7-list-item\"><input type=\"checkbox\" name=\"checkbox-sommerfest-saturday[]\" value=\"13:00 Uhr E2-Junioren (U10, Jg. 2016)\" \/><span class=\"wpcf7-list-item-label\">13:00 Uhr E2-Junioren (U10, Jg. 2016)<\/span><\/span><span class=\"wpcf7-list-item last\"><input type=\"checkbox\" name=\"checkbox-sommerfest-saturday[]\" value=\"16:00 Uhr E1-Junioren (U11, Jg. 2015)\" \/><span class=\"wpcf7-list-item-label\">16:00 Uhr E1-Junioren (U11, Jg. 2015)<\/span><\/span><\/span><\/span>\n<\/p>\n<p><label for=\"ID_SF_SUNDAY\"> Sonntag, 28.06.26<\/label><span class=\"wpcf7-form-control-wrap\" data-name=\"checkbox-sommerfest-sunday\"><span class=\"wpcf7-form-control wpcf7-checkbox\" id=\"ID_SF_SUNDAY\"><span class=\"wpcf7-list-item first\"><input type=\"checkbox\" name=\"checkbox-sommerfest-sunday[]\" value=\"10:00 Uhr F2-Junioren (U8, Jg. 2018)\" \/><span class=\"wpcf7-list-item-label\">10:00 Uhr F2-Junioren (U8, Jg. 2018)<\/span><\/span><span class=\"wpcf7-list-item last\"><input type=\"checkbox\" name=\"checkbox-sommerfest-sunday[]\" value=\"13:00 Uhr F1-Junioren (U9, Jg. 2017)\" \/><span class=\"wpcf7-list-item-label\">13:00 Uhr F1-Junioren (U9, Jg. 2017)<\/span><\/span><\/span><\/span>\n<\/p>\n<p><label for=\"your-message\">Anmerkung<\/label><span class=\"wpcf7-form-control-wrap\" data-name=\"your-message\"><textarea cols=\"40\" rows=\"10\" maxlength=\"2000\" class=\"wpcf7-form-control wpcf7-textarea\" id=\"your-message\" aria-invalid=\"false\" name=\"your-message\"><\/textarea><\/span>\n<\/p>\n<p>Bitte folgenden Code eingeben:\n<\/p>\n<p><input type=\"hidden\" name=\"_wpcf7_captcha_challenge_captcha-453\" value=\"1996944001\" \/><img loading=\"lazy\" decoding=\"async\" class=\"wpcf7-form-control wpcf7-captchac wpcf7-captcha-captcha-453\" width=\"84\" height=\"28\" alt=\"captcha\" src=\"https:\/\/indehahn.de\/wp-content\/uploads\/wpcf7_captcha\/1996944001.png\" \/><br \/>\n<span class=\"wpcf7-form-control-wrap\" data-name=\"captcha-453\"><input size=\"40\" class=\"wpcf7-form-control wpcf7-captchar\" autocomplete=\"off\" aria-invalid=\"false\" value=\"\" type=\"text\" name=\"captcha-453\" \/><\/span>\n<\/p>\n<p><input class=\"wpcf7-form-control wpcf7-submit has-spinner\" type=\"submit\" value=\"Anmeldung abschicken\" \/>\n<\/p>\n<hr \/>\n<p><br \/>\nAnmeldungen werden in der Reihenfolge ihres Eintreffens bearbeitet. Ihr erhaltet schnellstm\u00f6glich eine R\u00fcckmeldung.\n<\/p><p style=\"display: none !important;\" class=\"akismet-fields-container\" data-prefix=\"_wpcf7_ak_\"><label>&#916;<textarea name=\"_wpcf7_ak_hp_textarea\" cols=\"45\" rows=\"8\" maxlength=\"100\"><\/textarea><\/label><input type=\"hidden\" id=\"ak_js_1\" name=\"_wpcf7_ak_js\" value=\"200\"\/><script>\ndocument.getElementById( \"ak_js_1\" ).setAttribute( \"value\", ( new Date() ).getTime() );\n<\/script>\n<\/p><div class=\"wpcf7-response-output\" aria-hidden=\"true\"><\/div>\n<\/form>\n<\/div>\n<\/p>\n<div class=\"shariff\" data-title=\"Anmeldung zum Sommer-IBIS-Cup 2026\" data-info-url=\"http:\/\/ct.de\/-2467514\" data-backend-url=\"https:\/\/indehahn.de\/wp-content\/plugins\/shariff-sharing_UNUSED\/backend\/index.php\" data-temp=\"\/tmp\" data-ttl=\"60\" data-service=\"\" data-services='[\"facebook\",\"whatsapp\",\"mail\"]' data-image=\"\" data-url=\"https:\/\/indehahn.de\/?page_id=11951\" data-lang=\"de\" data-theme=\"color\" data-orientation=\"horizontal\"><\/div>","protected":false},"excerpt":{"rendered":"","protected":false},"author":6,"featured_media":0,"parent":11534,"menu_order":0,"comment_status":"closed","ping_status":"closed","template":"","meta":{"ngg_post_thumbnail":0,"footnotes":""},"class_list":["post-11951","page","type-page","status-publish","hentry"],"_links":{"self":[{"href":"https:\/\/indehahn.de\/index.php?rest_route=\/wp\/v2\/pages\/11951","targetHints":{"allow":["GET"]}}],"collection":[{"href":"https:\/\/indehahn.de\/index.php?rest_route=\/wp\/v2\/pages"}],"about":[{"href":"https:\/\/indehahn.de\/index.php?rest_route=\/wp\/v2\/types\/page"}],"author":[{"embeddable":true,"href":"https:\/\/indehahn.de\/index.php?rest_route=\/wp\/v2\/users\/6"}],"replies":[{"embeddable":true,"href":"https:\/\/indehahn.de\/index.php?rest_route=%2Fwp%2Fv2%2Fcomments&post=11951"}],"version-history":[{"count":7,"href":"https:\/\/indehahn.de\/index.php?rest_route=\/wp\/v2\/pages\/11951\/revisions"}],"predecessor-version":[{"id":19343,"href":"https:\/\/indehahn.de\/index.php?rest_route=\/wp\/v2\/pages\/11951\/revisions\/19343"}],"up":[{"embeddable":true,"href":"https:\/\/indehahn.de\/index.php?rest_route=\/wp\/v2\/pages\/11534"}],"wp:attachment":[{"href":"https:\/\/indehahn.de\/index.php?rest_route=%2Fwp%2Fv2%2Fmedia&parent=11951"}],"curies":[{"name":"wp","href":"https:\/\/api.w.org\/{rel}","templated":true}]}}