{"id":12186,"date":"2019-04-27T11:34:57","date_gmt":"2019-04-27T09:34:57","guid":{"rendered":"https:\/\/inde-hahn.de\/?page_id=12186"},"modified":"2019-06-30T23:38:42","modified_gmt":"2019-06-30T21:38:42","slug":"hahner-fun-turnier-2019","status":"publish","type":"page","link":"https:\/\/indehahn.de\/?page_id=12186","title":{"rendered":"Hahner FUN-Turnier 2019"},"content":{"rendered":"<p>Es geh\u00f6rt l\u00e4ngst zur Tradition des Hahner Sommerfestes \u2013 unser FUN-Turnier speziell gedacht f\u00fcr Eltern und Geschwister, Betreuer, Trainer und Fans, die sonst eher seltener gegen den Ball treten. Auch im Jahr 2019 wird das FUN-Turnier wieder stattfinden. Es beginnt am Freitag, dem 28.06.2019 gegen 19:00 Uhr auf der Sportanlage am Hahner Kitzenhausweg und Ihr seid alle herzlich eingeladen mitzuspielen!<\/p>\n<p><u><b>Austragungsmodus<\/b><\/u><br \/>\nGespielt wird auf bis zu 4 Kleinfeldern im bew\u00e4hrten Modus &#8218;Schweizer System&#8216;. Maximal k\u00f6nnen 16 Mannschaften teilnehmen.<br \/>\nEs soll nat\u00fcrlich in erster Linie um den Spa\u00df am gemeinschaftlichen Kicken gehen. Es gab allerdings in den letzten Jahren immer wieder mal Fragen und unklare Regelungen, so dass wir uns die M\u00fche gemacht haben, alles Wissenswerte zum FUN-Turnier in einer <a href=\"\/Events\/Sommerfest\/2019\/FUN-Turnierordnung.pdf\">Turnierordnung<\/a> zusammenzufassen. Besonders hervorzuheben sind hierin der erste und der letzte Paragraph. In diesem Sinne w\u00fcnschen uns schon jetzt ein fr\u00f6hliches und faires FUN-Turnier 2019.<\/p>\n<p><u><b>Anmeldung<\/b><\/u><br \/>\nMit 16 teilnehmenden Teams ist unser FUN-Turnier f\u00fcr dieses Jahr leider bereits ausgebucht. Weitere Teams, die beim Ausfall einer Mannschaft nachr\u00fccken m\u00f6chten, k\u00f6nnen sich gerne per Mail an die <a href=\"mailto:turnierkoordination@indehahn.de\" target=\"_blank\" rel=\"noopener noreferrer\">Turnierkoordination<\/a> wenden.<br \/>\n<!--\nUm Euch anzumelden f\u00fcllt bitte das folgende Formular aus. Gebt Euren Namen (f\u00fcr R\u00fcckfragen auch Mail-Adresse und Telefonnummer), den Namen Eures Teams und wenn n\u00f6tig eine kurze Bemerkung dazu ein! Beachtet bitte unsere <a href=\"\/?page_id=11005\">Datenschutzerkl\u00e4rung zu Anmeldeformularen<\/a>!\n\n\n<div style=\"overflow: auto; width: 100%;\">\n\n\n<form id=\"add_funturnierteam\" action=\"\/Events\/Sommerfest\/dienste\/addFunTeam.php\" method=\"post\" name=\"add_funturnierteam\">\n\n\n<table class=\"alignleft\" style=\"width: 100%; min-width: 200px;\">\n\n\n<tbody>\n\n\n<tr>\n\n\n<td><label accesskey=\"1\" for=\"nachnameSofe2019\">Nachname:<\/label><\/td>\n\n\n\n\n<td><input id=\"nachnameSofe2019\" class=\"normal\" maxlength=\"64\" name=\"nachnameSofe2019\" size=\"30\" type=\"text\"><\/td>\n\n\n<\/tr>\n\n\n\n\n<tr>\n\n\n<td><label accesskey=\"2\" for=\"vornameSofe2019\">Vorname:<\/label><\/td>\n\n\n\n\n<td><input id=\"vornameSofe2019\" class=\"normal\" maxlength=\"64\" name=\"vornameSofe2019\" size=\"30\" type=\"text\"><\/td>\n\n\n<\/tr>\n\n\n\n\n<tr>\n\n\n<td><label accesskey=\"3\" for=\"mailSofe2019\">Mail-Adresse:<\/label><\/td>\n\n\n\n\n<td><input id=\"mailSofe2019\" class=\"normal\" maxlength=\"64\" name=\"mailSofe2019\" size=\"30\" type=\"text\"><\/td>\n\n\n<\/tr>\n\n\n\n\n<tr>\n\n\n<td><label accesskey=\"4\" for=\"telefonSofe2019\">Telefon:<\/label><\/td>\n\n\n\n\n<td><input id=\"telefonSofe2019\" class=\"normal\" maxlength=\"64\" name=\"telefonSofe2019\" size=\"30\" type=\"text\"><\/td>\n\n\n<\/tr>\n\n\n\n\n<tr>\n\n\n<td><label accesskey=\"5\" for=\"funteamSofe2019\">Team-Name:<\/label><\/td>\n\n\n\n\n<td><input id=\"funteamSofe2019\" class=\"normal\" maxlength=\"64\" name=\"funteamSofe2019\" size=\"30\" type=\"text\"><\/td>\n\n\n<\/tr>\n\n\n\n\n<tr>\n\n\n<td><label accesskey=\"9\" for=\"bemerkungSofe2019\">Bemerkung:<\/label><\/td>\n\n\n\n\n<td><textarea id=\"bemerkungSofe2019\" cols=\"40\" name=\"bemerkungSofe2019\" rows=\"3\"><\/textarea><\/td>\n\n\n<\/tr>\n\n\n\n\n<tr>\n\n\n<td>&nbsp;<\/td>\n\n\n\n\n<td style=\"text-align: left;\"><input id=\"d-submit\" type=\"submit\" value=\"Anmelden\"><\/td>\n\n\n<\/tr>\n\n\n<\/tbody>\n\n\n<\/table>\n\n\n<\/form>\n\n<\/div>\n\n\n--><\/p>\n<h6>TEILNEHMER BEIM HAHNER FUN-TURNIER 2019<\/h6>\n<table width=\"337\">\n<tbody>\n<tr>\n<td width=\"337\">1. Hahner Traditionsmannschaft<\/td>\n<\/tr>\n<tr>\n<td>2. Thekenproleten<\/td>\n<\/tr>\n<tr>\n<td>3. FC Abl\u00f6sefrei<\/td>\n<\/tr>\n<tr>\n<td>4. Ajax Dauerstramm<\/td>\n<\/tr>\n<tr>\n<td>5. FC Dorfst\u00fcbchen<\/td>\n<\/tr>\n<tr>\n<td>6. Energie Kopfnuss<\/td>\n<\/tr>\n<tr>\n<td>7. Trinker Treff<\/td>\n<\/tr>\n<tr>\n<td>8. Die wilden Waschlappen<\/td>\n<\/tr>\n<tr>\n<td>9. Arminia Mindestlohn<\/td>\n<\/tr>\n<tr>\n<td>10. Die wilden Hahner<\/td>\n<\/tr>\n<tr>\n<td>11. AS Koma<\/td>\n<\/tr>\n<tr>\n<td>12. Barfu\u00df Jerusalem<\/td>\n<\/tr>\n<tr>\n<td>13. KG Tanzgruppe Friesenrath<\/td>\n<\/tr>\n<tr>\n<td>14. Baewatch United<\/td>\n<\/tr>\n<tr>\n<td>15. Wolverines<\/td>\n<\/tr>\n<tr>\n<td>16. The Outsider<\/td>\n<\/tr>\n<tr>\n<td>17. die Hamburg\u00e4r<\/td>\n<\/tr>\n<\/tbody>\n<\/table>\n<p><!-- insert_php]\nrequire_once(\"https:\/\/indehahn.de\/Events\/Sommerfest\/dienste\/FunTurnier.php\");\n[\/insert_php --><br \/>\n<!--\n\u00c4nderungen sind hier nicht m\u00f6glich. Soll ein Eintrag ge\u00e4ndert oder gel\u00f6scht werden, wendet Euch bitte an die <a href=\"mailto:turnierkoordination@indehahn.de\">Turnierkoordination<\/a>.\n--><\/p>\n<hr>\n<h6>WEITERE INFORMATIONEN<\/h6>\n<ul>\n \t<!--\n\n<li><a href=\"\/?page_id=11005\">Datenschutzerkl\u00e4rung zu Anmeldeformularen<\/a><\/li>\n\n\n \t\n\n<li><a href=\"\/Events\/Sommerfest\/2019\/FUN-Turnierordnung.pdf\">Turnierordnung<\/a><\/li>\n\n--><\/p>\n<li><a href=\"\/?page_id=11534\">Zu den Nachwuchsturnieren<\/a><\/li>\n<\/ul>\n<div class=\"shariff\" data-title=\"Hahner FUN-Turnier 2019\" data-info-url=\"http:\/\/ct.de\/-2467514\" data-backend-url=\"https:\/\/indehahn.de\/wp-content\/plugins\/shariff-sharing_UNUSED\/backend\/index.php\" data-temp=\"\/tmp\" data-ttl=\"60\" data-service=\"\" data-services='[\"facebook\",\"whatsapp\",\"mail\"]' data-image=\"\" data-url=\"https:\/\/indehahn.de\/?page_id=12186\" data-lang=\"de\" data-theme=\"color\" data-orientation=\"horizontal\"><\/div>","protected":false},"excerpt":{"rendered":"<p>Es geh\u00f6rt l\u00e4ngst zur Tradition des Hahner Sommerfestes \u2013 unser FUN-Turnier speziell gedacht f\u00fcr Eltern und Geschwister, Betreuer, Trainer und Fans, die sonst eher seltener gegen den Ball treten. Auch im Jahr 2019 wird&#46;&#46;&#46;<\/p>\n","protected":false},"author":6,"featured_media":0,"parent":11534,"menu_order":0,"comment_status":"closed","ping_status":"closed","template":"","meta":{"ngg_post_thumbnail":0,"footnotes":""},"class_list":["post-12186","page","type-page","status-publish","hentry"],"_links":{"self":[{"href":"https:\/\/indehahn.de\/index.php?rest_route=\/wp\/v2\/pages\/12186","targetHints":{"allow":["GET"]}}],"collection":[{"href":"https:\/\/indehahn.de\/index.php?rest_route=\/wp\/v2\/pages"}],"about":[{"href":"https:\/\/indehahn.de\/index.php?rest_route=\/wp\/v2\/types\/page"}],"author":[{"embeddable":true,"href":"https:\/\/indehahn.de\/index.php?rest_route=\/wp\/v2\/users\/6"}],"replies":[{"embeddable":true,"href":"https:\/\/indehahn.de\/index.php?rest_route=%2Fwp%2Fv2%2Fcomments&post=12186"}],"version-history":[{"count":11,"href":"https:\/\/indehahn.de\/index.php?rest_route=\/wp\/v2\/pages\/12186\/revisions"}],"predecessor-version":[{"id":12230,"href":"https:\/\/indehahn.de\/index.php?rest_route=\/wp\/v2\/pages\/12186\/revisions\/12230"}],"up":[{"embeddable":true,"href":"https:\/\/indehahn.de\/index.php?rest_route=\/wp\/v2\/pages\/11534"}],"wp:attachment":[{"href":"https:\/\/indehahn.de\/index.php?rest_route=%2Fwp%2Fv2%2Fmedia&parent=12186"}],"curies":[{"name":"wp","href":"https:\/\/api.w.org\/{rel}","templated":true}]}}