{"id":125,"date":"2015-02-11T11:41:33","date_gmt":"2015-02-11T10:41:33","guid":{"rendered":"http:\/\/inde-hahn.de\/?page_id=125"},"modified":"2023-12-13T11:17:41","modified_gmt":"2023-12-13T10:17:41","slug":"impressum","status":"publish","type":"page","link":"https:\/\/indehahn.de\/?page_id=125","title":{"rendered":"IMPRESSUM"},"content":{"rendered":"<table style=\"width: 100%; border: 1px solid #eeeeee;\">\n<tbody>\n<tr>\n<td style=\"text-align: left; vertical-align: top;\">Herausgeber (inhaltl. verantwortlich gem\u00e4\u00df \u00a76 MDSTV)<\/td>\n<td style=\"text-align: left;\">FC Inde Hahn e.V.<br \/>\nHahner Str. 43a<br \/>\n52076 Aachen-Hahn<\/td>\n<\/tr>\n<tr>\n<td style=\"text-align: left; vertical-align: top;\">Sportplatz<\/td>\n<td style=\"text-align: left;\">Kitzenhausweg 15, 52076 Aachen-Hahn<\/td>\n<\/tr>\n<tr>\n<td style=\"text-align: left; vertical-align: top;\">Vereins-Registernummer<\/td>\n<td style=\"text-align: left;\">VR 1915 im Vereinsregister des Amtsgerichts Aachen<\/td>\n<\/tr>\n<tr>\n<td style=\"text-align: left; vertical-align: top;\">DFB-Vereins-Kennnummer<\/td>\n<td style=\"text-align: left;\">072001061<\/td>\n<\/tr>\n<tr>\n<td style=\"text-align: left; vertical-align: top;\">Vorsitzender<\/td>\n<td style=\"text-align: left;\"><a href=\"mailto:karsten.kasperek@indehahn.de\">Karsten Kasperek<\/a><\/td>\n<\/tr>\n<tr>\n<td style=\"text-align: left; vertical-align: top;\">eMail<\/td>\n<td style=\"text-align: left;\"><a href=\"mailto:post@indehahn.de\">post@indehahn.de<\/a><\/td>\n<\/tr>\n<tr>\n<td style=\"text-align: left; vertical-align: top;\">Internet<\/td>\n<td style=\"text-align: left;\"><a href=\"http:\/\/www.indehahn.de\">www.indehahn.de<\/a><\/td>\n<\/tr>\n<tr>\n<td style=\"text-align: left; vertical-align: top;\">Erstver\u00f6ffentlichung<\/td>\n<td style=\"text-align: left;\">22. November 2002<\/td>\n<\/tr>\n<tr>\n<td style=\"text-align: left; vertical-align: top;\">Copyright<\/td>\n<td style=\"text-align: left;\">Die auf dieser Website wiedergegebenen Texte, Bilder und audiovisuellen Inhalte sowie das Layout und Design der Website sind urheberrechtlich gesch\u00fctzt und d\u00fcrfen ohne vorherige Zustimmung des Rechteinhabers nicht zu anderen als rein privaten Zwecken verwendet werden. Insbesondere ist eine \u00f6ffentliche Wiedergabe oder Ver\u00e4nderung der Inhalte unzul\u00e4ssig.<\/td>\n<\/tr>\n<tr>\n<td style=\"text-align: left; vertical-align: top;\">Rechtlicher Hinweis<\/td>\n<td style=\"text-align: left;\">Mit Urteil vom 12. Mai 1998 \u2013 312 O 85\/98 &#8211; &#8222;Haftung f\u00fcr Link&#8220; hat das Landgericht Hamburg entschieden, dass man durch einen Link auf eine andere Website deren Inhalte ggf. mit zu verantworten hat. Dies kann laut dem Landgericht nur verhindert werden, indem man sich ausdr\u00fccklich von diesen Inhalten distanziert. Deshalb distanziert sich der FC Inde Hahn hiermit ausdr\u00fccklich von s\u00e4mtlichen Inhalten aller auf der Website verlinkten fremden Seiten und macht sich deren Inhalte nicht zu eigen. F\u00fcr den Inhalt dieser verlinkten Seiten sind ausschlie\u00dflich deren Betreiber verantwortlich. Diese Erkl\u00e4rung gilt f\u00fcr alle auf den Seiten des FC Inde Hahn vorhandenen fremden Links.<\/td>\n<\/tr>\n<\/tbody>\n<\/table>\n<div class=\"shariff\" data-title=\"IMPRESSUM\" data-info-url=\"http:\/\/ct.de\/-2467514\" data-backend-url=\"https:\/\/indehahn.de\/wp-content\/plugins\/shariff-sharing_UNUSED\/backend\/index.php\" data-temp=\"\/tmp\" data-ttl=\"60\" data-service=\"\" data-services='[\"facebook\",\"whatsapp\",\"mail\"]' data-image=\"\" data-url=\"https:\/\/indehahn.de\/?page_id=125\" data-lang=\"de\" data-theme=\"color\" data-orientation=\"horizontal\"><\/div>","protected":false},"excerpt":{"rendered":"<p>Herausgeber (inhaltl. verantwortlich gem\u00e4\u00df \u00a76 MDSTV) FC Inde Hahn e.V. Hahner Str. 43a 52076 Aachen-Hahn Sportplatz Kitzenhausweg 15, 52076 Aachen-Hahn Vereins-Registernummer VR 1915 im Vereinsregister des Amtsgerichts Aachen DFB-Vereins-Kennnummer 072001061 Vorsitzender Karsten Kasperek eMail&#46;&#46;&#46;<\/p>\n","protected":false},"author":1,"featured_media":0,"parent":11,"menu_order":9,"comment_status":"closed","ping_status":"closed","template":"","meta":{"ngg_post_thumbnail":0,"footnotes":""},"class_list":["post-125","page","type-page","status-publish","hentry"],"_links":{"self":[{"href":"https:\/\/indehahn.de\/index.php?rest_route=\/wp\/v2\/pages\/125","targetHints":{"allow":["GET"]}}],"collection":[{"href":"https:\/\/indehahn.de\/index.php?rest_route=\/wp\/v2\/pages"}],"about":[{"href":"https:\/\/indehahn.de\/index.php?rest_route=\/wp\/v2\/types\/page"}],"author":[{"embeddable":true,"href":"https:\/\/indehahn.de\/index.php?rest_route=\/wp\/v2\/users\/1"}],"replies":[{"embeddable":true,"href":"https:\/\/indehahn.de\/index.php?rest_route=%2Fwp%2Fv2%2Fcomments&post=125"}],"version-history":[{"count":25,"href":"https:\/\/indehahn.de\/index.php?rest_route=\/wp\/v2\/pages\/125\/revisions"}],"predecessor-version":[{"id":18202,"href":"https:\/\/indehahn.de\/index.php?rest_route=\/wp\/v2\/pages\/125\/revisions\/18202"}],"up":[{"embeddable":true,"href":"https:\/\/indehahn.de\/index.php?rest_route=\/wp\/v2\/pages\/11"}],"wp:attachment":[{"href":"https:\/\/indehahn.de\/index.php?rest_route=%2Fwp%2Fv2%2Fmedia&parent=125"}],"curies":[{"name":"wp","href":"https:\/\/api.w.org\/{rel}","templated":true}]}}