{"id":1526,"date":"2015-03-18T15:37:22","date_gmt":"2015-03-18T14:37:22","guid":{"rendered":"http:\/\/inde-hahn.de\/?page_id=1526"},"modified":"2026-03-05T09:58:08","modified_gmt":"2026-03-05T08:58:08","slug":"kitzenhauslauf","status":"publish","type":"page","link":"https:\/\/indehahn.de\/?page_id=1526","title":{"rendered":"HAHNER KITZENHAUSLAUF"},"content":{"rendered":"<p><img decoding=\"async\" src=\"https:\/\/indehahn.de\/wp-content\/uploads\/2019\/01\/poweredbyCarolusThermen.png\" alt=\"\" width=\"90%\" class=\"alignnone size-full wp-image-11731\" srcset=\"https:\/\/indehahn.de\/wp-content\/uploads\/2019\/01\/poweredbyCarolusThermen.png 995w, https:\/\/indehahn.de\/wp-content\/uploads\/2019\/01\/poweredbyCarolusThermen-300x36.png 300w, https:\/\/indehahn.de\/wp-content\/uploads\/2019\/01\/poweredbyCarolusThermen-200x24.png 200w, https:\/\/indehahn.de\/wp-content\/uploads\/2019\/01\/poweredbyCarolusThermen-980x118.png 980w\" sizes=\"(max-width: 995px) 100vw, 995px\" \/><\/p>\n<div style=\"text-align: center; margin-bottom: 30px;\">\n<style type=\"text\/css\">.easingslider-1528 { max-width: 980px; }.easingslider-1528 .easingslider-image { max-height: 300px; max-width: 980px; }.easingslider-1528 .easingslider-fade-in, .easingslider-fade-out { -webkit-animation-duration: 400ms; -moz-animation-duration: 400ms; animation-duration: 400ms; }<\/style><script type=\"text\/javascript\">window.EasingSlider1528 = {\"width\":980,\"height\":300,\"singleItem\":true,\"items\":1,\"itemsDesktop\":false,\"itemsDesktopSmall\":false,\"itemsTablet\":false,\"itemsTabletSmall\":false,\"itemsMobile\":false,\"responsive\":true,\"lazyLoad\":true,\"autoPlay\":2500,\"slideSpeed\":400,\"navigation\":true,\"navigationText\":[\"\",\"\"],\"pagination\":false,\"autoHeight\":false,\"mouseDrag\":false,\"touchDrag\":false,\"addClassActive\":true,\"transitionStyle\":\"fade\"};<\/script><div data-id=\"1528\" class=\"easingslider easingslider-1528 easingslider-container easingslider-aspect-ratio easingslider-arrows-inside\"><div class=\"easingslider-slide\"><img decoding=\"async\" src=\"https:\/\/indehahn.de\/wp-content\/plugins\/easing-slider\/assets\/images\/placeholder-pixel.png\" data-src=\"https:\/\/indehahn.de\/wp-content\/uploads\/2015\/01\/KitzenhauslaufTops1.jpg\" alt=\"\" title=\"\" class=\"easingslider-image easingslider-lazy\" \/><\/div><div class=\"easingslider-slide\"><img decoding=\"async\" src=\"https:\/\/indehahn.de\/wp-content\/plugins\/easing-slider\/assets\/images\/placeholder-pixel.png\" data-src=\"https:\/\/indehahn.de\/wp-content\/uploads\/2015\/01\/KitzenhauslaufTops13.jpg\" alt=\"\" title=\"\" class=\"easingslider-image easingslider-lazy\" \/><\/div><div class=\"easingslider-slide\"><img decoding=\"async\" src=\"https:\/\/indehahn.de\/wp-content\/plugins\/easing-slider\/assets\/images\/placeholder-pixel.png\" data-src=\"https:\/\/indehahn.de\/wp-content\/uploads\/2015\/01\/KitzenhauslaufTops10.jpg\" alt=\"\" title=\"\" class=\"easingslider-image easingslider-lazy\" \/><\/div><div class=\"easingslider-slide\"><img decoding=\"async\" src=\"https:\/\/indehahn.de\/wp-content\/plugins\/easing-slider\/assets\/images\/placeholder-pixel.png\" data-src=\"https:\/\/indehahn.de\/wp-content\/uploads\/2015\/01\/XX2.jpg\" alt=\"\" title=\"\" class=\"easingslider-image easingslider-lazy\" \/><\/div><div class=\"easingslider-slide\"><img decoding=\"async\" src=\"https:\/\/indehahn.de\/wp-content\/plugins\/easing-slider\/assets\/images\/placeholder-pixel.png\" data-src=\"https:\/\/indehahn.de\/wp-content\/uploads\/2015\/01\/KitzenhauslaufBanner17.jpg\" alt=\"\" title=\"\" class=\"easingslider-image easingslider-lazy\" \/><\/div><div class=\"easingslider-slide\"><img decoding=\"async\" src=\"https:\/\/indehahn.de\/wp-content\/plugins\/easing-slider\/assets\/images\/placeholder-pixel.png\" data-src=\"https:\/\/indehahn.de\/wp-content\/uploads\/2015\/01\/KitzenhauslaufTops7.jpg\" alt=\"\" title=\"\" class=\"easingslider-image easingslider-lazy\" \/><\/div><div class=\"easingslider-slide\"><img decoding=\"async\" src=\"https:\/\/indehahn.de\/wp-content\/plugins\/easing-slider\/assets\/images\/placeholder-pixel.png\" data-src=\"https:\/\/indehahn.de\/wp-content\/uploads\/2015\/01\/KitzenhauslaufBanner5.jpg\" alt=\"\" title=\"\" class=\"easingslider-image easingslider-lazy\" \/><\/div><div class=\"easingslider-slide\"><img decoding=\"async\" src=\"https:\/\/indehahn.de\/wp-content\/plugins\/easing-slider\/assets\/images\/placeholder-pixel.png\" data-src=\"https:\/\/indehahn.de\/wp-content\/uploads\/2015\/01\/KitzenhauslaufBanner10.jpg\" alt=\"\" title=\"\" class=\"easingslider-image easingslider-lazy\" \/><\/div><div class=\"easingslider-slide\"><img decoding=\"async\" src=\"https:\/\/indehahn.de\/wp-content\/plugins\/easing-slider\/assets\/images\/placeholder-pixel.png\" data-src=\"https:\/\/indehahn.de\/wp-content\/uploads\/2015\/01\/KitzenhauslaufTops3.jpg\" alt=\"\" title=\"\" class=\"easingslider-image easingslider-lazy\" \/><\/div><div class=\"easingslider-slide\"><img decoding=\"async\" src=\"https:\/\/indehahn.de\/wp-content\/plugins\/easing-slider\/assets\/images\/placeholder-pixel.png\" data-src=\"https:\/\/indehahn.de\/wp-content\/uploads\/2015\/01\/XX1.jpg\" alt=\"\" title=\"\" class=\"easingslider-image easingslider-lazy\" \/><\/div><div class=\"easingslider-slide\"><img decoding=\"async\" src=\"https:\/\/indehahn.de\/wp-content\/plugins\/easing-slider\/assets\/images\/placeholder-pixel.png\" data-src=\"https:\/\/indehahn.de\/wp-content\/uploads\/2015\/01\/KitzenhauslaufBanner16.jpg\" alt=\"\" title=\"\" class=\"easingslider-image easingslider-lazy\" \/><\/div><div class=\"easingslider-slide\"><img decoding=\"async\" src=\"https:\/\/indehahn.de\/wp-content\/plugins\/easing-slider\/assets\/images\/placeholder-pixel.png\" data-src=\"https:\/\/indehahn.de\/wp-content\/uploads\/2015\/01\/KitzenhauslaufTops4.jpg\" alt=\"\" title=\"\" class=\"easingslider-image easingslider-lazy\" \/><\/div><div class=\"easingslider-slide\"><img decoding=\"async\" src=\"https:\/\/indehahn.de\/wp-content\/plugins\/easing-slider\/assets\/images\/placeholder-pixel.png\" data-src=\"https:\/\/indehahn.de\/wp-content\/uploads\/2015\/01\/XX8.jpg\" alt=\"\" title=\"\" class=\"easingslider-image easingslider-lazy\" \/><\/div><div class=\"easingslider-slide\"><img decoding=\"async\" src=\"https:\/\/indehahn.de\/wp-content\/plugins\/easing-slider\/assets\/images\/placeholder-pixel.png\" data-src=\"https:\/\/indehahn.de\/wp-content\/uploads\/2015\/01\/KitzenhauslaufBanner1.jpg\" alt=\"\" title=\"\" class=\"easingslider-image easingslider-lazy\" \/><\/div><div class=\"easingslider-slide\"><img decoding=\"async\" src=\"https:\/\/indehahn.de\/wp-content\/plugins\/easing-slider\/assets\/images\/placeholder-pixel.png\" data-src=\"https:\/\/indehahn.de\/wp-content\/uploads\/2015\/01\/KitzenhauslaufBanner14.jpg\" alt=\"\" title=\"\" class=\"easingslider-image easingslider-lazy\" \/><\/div><div class=\"easingslider-slide\"><img decoding=\"async\" src=\"https:\/\/indehahn.de\/wp-content\/plugins\/easing-slider\/assets\/images\/placeholder-pixel.png\" data-src=\"https:\/\/indehahn.de\/wp-content\/uploads\/2015\/01\/KitzenhauslaufTops14.jpg\" alt=\"\" title=\"\" class=\"easingslider-image easingslider-lazy\" \/><\/div><div class=\"easingslider-slide\"><img decoding=\"async\" src=\"https:\/\/indehahn.de\/wp-content\/plugins\/easing-slider\/assets\/images\/placeholder-pixel.png\" data-src=\"https:\/\/indehahn.de\/wp-content\/uploads\/2015\/01\/KitzenhauslaufTops9.jpg\" alt=\"\" title=\"\" class=\"easingslider-image easingslider-lazy\" \/><\/div><div class=\"easingslider-slide\"><img decoding=\"async\" src=\"https:\/\/indehahn.de\/wp-content\/plugins\/easing-slider\/assets\/images\/placeholder-pixel.png\" data-src=\"https:\/\/indehahn.de\/wp-content\/uploads\/2015\/01\/KitzenhauslaufTops6.jpg\" alt=\"\" title=\"\" class=\"easingslider-image easingslider-lazy\" \/><\/div><div class=\"easingslider-slide\"><img decoding=\"async\" src=\"https:\/\/indehahn.de\/wp-content\/plugins\/easing-slider\/assets\/images\/placeholder-pixel.png\" data-src=\"https:\/\/indehahn.de\/wp-content\/uploads\/2015\/01\/KitzenhauslaufTops5.jpg\" alt=\"\" title=\"\" class=\"easingslider-image easingslider-lazy\" \/><\/div><div class=\"easingslider-slide\"><img decoding=\"async\" src=\"https:\/\/indehahn.de\/wp-content\/plugins\/easing-slider\/assets\/images\/placeholder-pixel.png\" data-src=\"https:\/\/indehahn.de\/wp-content\/uploads\/2015\/01\/XX6.jpg\" alt=\"\" title=\"\" class=\"easingslider-image easingslider-lazy\" \/><\/div><div class=\"easingslider-slide\"><img decoding=\"async\" src=\"https:\/\/indehahn.de\/wp-content\/plugins\/easing-slider\/assets\/images\/placeholder-pixel.png\" data-src=\"https:\/\/indehahn.de\/wp-content\/uploads\/2015\/01\/KitzenhauslaufBanner8.jpg\" alt=\"\" title=\"\" class=\"easingslider-image easingslider-lazy\" \/><\/div><div class=\"easingslider-slide\"><img decoding=\"async\" src=\"https:\/\/indehahn.de\/wp-content\/plugins\/easing-slider\/assets\/images\/placeholder-pixel.png\" data-src=\"https:\/\/indehahn.de\/wp-content\/uploads\/2015\/01\/KitzenhauslaufBanner11.jpg\" alt=\"\" title=\"\" class=\"easingslider-image easingslider-lazy\" \/><\/div><div class=\"easingslider-slide\"><img decoding=\"async\" src=\"https:\/\/indehahn.de\/wp-content\/plugins\/easing-slider\/assets\/images\/placeholder-pixel.png\" data-src=\"https:\/\/indehahn.de\/wp-content\/uploads\/2015\/01\/KitzenhauslaufBanner3.jpg\" alt=\"\" title=\"\" class=\"easingslider-image easingslider-lazy\" \/><\/div><div class=\"easingslider-slide\"><img decoding=\"async\" src=\"https:\/\/indehahn.de\/wp-content\/plugins\/easing-slider\/assets\/images\/placeholder-pixel.png\" data-src=\"https:\/\/indehahn.de\/wp-content\/uploads\/2015\/01\/KitzenhauslaufTops8.jpg\" alt=\"\" title=\"\" class=\"easingslider-image easingslider-lazy\" \/><\/div><div class=\"easingslider-slide\"><img decoding=\"async\" src=\"https:\/\/indehahn.de\/wp-content\/plugins\/easing-slider\/assets\/images\/placeholder-pixel.png\" data-src=\"https:\/\/indehahn.de\/wp-content\/uploads\/2015\/01\/XX5.jpg\" alt=\"\" title=\"\" class=\"easingslider-image easingslider-lazy\" \/><\/div><div class=\"easingslider-slide\"><img decoding=\"async\" src=\"https:\/\/indehahn.de\/wp-content\/plugins\/easing-slider\/assets\/images\/placeholder-pixel.png\" data-src=\"https:\/\/indehahn.de\/wp-content\/uploads\/2015\/01\/XX3.jpg\" alt=\"\" title=\"\" class=\"easingslider-image easingslider-lazy\" \/><\/div><div class=\"easingslider-slide\"><img decoding=\"async\" src=\"https:\/\/indehahn.de\/wp-content\/plugins\/easing-slider\/assets\/images\/placeholder-pixel.png\" data-src=\"https:\/\/indehahn.de\/wp-content\/uploads\/2015\/01\/XX4.jpg\" alt=\"\" title=\"\" class=\"easingslider-image easingslider-lazy\" \/><\/div><div class=\"easingslider-slide\"><img decoding=\"async\" src=\"https:\/\/indehahn.de\/wp-content\/plugins\/easing-slider\/assets\/images\/placeholder-pixel.png\" data-src=\"https:\/\/indehahn.de\/wp-content\/uploads\/2015\/01\/KitzenhauslaufTops11.jpg\" alt=\"\" title=\"\" class=\"easingslider-image easingslider-lazy\" \/><\/div><div class=\"easingslider-slide\"><img decoding=\"async\" src=\"https:\/\/indehahn.de\/wp-content\/plugins\/easing-slider\/assets\/images\/placeholder-pixel.png\" data-src=\"https:\/\/indehahn.de\/wp-content\/uploads\/2015\/01\/KitzenhauslaufTops15.jpg\" alt=\"\" title=\"\" class=\"easingslider-image easingslider-lazy\" \/><\/div><div class=\"easingslider-slide\"><img decoding=\"async\" src=\"https:\/\/indehahn.de\/wp-content\/plugins\/easing-slider\/assets\/images\/placeholder-pixel.png\" data-src=\"https:\/\/indehahn.de\/wp-content\/uploads\/2015\/01\/KitzenhauslaufBanner12.jpg\" alt=\"\" title=\"\" class=\"easingslider-image easingslider-lazy\" \/><\/div><div class=\"easingslider-slide\"><img decoding=\"async\" src=\"https:\/\/indehahn.de\/wp-content\/plugins\/easing-slider\/assets\/images\/placeholder-pixel.png\" data-src=\"https:\/\/indehahn.de\/wp-content\/uploads\/2015\/01\/KitzenhauslaufTops12.jpg\" alt=\"\" title=\"\" class=\"easingslider-image easingslider-lazy\" \/><\/div><\/div>\n<\/div>\n<p>Der Hahner Kitzenhauslauf geh\u00f6rt seit vielen Jahren zu den beliebtesten Lauf-Veranstaltungen im Dreil\u00e4ndereck Deutschland\/Belgien\/Niederlande. Die wundersch\u00f6nen Laufstrecken im Aachener S\u00fcden sind naturnah, h\u00fcgelig und abwechslungsreich und verlaufen teilweise auf dem Eifelsteig. Wir legen ganz besonderen Wert auf die famili\u00e4re Atmosph\u00e4re &#8211; bei unseren Lauf- und Walkingstrecken \u00fcber 300 Meter f\u00fcr Bambini, 1 km f\u00fcr Sch\u00fcler sowie 4,2 km (Zehntelmarathon &#8222;Small Kitz&#8220;), 10 km (&#8222;Kitz10&#8220;) und 21,1 km (Halbmarathon &#8222;Big Kitz&#8220;) f\u00fcr Jugendliche und Erwachsene ist wirklich f\u00fcr jede(n) etwas dabei. Dazu gute Musik, leckeres Essen mit umfangreichem Kuchenbuffet sowie viele viele  gut gelaunte Menschen &#8211; was will man mehr?<\/p>\n<p>Alle Wettbewerbe au\u00dfer Bambinilauf und Walking geh\u00f6ren zu den Wertungsl\u00e4ufen des <a href=\"https:\/\/www.regioaachenlaufcup.de\" target=\"_blank\">Regio Aachen Laufcup<\/a>.<\/p>\n<hr \/>\n<div class=\"block-title\">22. HAHNER KITZENHAUSLAUF AM 14. JUNI 2026<\/div>\n<div style=\"float: left; width: 95%; padding-left: 20px; font-size: 11pt; margin-bottom: 20px; line-height: 1.8em;\">\n<!-- <a href=\"https:\/\/my2.raceresult.com\/115171\/results?lang=de\" rel=\"noopener noreferrer\" target=\"_blank\">ERGEBNISSE & URKUNDEN<\/a> --><br \/>\n10:00: <strong>10 km Walking und Nordic Walking<\/strong><br \/>\n10:15: <strong>10 km Volkslauf<\/strong> f\u00fcr Jahrg\u00e4nge 2012 und \u00e4lter<br \/>\n11:55: <strong>Halbmarathon<\/strong> f\u00fcr Jahrg\u00e4nge 2010 und \u00e4lter&nbsp;&nbsp;<span style=\"background-color: red; font-weight: bold; color: white; padding: 2px 5px;\">NEU<\/span><br \/>\n12:00: <strong>1 km Sch\u00fclerlauf<\/strong> f\u00fcr Jahrg\u00e4nge 2015 und j\u00fcnger<br \/>\n12:10: <strong>300 m Bambinilauf<\/strong> f\u00fcr Jahrg\u00e4nge 2019 und j\u00fcnger (ohne Zeitnahme)<br \/>\n12:25: <strong>4,2 km Volkslauf<\/strong> f\u00fcr Jahrg\u00e4nge 2016 und \u00e4lter\n<\/div>\n<div class=\"block-title\">ANMELDUNG<\/div>\n<div style=\"float: left; width: 95%; padding-left: 20px; font-size: 11pt; margin-bottom: 20px; margin-top: 30px;\">\n<p><a href=\"https:\/\/my.raceresult.com\/383496\/registration\" target=\"_blank\" rel=\"noopener noreferrer\"><strong>ONLINE-ANMELDUNG<\/strong><\/a><\/p>\n<p>bis sp\u00e4testens Freitag, 12. Juni 2026<\/p>\n<p><!-- Die Online-Anmeldung wird sp\u00e4testens im Februar 2026 ge\u00f6ffnet sein ..... -->\n<\/div>\n<div style=\"float: left; width: 95%; padding-left: 20px; font-size: 11pt;\">\n<!-- Die Voranmeldefrist ist abgelaufen. Eine <strong>Nachmeldung<\/strong> ist am Sonntag bis 30 Minuten vor dem Lauf problemlos an unserem Anmeldezelt neben dem Sportplatz m\u00f6glich.\nbottom\n<span style=\"font-size: 11pt;\">Das <strong>Nachmeldeformular<\/strong> kannst du schon zu Hause \u00f6ffnen, z.B. mit dem Acrobat Reader direkt in der PDF-Datei ausf\u00fcllen, anschlie\u00dfend ausdrucken und am Sonntag mitbringen. Hier ist es: <a href=\"https:\/\/www.indehahn.de\/Nachmeldung2019.pdf\" rel=\"noopener noreferrer\" target=\"_blank\">NACHMELDEFORMULAR<\/a><\/span> --><\/p>\n<p><!-- <a href=\"https:\/\/my.raceresult.com\/147155\/participants?lang=de\" rel=\"noopener noreferrer\" target=\"_blank\">TEILNEHMERLISTE<\/a> --><\/p>\n<\/div>\n<div class=\"block-title\">HIGHLIGHTS<\/div>\n<div style=\"float: left; width: 100%; padding-left: 5px; font-size: 9pt; margin-top: 20px; margin-bottom: 20px;\">\n<ul>\n<li>Laufstrecken vom Feinsten f\u00fcr Gro\u00df und Klein (teilweise auf dem Eifelsteig)<\/li>\n<li>Tolle Gute-Laune-Atmosph\u00e4re auf unserem Kunstrasen-Sportplatz und drumherum<\/li>\n<li>Moderne Chip-Zeitnahme mit Nettozeitmessung<\/li>\n<li>Teilnahme am Bambinilauf kostenlos (inkl. Medaille)\n<li>Teilnahme am Sch\u00fclerlauf nur 3 Euro (inkl. Chip-Zeitnahme und Medaille)<\/li>\n<li>Siegermedaillen f\u00fcr alle Kinder und auf Wunsch auch f\u00fcr Jugendliche und Erwachsene<\/li>\n<li>Rundum-Verpflegungsservice an der Strecke und im Start\/Ziel-Bereich<\/li>\n<li>Urkunden f\u00fcr alle L\u00e4ufer im Internet<\/li>\n<li>Parkpl\u00e4tze f\u00fcr alle direkt neben dem Sportplatz<\/li>\n<li>Live-Ergebnisse im Web<\/li>\n<li>Umfangreiche Fotosammlungen im Web<\/li>\n<li>Reduziertes Startgeld f\u00fcr Jugendliche unter 18<\/li>\n<\/ul>\n<\/div>\n<div class=\"block-title\">TEILNEHMER-INFOS<\/div>\n<div style=\"float: left; width: 100%; padding-left: 20px; font-size: 11pt; margin-bottom: 20px; padding-top: 20px;\">\n<a href=\"https:\/\/indehahn.de\/?page_id=1401\" title=\"Laufstrecken Kitzenhauslauf\"><img decoding=\"async\" src=\"https:\/\/indehahn.de\/LT\/LaufstreckenKlein.jpg\" alt=\"\" class=\"alignnone size-full wp-image-19197\" \/><\/a> <a href=\"https:\/\/www.indehahn.de\/LT\/PlakatKitzenhauslauf2026.png\" title=\"\" target=\"_blank\" rel=\"noopener noreferrer\" data-rel=\"lightbox-image-0\" data-rl_title=\"\" data-rl_caption=\"\"><img decoding=\"async\" src=\"https:\/\/indehahn.de\/LT\/PlakatKitzenhauslauf2026Klein.jpg\" alt=\"Plakat Kitzenhauslauf 2026\" title=\"Plakat Kitzenhauslauf 2026\" style=\"margin-left: 20px; margin-top: 5px; border: 1px solid #BBB;\" class=\"alignnone size-full wp-image-10913\" \/><\/a> <a href=\"https:\/\/www.indehahn.de\/LT\/FlyerKitzenhauslauf2026-Vorderseite.png\" title=\"\" target=\"_blank\" rel=\"noopener noreferrer\" data-rel=\"lightbox-image-1\" data-rl_title=\"\" data-rl_caption=\"\"><img decoding=\"async\" src=\"https:\/\/indehahn.de\/LT\/FlyerKitzenhauslauf2026-VorderseiteKlein.jpg\" alt=\"Flyer Kitzenhauslauf 2026\" title=\"Flyer Kitzenhauslauf 2026\" style=\"margin-left: 20px; margin-top: 5px; border: 1px solid #BBB;\" class=\"alignnone size-full wp-image-10913\" \/><\/a> <a href=\"https:\/\/www.indehahn.de\/LT\/FlyerKitzenhauslauf2026-R\u00fcckseite.png\" title=\"\" target=\"_blank\" rel=\"noopener noreferrer\" data-rel=\"lightbox-image-2\" data-rl_title=\"\" data-rl_caption=\"\"><img decoding=\"async\" src=\"https:\/\/indehahn.de\/LT\/FlyerKitzenhauslauf2026-R\u00fcckseiteKlein.jpg\" alt=\"Flyer Kitzenhauslauf 2026\" title=\"Flyer Kitzenhauslauf 2026\" style=\"margin-left: 20px; margin-top: 5px; border: 1px solid #BBB;\" class=\"alignnone size-full wp-image-10913\" \/><\/a>\n<\/div>\n<div class=\"block-title\">R\u00dcCKBLICK<\/div>\n<div style=\"float: left; width: 100%; padding-left: 20px; font-size: 9pt; margin-top: 20px; margin-bottom: 20px;\">\n<a style=\"font-size: 9pt;\" href=\"https:\/\/indehahn.de\/?p=19045\" title=\"Kitzenhauslauf 2025\">KITZENHAUSLAUF 2025<\/a> | <a style=\"font-size: 9pt;\" href=\"https:\/\/indehahn.de\/?p=18594\" title=\"Kitzenhauslauf 2024\">KITZENHAUSLAUF 2024<\/a> | <a style=\"font-size: 9pt;\" href=\"https:\/\/indehahn.de\/?p=17900\" title=\"Kitzenhauslauf 2023\">KITZENHAUSLAUF 2023<\/a> | <a style=\"font-size: 9pt;\" href=\"https:\/\/indehahn.de\/?p=17212\" title=\"Kitzenhauslauf 2022\">KITZENHAUSLAUF 2022<\/a> | <a style=\"font-size: 9pt;\" href=\"https:\/\/indehahn.de\/?p=12463\" title=\"Kitzenhauslauf 2019\">KITZENHAUSLAUF 2019<\/a><br \/>\n<a style=\"font-size: 9pt;\" href=\"https:\/\/indehahn.de\/?p=11206\" title=\"Kitzenhauslauf 2018\">KITZENHAUSLAUF 2018<\/a> | <a style=\"font-size: 9pt;\" href=\"https:\/\/indehahn.de\/?p=11211\" title=\"Kitzenhauslauf 2017\">KITZENHAUSLAUF 2017<\/a> | <a style=\"font-size: 9pt;\" href=\"https:\/\/indehahn.de\/?p=9151\" title=\"Kitzenhauslauf 2016\">KITZENHAUSLAUF 2016<\/a> | <a style=\"font-size: 9pt;\" href=\"https:\/\/indehahn.de\/?p=7400\" title=\"Kitzenhauslauf 2015\">KITZENHAUSLAUF 2015<\/a> | <a style=\"font-size: 9pt;\" href=\"https:\/\/indehahn.de\/?p=1445\" title=\"Kitzenhauslauf 2014\">KITZENHAUSLAUF 2014<\/a><br \/>\n<a style=\"font-size: 9pt;\" href=\"https:\/\/indehahn.de\/?p=1450\" title=\"Kitzenhauslauf 2013\">KITZENHAUSLAUF 2013<\/a> | <a style=\"font-size: 9pt;\" href=\"https:\/\/indehahn.de\/?p=2557\" title=\"Kitzenhauslauf 2012\">KITZENHAUSLAUF 2012<\/a> | <a style=\"font-size: 9pt;\" href=\"https:\/\/indehahn.de\/?p=2590\" title=\"Kitzenhauslauf 2011\">KITZENHAUSLAUF 2011<\/a> | <a style=\"font-size: 9pt;\" href=\"https:\/\/indehahn.de\/?p=2628\" title=\"Kitzenhauslauf 2010\">KITZENHAUSLAUF 2010<\/a> | <a style=\"font-size: 9pt;\" href=\"https:\/\/indehahn.de\/?p=2649\" title=\"Kitzenhauslauf 2009\">KITZENHAUSLAUF 2009<\/a><br \/>\n<a style=\"font-size: 9pt;\" href=\"https:\/\/indehahn.de\/?p=2661\" title=\"Kitzenhauslauf 2008\">KITZENHAUSLAUF 2008<\/a> | <a style=\"font-size: 9pt;\" href=\"https:\/\/indehahn.de\/?p=4485\" title=\"Kitzenhauslauf 2007\">KITZENHAUSLAUF 2007<\/a> | <a style=\"font-size: 9pt;\" href=\"https:\/\/indehahn.de\/?p=4532\" title=\"Kitzenhauslauf 2006\">KITZENHAUSLAUF 2006<\/a> | <a style=\"font-size: 9pt;\" href=\"https:\/\/indehahn.de\/?p=4556\" title=\"Kitzenhauslauf 2005\">KITZENHAUSLAUF 2005<\/a> | <a style=\"font-size: 9pt;\" href=\"https:\/\/indehahn.de\/?p=4570\" title=\"Kitzenhauslauf 2004\">KITZENHAUSLAUF 2004<\/a><br \/>\n<a style=\"font-size: 9pt;\" href=\"https:\/\/indehahn.de\/?p=4573\" title=\"Kitzenhauslauf 2003\">KITZENHAUSLAUF 2003<\/a>\n<\/div>\n<div class=\"block-title\">WIR BEDANKEN UNS BEI UNSEREN PARTNERN<\/div>\n<div style=\"float: left; width: 100%; padding-left: 20px; font-size: 11pt; margin-top: 20px; margin-bottom: 20px;\">\n<style type=\"text\/css\">.easingslider-1561 { max-width: 940px; }.easingslider-1561 .easingslider-image { max-height: 200px; max-width: 940px; }.easingslider-1561 .easingslider-fade-in, .easingslider-fade-out { -webkit-animation-duration: 400ms; -moz-animation-duration: 400ms; animation-duration: 400ms; }<\/style><script type=\"text\/javascript\">window.EasingSlider1561 = {\"width\":940,\"height\":200,\"singleItem\":true,\"items\":1,\"itemsDesktop\":false,\"itemsDesktopSmall\":false,\"itemsTablet\":false,\"itemsTabletSmall\":false,\"itemsMobile\":false,\"responsive\":true,\"lazyLoad\":true,\"autoPlay\":4000,\"slideSpeed\":400,\"navigation\":true,\"navigationText\":[\"\",\"\"],\"pagination\":false,\"autoHeight\":false,\"mouseDrag\":false,\"touchDrag\":false,\"addClassActive\":true,\"transitionStyle\":\"fade\"};<\/script><div data-id=\"1561\" class=\"easingslider easingslider-1561 easingslider-container easingslider-aspect-ratio easingslider-arrows-inside\"><div class=\"easingslider-slide\"><img decoding=\"async\" src=\"https:\/\/indehahn.de\/wp-content\/plugins\/easing-slider\/assets\/images\/placeholder-pixel.png\" data-src=\"https:\/\/indehahn.de\/wp-content\/uploads\/2015\/01\/ganser_kitzenhauslauf1.gif\" alt=\"\" title=\"\" class=\"easingslider-image easingslider-lazy\" \/><\/div><div class=\"easingslider-slide\"><img decoding=\"async\" src=\"https:\/\/indehahn.de\/wp-content\/plugins\/easing-slider\/assets\/images\/placeholder-pixel.png\" data-src=\"https:\/\/indehahn.de\/wp-content\/uploads\/2025\/06\/IT4STORES_black_small2.png\" alt=\"\" title=\"\" class=\"easingslider-image easingslider-lazy\" \/><\/div><div class=\"easingslider-slide\"><img decoding=\"async\" src=\"https:\/\/indehahn.de\/wp-content\/plugins\/easing-slider\/assets\/images\/placeholder-pixel.png\" data-src=\"https:\/\/indehahn.de\/wp-content\/uploads\/2025\/06\/Carolus_Thermen_-_Logo.png\" alt=\"\" title=\"\" class=\"easingslider-image easingslider-lazy\" \/><\/div><div class=\"easingslider-slide\"><img decoding=\"async\" src=\"https:\/\/indehahn.de\/wp-content\/plugins\/easing-slider\/assets\/images\/placeholder-pixel.png\" data-src=\"https:\/\/indehahn.de\/wp-content\/uploads\/2025\/06\/ReweEsser.png\" alt=\"\" title=\"\" class=\"easingslider-image easingslider-lazy\" \/><\/div><div class=\"easingslider-slide\"><img decoding=\"async\" src=\"https:\/\/indehahn.de\/wp-content\/plugins\/easing-slider\/assets\/images\/placeholder-pixel.png\" data-src=\"https:\/\/indehahn.de\/wp-content\/uploads\/2015\/01\/ibisLogo.gif\" alt=\"\" title=\"\" class=\"easingslider-image easingslider-lazy\" \/><\/div><div class=\"easingslider-slide\"><img decoding=\"async\" src=\"https:\/\/indehahn.de\/wp-content\/plugins\/easing-slider\/assets\/images\/placeholder-pixel.png\" data-src=\"https:\/\/indehahn.de\/wp-content\/uploads\/2025\/06\/PhysioTeam-scaled.jpg\" alt=\"\" title=\"\" class=\"easingslider-image easingslider-lazy\" \/><\/div><div class=\"easingslider-slide\"><img decoding=\"async\" src=\"https:\/\/indehahn.de\/wp-content\/plugins\/easing-slider\/assets\/images\/placeholder-pixel.png\" data-src=\"https:\/\/indehahn.de\/wp-content\/uploads\/2015\/01\/SparkasseAachen.gif\" alt=\"\" title=\"\" class=\"easingslider-image easingslider-lazy\" \/><\/div><div class=\"easingslider-slide\"><img decoding=\"async\" src=\"https:\/\/indehahn.de\/wp-content\/plugins\/easing-slider\/assets\/images\/placeholder-pixel.png\" data-src=\"https:\/\/indehahn.de\/wp-content\/uploads\/2025\/06\/BranderApotheken.png\" alt=\"\" title=\"\" class=\"easingslider-image easingslider-lazy\" \/><\/div><\/div>\n<\/div>\n<div class=\"block-title\">DAS SAGEN UNSERE TEILNEHMER<\/div>\n<div style=\"float: left; width: calc(100% - 10px); padding-left: 5px; font-size: 9pt; margin-top: 20px;\">\n\n<\/div>\n<div class=\"shariff\" data-title=\"HAHNER KITZENHAUSLAUF\" data-info-url=\"http:\/\/ct.de\/-2467514\" data-backend-url=\"https:\/\/indehahn.de\/wp-content\/plugins\/shariff-sharing_UNUSED\/backend\/index.php\" data-temp=\"\/tmp\" data-ttl=\"60\" data-service=\"\" data-services='[\"facebook\",\"whatsapp\",\"mail\"]' data-image=\"https:\/\/indehahn.de\/wp-content\/uploads\/2019\/01\/poweredbyCarolusThermen.png\" data-url=\"https:\/\/indehahn.de\/?page_id=1526\" data-lang=\"de\" data-theme=\"color\" data-orientation=\"horizontal\"><\/div>","protected":false},"excerpt":{"rendered":"<p>Der Hahner Kitzenhauslauf geh\u00f6rt seit vielen Jahren zu den beliebtesten Lauf-Veranstaltungen im Dreil\u00e4ndereck Deutschland\/Belgien\/Niederlande. Die wundersch\u00f6nen Laufstrecken im Aachener S\u00fcden sind naturnah, h\u00fcgelig und abwechslungsreich und verlaufen teilweise auf dem Eifelsteig. Wir legen ganz&#46;&#46;&#46;<\/p>\n","protected":false},"author":1,"featured_media":0,"parent":546,"menu_order":0,"comment_status":"closed","ping_status":"closed","template":"","meta":{"ngg_post_thumbnail":0,"footnotes":""},"class_list":["post-1526","page","type-page","status-publish","hentry"],"_links":{"self":[{"href":"https:\/\/indehahn.de\/index.php?rest_route=\/wp\/v2\/pages\/1526","targetHints":{"allow":["GET"]}}],"collection":[{"href":"https:\/\/indehahn.de\/index.php?rest_route=\/wp\/v2\/pages"}],"about":[{"href":"https:\/\/indehahn.de\/index.php?rest_route=\/wp\/v2\/types\/page"}],"author":[{"embeddable":true,"href":"https:\/\/indehahn.de\/index.php?rest_route=\/wp\/v2\/users\/1"}],"replies":[{"embeddable":true,"href":"https:\/\/indehahn.de\/index.php?rest_route=%2Fwp%2Fv2%2Fcomments&post=1526"}],"version-history":[{"count":241,"href":"https:\/\/indehahn.de\/index.php?rest_route=\/wp\/v2\/pages\/1526\/revisions"}],"predecessor-version":[{"id":19309,"href":"https:\/\/indehahn.de\/index.php?rest_route=\/wp\/v2\/pages\/1526\/revisions\/19309"}],"up":[{"embeddable":true,"href":"https:\/\/indehahn.de\/index.php?rest_route=\/wp\/v2\/pages\/546"}],"wp:attachment":[{"href":"https:\/\/indehahn.de\/index.php?rest_route=%2Fwp%2Fv2%2Fmedia&parent=1526"}],"curies":[{"name":"wp","href":"https:\/\/api.w.org\/{rel}","templated":true}]}}