{"id":17746,"date":"2023-03-04T13:36:33","date_gmt":"2023-03-04T12:36:33","guid":{"rendered":"https:\/\/indehahn.de\/?page_id=17746"},"modified":"2026-01-28T13:18:04","modified_gmt":"2026-01-28T12:18:04","slug":"wandern","status":"publish","type":"page","link":"https:\/\/indehahn.de\/?page_id=17746","title":{"rendered":"WANDERN"},"content":{"rendered":"<p><a href=\"https:\/\/indehahn.de\/wp-content\/uploads\/2025\/02\/LogoWandergruppe.jpg\" data-rel=\"lightbox-image-0\" data-rl_title=\"\" data-rl_caption=\"\" title=\"\"><img loading=\"lazy\" decoding=\"async\" src=\"https:\/\/indehahn.de\/wp-content\/uploads\/2025\/02\/LogoWandergruppe.jpg\" alt=\"\" width=\"1170\" height=\"1163\" class=\"alignnone size-full wp-image-18854\" srcset=\"https:\/\/indehahn.de\/wp-content\/uploads\/2025\/02\/LogoWandergruppe.jpg 1170w, https:\/\/indehahn.de\/wp-content\/uploads\/2025\/02\/LogoWandergruppe-300x298.jpg 300w, https:\/\/indehahn.de\/wp-content\/uploads\/2025\/02\/LogoWandergruppe-1024x1018.jpg 1024w, https:\/\/indehahn.de\/wp-content\/uploads\/2025\/02\/LogoWandergruppe-151x150.jpg 151w, https:\/\/indehahn.de\/wp-content\/uploads\/2025\/02\/LogoWandergruppe-80x80.jpg 80w\" sizes=\"auto, (max-width: 1170px) 100vw, 1170px\" \/><\/a><\/p>\n<hr \/>\n<div class=\"block-title\">INFOS<\/div>\n<table style=\"width: 100%; border: 1px solid #eeeeee;\">\n<tbody>\n<tr>\n<td style=\"text-align: left; vertical-align: top;\"><strong>Ansprechpartner:<\/strong><\/td>\n<td style=\"text-align: left;\"><a href=\"mailto: post@indehahn.de\">Hansi Mangartz<\/a>, 0163-3479669<\/td>\n<\/tr>\n<tr>\n<td style=\"text-align: left; vertical-align: top; width: 150px;\"><strong>N\u00e4chste Termine:<\/strong><\/td>\n<td style=\"text-align: left;\">\n15.02.2026<br \/>\n15.03.2026<br \/>\n19.04.2026<br \/>\n17.05.2026<br \/>\n21.06.2026<br \/>\n19.07.2026<br \/>\n16.08.2026<br \/>\n20.09.2026<br \/>\n18.10.2026<br \/>\n15.11.2026<br \/>\n20.12.2026<\/p>\n<p><a href=\"https:\/\/www.indehahn.de\/Termine-Wandergruppe-2026.ics\" target=\"_blank\" style=\"font-size: 8pt;\">Alle Wandertermine 2026 als iCal-Datei zum Importieren in deinen Online-Kalender<\/a>\n<\/td>\n<\/tr>\n<tr>\n<td style=\"text-align: left; vertical-align: top;\"><strong>Wissenswertes:<\/strong><\/td>\n<td style=\"text-align: left;\">Seit dem 25. M\u00e4rz 2023 treffen wir uns regelm\u00e4\u00dfig zu gef\u00fchrten Wanderungen in der n\u00e4heren Umgebung. Interessenten k\u00f6nnen sich weiterhin gerne und jederzeit unserer Wandergruppe anschlie\u00dfen.<\/td>\n<\/tr>\n<\/tbody>\n<\/table>\n<hr \/>\n<p><a href=\"https:\/\/indehahn.de\/wp-content\/uploads\/2024\/03\/WandergruppeFeb2024.jpg\" data-rel=\"lightbox-image-1\" data-rl_title=\"\" data-rl_caption=\"\" title=\"\"><img loading=\"lazy\" decoding=\"async\" src=\"https:\/\/indehahn.de\/wp-content\/uploads\/2024\/03\/WandergruppeFeb2024.jpg\" alt=\"\" width=\"600\" height=\"779\" class=\"alignnone size-full wp-image-18391\" srcset=\"https:\/\/indehahn.de\/wp-content\/uploads\/2024\/03\/WandergruppeFeb2024.jpg 600w, https:\/\/indehahn.de\/wp-content\/uploads\/2024\/03\/WandergruppeFeb2024-231x300.jpg 231w, https:\/\/indehahn.de\/wp-content\/uploads\/2024\/03\/WandergruppeFeb2024-116x150.jpg 116w\" sizes=\"auto, (max-width: 600px) 100vw, 600px\" \/><\/a><\/p>\n<p>Wandern mit dem FC Inde Hahn (hier an der Gileppe-Talsperre in Belgien)<\/p>\n<div class=\"shariff\" data-title=\"WANDERN\" data-info-url=\"http:\/\/ct.de\/-2467514\" data-backend-url=\"https:\/\/indehahn.de\/wp-content\/plugins\/shariff-sharing_UNUSED\/backend\/index.php\" data-temp=\"\/tmp\" data-ttl=\"60\" data-service=\"\" data-services='[\"facebook\",\"whatsapp\",\"mail\"]' data-image=\"https:\/\/indehahn.de\/wp-content\/uploads\/2025\/02\/LogoWandergruppe.jpg\" data-url=\"https:\/\/indehahn.de\/?page_id=17746\" data-lang=\"de\" data-theme=\"color\" data-orientation=\"horizontal\"><\/div>","protected":false},"excerpt":{"rendered":"<p>INFOS Ansprechpartner: Hansi Mangartz, 0163-3479669 N\u00e4chste Termine: 15.02.2026 15.03.2026 19.04.2026 17.05.2026 21.06.2026 19.07.2026 16.08.2026 20.09.2026 18.10.2026 15.11.2026 20.12.2026 Alle Wandertermine 2026 als iCal-Datei zum Importieren in deinen Online-Kalender Wissenswertes: Seit dem 25. M\u00e4rz 2023&#46;&#46;&#46;<\/p>\n","protected":false},"author":2,"featured_media":0,"parent":1000,"menu_order":0,"comment_status":"closed","ping_status":"closed","template":"","meta":{"ngg_post_thumbnail":0,"footnotes":""},"class_list":["post-17746","page","type-page","status-publish","hentry"],"_links":{"self":[{"href":"https:\/\/indehahn.de\/index.php?rest_route=\/wp\/v2\/pages\/17746","targetHints":{"allow":["GET"]}}],"collection":[{"href":"https:\/\/indehahn.de\/index.php?rest_route=\/wp\/v2\/pages"}],"about":[{"href":"https:\/\/indehahn.de\/index.php?rest_route=\/wp\/v2\/types\/page"}],"author":[{"embeddable":true,"href":"https:\/\/indehahn.de\/index.php?rest_route=\/wp\/v2\/users\/2"}],"replies":[{"embeddable":true,"href":"https:\/\/indehahn.de\/index.php?rest_route=%2Fwp%2Fv2%2Fcomments&post=17746"}],"version-history":[{"count":24,"href":"https:\/\/indehahn.de\/index.php?rest_route=\/wp\/v2\/pages\/17746\/revisions"}],"predecessor-version":[{"id":19259,"href":"https:\/\/indehahn.de\/index.php?rest_route=\/wp\/v2\/pages\/17746\/revisions\/19259"}],"up":[{"embeddable":true,"href":"https:\/\/indehahn.de\/index.php?rest_route=\/wp\/v2\/pages\/1000"}],"wp:attachment":[{"href":"https:\/\/indehahn.de\/index.php?rest_route=%2Fwp%2Fv2%2Fmedia&parent=17746"}],"curies":[{"name":"wp","href":"https:\/\/api.w.org\/{rel}","templated":true}]}}