{"id":18469,"date":"2024-04-29T21:41:07","date_gmt":"2024-04-29T19:41:07","guid":{"rendered":"https:\/\/indehahn.de\/?page_id=18469"},"modified":"2025-07-03T09:29:16","modified_gmt":"2025-07-03T07:29:16","slug":"hahner-fun-turnier-2024","status":"publish","type":"page","link":"https:\/\/indehahn.de\/?page_id=18469","title":{"rendered":"Hahner FUN-Turnier 2025"},"content":{"rendered":"<p>Bald ist es wieder soweit: das schon l\u00e4ngst zu unserer Tradition geh\u00f6rende Hahner FUN-Fu\u00dfballturnier wird am Freitag, dem <strong>27. Juni 2025 um 18:30 Uhr<\/strong> auf der Sportanlage am Hahner Kitzenhausweg starten. Wie eh und je ist das FUN-Turnier speziell gedacht f\u00fcr Eltern und Geschwister, Betreuer, Trainer, Fans und Freunde des Vereins, die sonst eher selten gegen den Ball treten &#8211; und ihr seid alle herzlich eingeladen mitzuspielen!<\/p>\n<p><u><b>Austragungsmodus<\/b><\/u><br \/>\nGespielt wird auf bis zu vier Kleinfeldern im bew\u00e4hrten Modus &#8218;Schweizer System&#8216;. Maximal k\u00f6nnen 16 Mannschaften teilnehmen.<br \/>\nEs soll nat\u00fcrlich in erster Linie um den Spa\u00df am gemeinschaftlichen Kicken gehen.<br \/>\nEs gab in den letzten Jahren immer wieder mal Fragen und unklare Regelungen, so dass wir uns die M\u00fche gemacht haben, alles Wissenswerte zum FUN-Turnier in einer <a href=\"\/Events\/Sommerfest\/2025\/Turnierordnung FUN-Turnier.pdf\">Turnierordnung<\/a> zusammenzufassen. Besonders hervorzuheben sind hierin der erste und der letzte Paragraph. In diesem Sinne w\u00fcnschen uns schon jetzt ein fr\u00f6hliches und faires FUN-Turnier 2025.<\/p>\n<p><u><b>Anmeldung<\/b><\/u><br \/>\nLeider ist unser FUN-Turnier auch in diesem Jahr schon wieder mehr als ausgebucht. Wir haben uns deswegen entschieden, das Teilnehmerfeld auf 20 Mannschaften aufzustocken. Weitere Teams, die beim Ausfall einer Mannschaft nachr\u00fccken m\u00f6chten, k\u00f6nnen sich gerne per Mail an die <a href=\"mailto:turnierkoordination@indehahn.de\" target=\"_blank\" rel=\"noopener noreferrer\">Turnierkoordination<\/a> wenden.<!--Um Euch anzumelden, f\u00fcllt bitte das folgende Formular aus. Gebt euren Namen (f\u00fcr R\u00fcckfragen auch Mail-Adresse und Telefonnummer), den Namen eures Teams und wenn n\u00f6tig eine kurze Bemerkung dazu ein! Beachtet bitte unsere <a href=\"\/?page_id=11005\">Datenschutzerkl\u00e4rung zu Anmeldeformularen<\/a>!\n\n\n<div style=\"overflow: auto; width: 100%;\">\n\n\n<form id=\"add_funturnierteam\" action=\"\/Events\/Sommerfest\/Dienste\/addFunTeam.php\" method=\"post\" name=\"add_funturnierteam\">\n\n\n<table class=\"alignleft\" style=\"width: 100%; min-width: 200px;\">\n\n\n<tbody>\n\n\n<tr>\n\n\n<td><label accesskey=\"1\" for=\"nachnameSofe2025\">Nachname:<\/label><\/td>\n\n\n\n\n<td><input id=\"nachnameSofe2025\" class=\"normal\" maxlength=\"64\" name=\"nachnameSofe2025\" size=\"30\" type=\"text\"><\/td>\n\n\n<\/tr>\n\n\n\n\n<tr>\n\n\n<td><label accesskey=\"2\" for=\"vornameSofe2025\">Vorname:<\/label><\/td>\n\n\n\n\n<td><input id=\"vornameSofe2025\" class=\"normal\" maxlength=\"64\" name=\"vornameSofe2025\" size=\"30\" type=\"text\"><\/td>\n\n\n<\/tr>\n\n\n\n\n<tr>\n\n\n<td><label accesskey=\"3\" for=\"mailSofe2025\">Mail-Adresse:<\/label><\/td>\n\n\n\n\n<td><input id=\"mailSofe2025\" class=\"normal\" maxlength=\"64\" name=\"mailSofe2025\" size=\"30\" type=\"text\"><\/td>\n\n\n<\/tr>\n\n\n\n\n<tr>\n\n\n<td><label accesskey=\"4\" for=\"telefonSofe2025\">Telefon:<\/label><\/td>\n\n\n\n\n<td><input id=\"telefonSofe2025\" class=\"normal\" maxlength=\"64\" name=\"telefonSofe2025\" size=\"30\" type=\"text\"><\/td>\n\n\n<\/tr>\n\n\n\n\n<tr>\n\n\n<td><label accesskey=\"5\" for=\"funteamSofe2025\">Team-Name:<\/label><\/td>\n\n\n\n\n<td><input id=\"funteamSofe2025\" class=\"normal\" maxlength=\"64\" name=\"funteamSofe2025\" size=\"30\" type=\"text\"><\/td>\n\n\n<\/tr>\n\n\n\n\n<tr>\n\n\n<td><label accesskey=\"9\" for=\"bemerkungSofe2025\">Bemerkung:<\/label><\/td>\n\n\n\n\n<td><textarea id=\"bemerkungSofe2025\" cols=\"40\" name=\"bemerkungSofe2025\" rows=\"3\"><\/textarea><\/td>\n\n\n<\/tr>\n\n\n\n\n<tr>\n\n\n<td>&nbsp;<\/td>\n\n\n\n\n<td style=\"text-align: left;\"><input id=\"d-submit\" type=\"submit\" value=\"Anmelden\"><\/td>\n\n\n<\/tr>\n\n\n<\/tbody>\n\n\n<\/table>\n\n\n<\/form>\n\n<\/div>\n\n--><br \/>\n<\/p>\n<hr>\n<p><u><b>Gemeldete Teams<\/b><\/u><\/p>\n<ol>\n<li>Hahner Freizeit-Kicker<\/li>\n<li>Flaschenbier 04<\/li>\n<li>VfL Vollsuff<\/li>\n<li>Thekenproleten<\/li>\n<li>Tadeus Tentakel<\/li>\n<li>Holzk\u00f6pfe<\/li>\n<li>Domplatz Dribbler<\/li>\n<li>FC Doppelbier<\/li>\n<li>Lattenknaller United<\/li>\n<li>FC Dorfst\u00fcbchen<\/li>\n<li>Stiftung Wadentest<\/li>\n<li>Alles auf Ex 06<\/li>\n<li>Frotteuristen<\/li>\n<li>Maijungen Voreifel <\/li>\n<li>Benjamin Bierchen<\/li>\n<li>Realit\u00e4tsverlust<\/li>\n<li>ArminiaG\u00f6ttinnen<\/li>\n<li>Arsenal Long Dong<\/li>\n<li>Black Pink<\/li>\n<li>FC Eintracht Korn<\/li>\n<\/ol>\n<p><!--\ninsert_php]\n$scriptRoot = $_SERVER['DOCUMENT_ROOT'] . '\/Events';\nrequire(\"$scriptRoot\/Sommerfest\/Dienste\/FunTurnier.php\");\nPrintAllFunTeams();\n\/insert_php]\n\u00c4nderungen sind hier nicht m\u00f6glich. Soll ein Eintrag ge\u00e4ndert oder gel\u00f6scht werden, wendet Euch bitte an die <a href=\"mailto:turnierkoordination@indehahn.de\">Turnierkoordination<\/a>.\n--><\/p>\n<p><!--\n\n<hr>\n\n\n\n\n<div style=\"margin-bottom: 50px;\"><strong>Helfer-Aufruf<\/strong><br \/>Wir suchen noch viele flei\u00dfige H\u00e4nde, die uns bei der Ausrichtung dieses Events tatkr\u00e4ftig unterst\u00fctzen. Meldet Euch bitte \u00fcber unsere  <a href=\"\/Events\/Sommerfest\/Dienste\/HelferAnmelden.php\">HELFERLISTE<\/a> an, denn nur mit Euch gemeinsam k\u00f6nnen wir ein solches Turnier zum Erfolg f\u00fchren. DANKE!\n\n\n<p style=\"text-align: center;\"><a href=\"\/Events\/Sommerfest\/Dienste\/HelferAnmelden.php\"><img decoding=\"async\" src=\"\/Events\/Sommerfest\/Dienste\/HelferAnmeldung.png\" alt=\"zur Helfer-Anmeldung\" height=\"36\"><\/a><\/div>\n\n--><\/p>\n<hr>\n<h6>WEITERE INFORMATIONEN<\/h6>\n<ul>\n<li><a href=\"\/?page_id=11005\">Datenschutzerkl\u00e4rung zu Anmeldeformularen<\/a><\/li>\n<li><a href=\"\/Events\/Sommerfest\/2024\/Turnierordnung FUN-Turnier.pdf\">Turnierordnung<\/a><\/li>\n<\/ul>\n<div class=\"shariff\" data-title=\"Hahner FUN-Turnier 2025\" data-info-url=\"http:\/\/ct.de\/-2467514\" data-backend-url=\"https:\/\/indehahn.de\/wp-content\/plugins\/shariff-sharing_UNUSED\/backend\/index.php\" data-temp=\"\/tmp\" data-ttl=\"60\" data-service=\"\" data-services='[\"facebook\",\"whatsapp\",\"mail\"]' data-image=\"https:\/\/indehahn.de\/\/Events\/Sommerfest\/Dienste\/HelferAnmeldung.png\" data-url=\"https:\/\/indehahn.de\/?page_id=18469\" data-lang=\"de\" data-theme=\"color\" data-orientation=\"horizontal\"><\/div>","protected":false},"excerpt":{"rendered":"<p>Bald ist es wieder soweit: das schon l\u00e4ngst zu unserer Tradition geh\u00f6rende Hahner FUN-Fu\u00dfballturnier wird am Freitag, dem 27. Juni 2025 um 18:30 Uhr auf der Sportanlage am Hahner Kitzenhausweg starten. Wie eh und&#46;&#46;&#46;<\/p>\n","protected":false},"author":6,"featured_media":0,"parent":18892,"menu_order":0,"comment_status":"closed","ping_status":"closed","template":"","meta":{"ngg_post_thumbnail":0,"footnotes":""},"class_list":["post-18469","page","type-page","status-publish","hentry"],"_links":{"self":[{"href":"https:\/\/indehahn.de\/index.php?rest_route=\/wp\/v2\/pages\/18469","targetHints":{"allow":["GET"]}}],"collection":[{"href":"https:\/\/indehahn.de\/index.php?rest_route=\/wp\/v2\/pages"}],"about":[{"href":"https:\/\/indehahn.de\/index.php?rest_route=\/wp\/v2\/types\/page"}],"author":[{"embeddable":true,"href":"https:\/\/indehahn.de\/index.php?rest_route=\/wp\/v2\/users\/6"}],"replies":[{"embeddable":true,"href":"https:\/\/indehahn.de\/index.php?rest_route=%2Fwp%2Fv2%2Fcomments&post=18469"}],"version-history":[{"count":14,"href":"https:\/\/indehahn.de\/index.php?rest_route=\/wp\/v2\/pages\/18469\/revisions"}],"predecessor-version":[{"id":19061,"href":"https:\/\/indehahn.de\/index.php?rest_route=\/wp\/v2\/pages\/18469\/revisions\/19061"}],"up":[{"embeddable":true,"href":"https:\/\/indehahn.de\/index.php?rest_route=\/wp\/v2\/pages\/18892"}],"wp:attachment":[{"href":"https:\/\/indehahn.de\/index.php?rest_route=%2Fwp%2Fv2%2Fmedia&parent=18469"}],"curies":[{"name":"wp","href":"https:\/\/api.w.org\/{rel}","templated":true}]}}