{"id":19098,"date":"2025-09-17T16:26:08","date_gmt":"2025-09-17T14:26:08","guid":{"rendered":"https:\/\/indehahn.de\/?page_id=19098"},"modified":"2025-09-17T16:30:25","modified_gmt":"2025-09-17T14:30:25","slug":"walking-football","status":"publish","type":"page","link":"https:\/\/indehahn.de\/?page_id=19098","title":{"rendered":"WALKING FOOTBALL"},"content":{"rendered":"<p><a href=\"https:\/\/indehahn.de\/wp-content\/uploads\/2025\/09\/WalkingFootball.jpg\" data-rel=\"lightbox-image-0\" data-rl_title=\"\" data-rl_caption=\"\" title=\"\"><img loading=\"lazy\" decoding=\"async\" src=\"https:\/\/indehahn.de\/wp-content\/uploads\/2025\/09\/WalkingFootball.jpg\" alt=\"\" width=\"1024\" height=\"720\" class=\"alignnone size-full wp-image-19100\" srcset=\"https:\/\/indehahn.de\/wp-content\/uploads\/2025\/09\/WalkingFootball.jpg 1024w, https:\/\/indehahn.de\/wp-content\/uploads\/2025\/09\/WalkingFootball-300x211.jpg 300w, https:\/\/indehahn.de\/wp-content\/uploads\/2025\/09\/WalkingFootball-200x141.jpg 200w\" sizes=\"auto, (max-width: 1024px) 100vw, 1024px\" \/><\/a><\/p>\n<hr \/>\n<div class=\"block-title\">INFOS<\/div>\n<table style=\"width: 100%; border: 1px solid #eeeeee;\">\n<tbody>\n<tr>\n<td style=\"text-align: left; vertical-align: top;\"><strong>Ansprechpartner:<\/strong><\/td>\n<td style=\"text-align: left;\"><a href=\"mailto: dirk.steinmeier@indehahn.de\">Dirk Steinmeier<\/a>, 0177-4101955<\/td>\n<\/tr>\n<tr>\n<td style=\"text-align: left; vertical-align: top;\"><strong>Trainingszeit:<\/strong><\/td>\n<td style=\"text-align: left;\">Montags ab 18:00 Uhr<\/td>\n<\/tr>\n<tr>\n<td style=\"text-align: left; vertical-align: top;\"><strong>Wissenswertes:<\/strong><\/td>\n<td style=\"text-align: left;\">\nSeit dem Fr\u00fchjahr 2025 wird beim FC Inde Hahn auch Walking Football gespielt. Diese noch recht neue Sportart ist das <strong>ideale Angebot<\/strong> f\u00fcr Neu- und Wiedereinsteiger*innen, Hobby-Spieler*innen und Fu\u00dfballer*innen mit und ohne k\u00f6rperliche Einschr\u00e4nkungen. In manchen Landesverb\u00e4nden wird bereits ein organisierter Spielbetrieb durchgef\u00fchrt.<\/p>\n<p><strong>Das sind die wichtigsten Spielregeln<\/strong>:<\/p>\n<ul style=\"font-size: 0.9em;\">\n<li>In der Regel wird Walking Football im Modus 6-gegen-6 auf einem Kleinfeld (42&#215;21 Meter) mit kleineren Toren und ohne Torwart gespielt.<\/li>\n<li>Die Gr\u00f6\u00dfe des Feldes und der Tore kann jederzeit angepasst werden und nat\u00fcrlich kann man auch in 5er- oder 7er-Teams spielen.<\/li>\n<li>Der wichtigste Grundsatz ist jedoch: Das Rennen und Laufen \u2013 egal ob mit oder ohne Ball \u2013 ist verboten. Mindestens ein Fu\u00df muss zu jeder Zeit den Boden ber\u00fchren.<\/li>\n<li>Zudem darf der Ball nur flach gepasst werden &#8211; ein Ball, der \u00fcber H\u00fcfth\u00f6he gespielt wird, wird als Regelversto\u00df gewertet.<\/li>\n<li>Gr\u00e4tschen und h\u00e4rterer K\u00f6rperkontakt sind verboten.<\/li>\n<li>Dar\u00fcber hinaus entf\u00e4llt beim Walking Football die Abseitsregelung &#8211; daf\u00fcr gibt es einen Torbereich, welcher nicht betreten werden darf.<\/li>\n<\/ul>\n<p>Und hier zu guter Letzt noch ein kleines <strong>Erkl\u00e4rvideo<\/strong>: <a href=\"https:\/\/www.youtube.com\/watch?v=36Hut_IVuEg\" target=\"_blank\">https:\/\/www.youtube.com\/watch?v=36Hut_IVuEg<\/a>\n<\/td>\n<\/tr>\n<\/tbody>\n<\/table>\n<div class=\"shariff\" data-title=\"WALKING FOOTBALL\" data-info-url=\"http:\/\/ct.de\/-2467514\" data-backend-url=\"https:\/\/indehahn.de\/wp-content\/plugins\/shariff-sharing_UNUSED\/backend\/index.php\" data-temp=\"\/tmp\" data-ttl=\"60\" data-service=\"\" data-services='[\"facebook\",\"whatsapp\",\"mail\"]' data-image=\"https:\/\/indehahn.de\/wp-content\/uploads\/2025\/09\/WalkingFootball.jpg\" data-url=\"https:\/\/indehahn.de\/?page_id=19098\" data-lang=\"de\" data-theme=\"color\" data-orientation=\"horizontal\"><\/div>","protected":false},"excerpt":{"rendered":"<p>INFOS Ansprechpartner: Dirk Steinmeier, 0177-4101955 Trainingszeit: Montags ab 18:00 Uhr Wissenswertes: Seit dem Fr\u00fchjahr 2025 wird beim FC Inde Hahn auch Walking Football gespielt. Diese noch recht neue Sportart ist das ideale Angebot f\u00fcr&#46;&#46;&#46;<\/p>\n","protected":false},"author":2,"featured_media":0,"parent":1000,"menu_order":0,"comment_status":"closed","ping_status":"closed","template":"","meta":{"ngg_post_thumbnail":0,"footnotes":""},"class_list":["post-19098","page","type-page","status-publish","hentry"],"_links":{"self":[{"href":"https:\/\/indehahn.de\/index.php?rest_route=\/wp\/v2\/pages\/19098","targetHints":{"allow":["GET"]}}],"collection":[{"href":"https:\/\/indehahn.de\/index.php?rest_route=\/wp\/v2\/pages"}],"about":[{"href":"https:\/\/indehahn.de\/index.php?rest_route=\/wp\/v2\/types\/page"}],"author":[{"embeddable":true,"href":"https:\/\/indehahn.de\/index.php?rest_route=\/wp\/v2\/users\/2"}],"replies":[{"embeddable":true,"href":"https:\/\/indehahn.de\/index.php?rest_route=%2Fwp%2Fv2%2Fcomments&post=19098"}],"version-history":[{"count":7,"href":"https:\/\/indehahn.de\/index.php?rest_route=\/wp\/v2\/pages\/19098\/revisions"}],"predecessor-version":[{"id":19106,"href":"https:\/\/indehahn.de\/index.php?rest_route=\/wp\/v2\/pages\/19098\/revisions\/19106"}],"up":[{"embeddable":true,"href":"https:\/\/indehahn.de\/index.php?rest_route=\/wp\/v2\/pages\/1000"}],"wp:attachment":[{"href":"https:\/\/indehahn.de\/index.php?rest_route=%2Fwp%2Fv2%2Fmedia&parent=19098"}],"curies":[{"name":"wp","href":"https:\/\/api.w.org\/{rel}","templated":true}]}}