{"id":19109,"date":"2025-09-17T16:56:17","date_gmt":"2025-09-17T14:56:17","guid":{"rendered":"https:\/\/indehahn.de\/?page_id=19109"},"modified":"2025-10-18T22:18:22","modified_gmt":"2025-10-18T20:18:22","slug":"freizeit-kicker","status":"publish","type":"page","link":"https:\/\/indehahn.de\/?page_id=19109","title":{"rendered":"FREIZEIT-KICKER"},"content":{"rendered":"<p><a href=\"https:\/\/indehahn.de\/wp-content\/uploads\/2025\/10\/FreizeitkickerTeamfoto.jpg\" data-rel=\"lightbox-image-0\" data-rl_title=\"\" data-rl_caption=\"\" title=\"\"><img loading=\"lazy\" decoding=\"async\" src=\"https:\/\/indehahn.de\/wp-content\/uploads\/2025\/10\/FreizeitkickerTeamfoto.jpg\" alt=\"\" width=\"1024\" height=\"706\" class=\"alignnone size-full wp-image-19146\" srcset=\"https:\/\/indehahn.de\/wp-content\/uploads\/2025\/10\/FreizeitkickerTeamfoto.jpg 1024w, https:\/\/indehahn.de\/wp-content\/uploads\/2025\/10\/FreizeitkickerTeamfoto-300x207.jpg 300w, https:\/\/indehahn.de\/wp-content\/uploads\/2025\/10\/FreizeitkickerTeamfoto-200x138.jpg 200w\" sizes=\"auto, (max-width: 1024px) 100vw, 1024px\" \/><\/a><\/p>\n<hr \/>\n<div class=\"block-title\">INFOS<\/div>\n<table style=\"width: 100%; border: 1px solid #eeeeee;\">\n<tbody>\n<tr>\n<td style=\"text-align: left; vertical-align: top;\"><strong>Ansprechpartnerin:<\/strong><\/td>\n<td style=\"text-align: left;\"><a href=\"mailto: post@indehahn.de\">Andrea Hueber<\/a>, 01515-5462876<\/td>\n<\/tr>\n<tr>\n<td style=\"text-align: left; vertical-align: top;\"><strong>Trainingszeit:<\/strong><\/td>\n<td style=\"text-align: left;\">Freitags, 19:00 &#8211; 20:30 Uhr<\/td>\n<\/tr>\n<tr>\n<td style=\"text-align: left; vertical-align: top;\"><strong>Wissenswertes:<\/strong><\/td>\n<td style=\"text-align: left;\">\nSeit Mitte 2023 treffen sich unsere Freizeit-Kicker zum lockeren Fu\u00dfballspielen auf dem Hahner Sportplatz. Die bunt gemischte Truppe m\u00f6chte vor allem Spa\u00df haben, es soll sich niemand verletzen und wer gewinnt ist am Ende v\u00f6llig unwichtig. So ist es auch nicht verwunderlich, dass Jungs und M\u00e4dels aller Altersklassen (derzeit von der Jugend bis \u00dc60) gemeinsam kicken und jede(r) dabei voll auf ihre\/seine Kosten kommt.<\/p>\n<p>Wer Spa\u00df am lockeren Kicken ohne gro\u00dfen K\u00f6rperkontakt hat und das Ganze auch nicht allzu ernst nehmen m\u00f6chte, der sollte unbedingt einmal mitmachen. Auch die fu\u00dfballerische Vorbildung ist dabei nicht wichtig. Interessenten k\u00f6nnen sich gerne und jederzeit unseren Freizeit-Kickern anschlie\u00dfen.\n<\/td>\n<\/tr>\n<\/tbody>\n<\/table>\n<div class=\"shariff\" data-title=\"FREIZEIT-KICKER\" data-info-url=\"http:\/\/ct.de\/-2467514\" data-backend-url=\"https:\/\/indehahn.de\/wp-content\/plugins\/shariff-sharing_UNUSED\/backend\/index.php\" data-temp=\"\/tmp\" data-ttl=\"60\" data-service=\"\" data-services='[\"facebook\",\"whatsapp\",\"mail\"]' data-image=\"https:\/\/indehahn.de\/wp-content\/uploads\/2025\/10\/FreizeitkickerTeamfoto.jpg\" data-url=\"https:\/\/indehahn.de\/?page_id=19109\" data-lang=\"de\" data-theme=\"color\" data-orientation=\"horizontal\"><\/div>","protected":false},"excerpt":{"rendered":"<p>INFOS Ansprechpartnerin: Andrea Hueber, 01515-5462876 Trainingszeit: Freitags, 19:00 &#8211; 20:30 Uhr Wissenswertes: Seit Mitte 2023 treffen sich unsere Freizeit-Kicker zum lockeren Fu\u00dfballspielen auf dem Hahner Sportplatz. Die bunt gemischte Truppe m\u00f6chte vor allem Spa\u00df&#46;&#46;&#46;<\/p>\n","protected":false},"author":2,"featured_media":0,"parent":1000,"menu_order":0,"comment_status":"closed","ping_status":"closed","template":"","meta":{"ngg_post_thumbnail":0,"footnotes":""},"class_list":["post-19109","page","type-page","status-publish","hentry"],"_links":{"self":[{"href":"https:\/\/indehahn.de\/index.php?rest_route=\/wp\/v2\/pages\/19109","targetHints":{"allow":["GET"]}}],"collection":[{"href":"https:\/\/indehahn.de\/index.php?rest_route=\/wp\/v2\/pages"}],"about":[{"href":"https:\/\/indehahn.de\/index.php?rest_route=\/wp\/v2\/types\/page"}],"author":[{"embeddable":true,"href":"https:\/\/indehahn.de\/index.php?rest_route=\/wp\/v2\/users\/2"}],"replies":[{"embeddable":true,"href":"https:\/\/indehahn.de\/index.php?rest_route=%2Fwp%2Fv2%2Fcomments&post=19109"}],"version-history":[{"count":5,"href":"https:\/\/indehahn.de\/index.php?rest_route=\/wp\/v2\/pages\/19109\/revisions"}],"predecessor-version":[{"id":19147,"href":"https:\/\/indehahn.de\/index.php?rest_route=\/wp\/v2\/pages\/19109\/revisions\/19147"}],"up":[{"embeddable":true,"href":"https:\/\/indehahn.de\/index.php?rest_route=\/wp\/v2\/pages\/1000"}],"wp:attachment":[{"href":"https:\/\/indehahn.de\/index.php?rest_route=%2Fwp%2Fv2%2Fmedia&parent=19109"}],"curies":[{"name":"wp","href":"https:\/\/api.w.org\/{rel}","templated":true}]}}