{"id":19375,"date":"2026-05-14T10:13:43","date_gmt":"2026-05-14T08:13:43","guid":{"rendered":"https:\/\/indehahn.de\/?page_id=19375"},"modified":"2026-05-14T10:13:43","modified_gmt":"2026-05-14T08:13:43","slug":"hahner-fun-turnier-2026","status":"publish","type":"page","link":"https:\/\/indehahn.de\/?page_id=19375","title":{"rendered":"Hahner FUN-Turnier 2026"},"content":{"rendered":"<p>Wie in den letzten Jahren wird unser Verein auch diesen Sommer das beliebte Fun-Turnier ausrichten. Am <strong>20. Juni ab 19:00 Uhr<\/strong> wird am Kitzenhausweg wieder von Jung und Alt gegen den Ball getreten. <\/p>\n<p><u><b>Austragungsmodus<\/b><\/u><br \/>\nGespielt wird auf bis zu vier Kleinfeldern im bew\u00e4hrten Modus &#8218;Schweizer System&#8216;. Maximal k\u00f6nnen 16 Mannschaften teilnehmen.<br \/>\nEs soll nat\u00fcrlich in erster Linie um den Spa\u00df am gemeinschaftlichen Kicken gehen.<br \/>\nEs gab in den letzten Jahren immer wieder mal Fragen und unklare Regelungen, so dass wir uns die M\u00fche gemacht haben, alles Wissenswerte zum FUN-Turnier in einer <a href=\"\/Events\/Sommerfest\/2025\/Turnierordnung FUN-Turnier.pdf\">Turnierordnung<\/a> zusammenzufassen. Besonders hervorzuheben sind hierin der erste und der letzte Paragraph. In diesem Sinne w\u00fcnschen uns schon jetzt ein fr\u00f6hliches und faires FUN-Turnier 2026.<\/p>\n<p><u><b>Anmeldung<\/b><\/u><br \/>\n<strong>Die Mannschaftsanmeldung f\u00fcr das Fun-Turnier wird in K\u00fcrze freigeschaltet.<\/strong><br \/>\n<!--\nLeider ist unser FUN-Turnier auch in diesem Jahr schon wieder mehr als ausgebucht. Wir haben uns deswegen entschieden, das Teilnehmerfeld auf 20 Mannschaften aufzustocken. Weitere Teams, die beim Ausfall einer Mannschaft nachr\u00fccken m\u00f6chten, k\u00f6nnen sich gerne per Mail an die <a href=\"mailto:turnierkoordination@indehahn.de\" target=\"_blank\" rel=\"noopener noreferrer\">Turnierkoordination<\/a> wenden.\nUm Euch anzumelden, f\u00fcllt bitte das folgende Formular aus. Gebt euren Namen (f\u00fcr R\u00fcckfragen auch Mail-Adresse und Telefonnummer), den Namen eures Teams und wenn n\u00f6tig eine kurze Bemerkung dazu ein! Beachtet bitte unsere <a href=\"\/?page_id=11005\">Datenschutzerkl\u00e4rung zu Anmeldeformularen<\/a>!\n\n\n<div style=\"overflow: auto; width: 100%;\">\n\n\n<form id=\"add_funturnierteam\" action=\"\/Events\/Sommerfest\/Dienste\/addFunTeam.php\" method=\"post\" name=\"add_funturnierteam\">\n\n\n<table class=\"alignleft\" style=\"width: 100%; min-width: 200px;\">\n\n\n<tbody>\n\n\n<tr>\n\n\n<td><label accesskey=\"1\" for=\"nachnameSofe2026\">Nachname:<\/label><\/td>\n\n\n\n\n<td><input id=\"nachnameSofe2026\" class=\"normal\" maxlength=\"64\" name=\"nachnameSofe2026\" size=\"30\" type=\"text\"><\/td>\n\n\n<\/tr>\n\n\n\n\n<tr>\n\n\n<td><label accesskey=\"2\" for=\"vornameSofe2026\">Vorname:<\/label><\/td>\n\n\n\n\n<td><input id=\"vornameSofe2026\" class=\"normal\" maxlength=\"64\" name=\"vornameSofe2026\" size=\"30\" type=\"text\"><\/td>\n\n\n<\/tr>\n\n\n\n\n<tr>\n\n\n<td><label accesskey=\"3\" for=\"mailSofe2026\">Mail-Adresse:<\/label><\/td>\n\n\n\n\n<td><input id=\"mailSofe2026\" class=\"normal\" maxlength=\"64\" name=\"mailSofe2026\" size=\"30\" type=\"text\"><\/td>\n\n\n<\/tr>\n\n\n\n\n<tr>\n\n\n<td><label accesskey=\"4\" for=\"telefonSofe2026\">Telefon:<\/label><\/td>\n\n\n\n\n<td><input id=\"telefonSofe2026\" class=\"normal\" maxlength=\"64\" name=\"telefonSofe2026\" size=\"30\" type=\"text\"><\/td>\n\n\n<\/tr>\n\n\n\n\n<tr>\n\n\n<td><label accesskey=\"5\" for=\"funteamSofe2026\">Team-Name:<\/label><\/td>\n\n\n\n\n<td><input id=\"funteamSofe2026\" class=\"normal\" maxlength=\"64\" name=\"funteamSofe2026\" size=\"30\" type=\"text\"><\/td>\n\n\n<\/tr>\n\n\n\n\n<tr>\n\n\n<td><label accesskey=\"9\" for=\"bemerkungSofe2026\">Bemerkung:<\/label><\/td>\n\n\n\n\n<td><textarea id=\"bemerkungSofe2026\" cols=\"40\" name=\"bemerkungSofe2026\" rows=\"3\"><\/textarea><\/td>\n\n\n<\/tr>\n\n\n\n\n<tr>\n\n\n<td>&nbsp;<\/td>\n\n\n\n\n<td style=\"text-align: left;\"><input id=\"d-submit\" type=\"submit\" value=\"Anmelden\"><\/td>\n\n\n<\/tr>\n\n\n<\/tbody>\n\n\n<\/table>\n\n\n<\/form>\n\n<\/div>\n\n\n<br \/>\n\n\n<hr>\n\n\n--><br \/>\n<!--\n<u><b>Gemeldete Teams<\/b><\/u>\ninsert_php]\n$scriptRoot = $_SERVER['DOCUMENT_ROOT'] . '\/Events';\nrequire(\"$scriptRoot\/Sommerfest\/Dienste\/FunTurnier.php\");\nPrintAllFunTeams();\n\/insert_php]\n\u00c4nderungen sind hier nicht m\u00f6glich. Soll ein Eintrag ge\u00e4ndert oder gel\u00f6scht werden, wendet Euch bitte an die <a href=\"mailto:turnierkoordination@indehahn.de\">Turnierkoordination<\/a>.\n--><\/p>\n<hr>\n<div style=\"margin-bottom: 50px;\"><strong>Helfer-Aufruf<\/strong><br \/>\nDamit an diesem Tag wieder f\u00fcr das Leibliche Wohl gesorgt werden kann, werden noch Helfer gesucht, denn nur gemeinsam ist ein solches Event \u00fcberhaupt machbar.<br \/>\nMeldet Euch bitte \u00fcber unsere  <a href=\"\/Events\/Sommerfest\/Dienste\/HelferAnmelden.php\">HELFERLISTE<\/a> an. DANKE!<\/p>\n<p style=\"text-align: center;\"><a href=\"\/Events\/Sommerfest\/Dienste\/HelferAnmelden.php\"><img decoding=\"async\" src=\"\/Events\/Sommerfest\/Dienste\/HelferAnmeldung.png\" alt=\"zur Helfer-Anmeldung\" height=\"36\"><\/a><\/div>\n<hr>\n<h6>WEITERE INFORMATIONEN<\/h6>\n<ul>\n<li><a href=\"\/?page_id=11005\">Datenschutzerkl\u00e4rung zu Anmeldeformularen<\/a><\/li>\n<li><a href=\"\/Events\/Sommerfest\/2026\/Turnierordnung FUN-Turnier.pdf\">Turnierordnung<\/a><\/li>\n<\/ul>\n<div class=\"shariff\" data-title=\"Hahner FUN-Turnier 2026\" data-info-url=\"http:\/\/ct.de\/-2467514\" data-backend-url=\"https:\/\/indehahn.de\/wp-content\/plugins\/shariff-sharing_UNUSED\/backend\/index.php\" data-temp=\"\/tmp\" data-ttl=\"60\" data-service=\"\" data-services='[\"facebook\",\"whatsapp\",\"mail\"]' data-image=\"https:\/\/indehahn.de\/\/Events\/Sommerfest\/Dienste\/HelferAnmeldung.png\" data-url=\"https:\/\/indehahn.de\/?page_id=19375\" data-lang=\"de\" data-theme=\"color\" data-orientation=\"horizontal\"><\/div>","protected":false},"excerpt":{"rendered":"<p>Wie in den letzten Jahren wird unser Verein auch diesen Sommer das beliebte Fun-Turnier ausrichten. Am 20. Juni ab 19:00 Uhr wird am Kitzenhausweg wieder von Jung und Alt gegen den Ball getreten. Austragungsmodus&#46;&#46;&#46;<\/p>\n","protected":false},"author":6,"featured_media":0,"parent":19325,"menu_order":0,"comment_status":"closed","ping_status":"closed","template":"","meta":{"ngg_post_thumbnail":0,"footnotes":""},"class_list":["post-19375","page","type-page","status-publish","hentry"],"_links":{"self":[{"href":"https:\/\/indehahn.de\/index.php?rest_route=\/wp\/v2\/pages\/19375","targetHints":{"allow":["GET"]}}],"collection":[{"href":"https:\/\/indehahn.de\/index.php?rest_route=\/wp\/v2\/pages"}],"about":[{"href":"https:\/\/indehahn.de\/index.php?rest_route=\/wp\/v2\/types\/page"}],"author":[{"embeddable":true,"href":"https:\/\/indehahn.de\/index.php?rest_route=\/wp\/v2\/users\/6"}],"replies":[{"embeddable":true,"href":"https:\/\/indehahn.de\/index.php?rest_route=%2Fwp%2Fv2%2Fcomments&post=19375"}],"version-history":[{"count":9,"href":"https:\/\/indehahn.de\/index.php?rest_route=\/wp\/v2\/pages\/19375\/revisions"}],"predecessor-version":[{"id":19389,"href":"https:\/\/indehahn.de\/index.php?rest_route=\/wp\/v2\/pages\/19375\/revisions\/19389"}],"up":[{"embeddable":true,"href":"https:\/\/indehahn.de\/index.php?rest_route=\/wp\/v2\/pages\/19325"}],"wp:attachment":[{"href":"https:\/\/indehahn.de\/index.php?rest_route=%2Fwp%2Fv2%2Fmedia&parent=19375"}],"curies":[{"name":"wp","href":"https:\/\/api.w.org\/{rel}","templated":true}]}}