{"id":548,"date":"2015-02-20T15:03:18","date_gmt":"2015-02-20T15:03:18","guid":{"rendered":"http:\/\/inde-hahn.de\/?page_id=548"},"modified":"2023-09-04T14:41:27","modified_gmt":"2023-09-04T12:41:27","slug":"crazy-chicken","status":"publish","type":"page","link":"https:\/\/indehahn.de\/?page_id=548","title":{"rendered":"CRAZY CHICKEN"},"content":{"rendered":"<p><a href=\"https:\/\/indehahn.de\/wp-content\/uploads\/2015\/01\/CrazyChicken2015.jpg\" data-rel=\"lightbox-image-0\" data-rl_title=\"\" data-rl_caption=\"\" title=\"\"><img decoding=\"async\" class=\"alignnone size-full\" src=\"https:\/\/indehahn.de\/wp-content\/uploads\/2015\/01\/CrazyChicken2015.jpg\" alt=\"Crazy Chicken (2015)\" width=\"100%\" \/><\/a><\/p>\n<p>Die Volleyballer des FC Inde Hahn &#8230;..<\/p>\n<p>&nbsp;<\/p>\n<div class=\"block-title\">INFOS<\/div>\n<table style=\"width: 100%; border: 1px solid #eeeeee;\">\n<tbody>\n<tr>\n<td style=\"text-align: left; vertical-align: top;\"><strong>Ansprechpartner:<\/strong><\/td>\n<td style=\"text-align: left;\"><a href=\"mailto: gaby.philibert@indehahn.de\">Gaby Philibert, Heidchenberg 30, 52076 Aachen-Hahn, 02408-58069<\/td>\n<\/tr>\n<tr>\n<td style=\"text-align: left; vertical-align: top;\"><strong>Trainingszeiten:<\/strong><\/td>\n<td style=\"text-align: left;\">montags von 18:00 Uhr bis 19:30 Uhr in der Turnhalle Walheim<br \/>(im Sommer in einer der Trainingsboxen am Sportplatz in Hahn)<\/td>\n<\/tr>\n<tr>\n<td style=\"text-align: left; vertical-align: top;\"><strong>Wissenswertes:<\/strong><\/td>\n<td style=\"text-align: left;\">Unsere Freizeitgruppe f\u00fcr Damen und Herren aller Altersgruppen besteht <strong>seit 1988<\/strong>.<br \/>Das Trainingsprogramm besteht jeweils zur H\u00e4lfte aus <strong>Gymnastik<\/strong> und <strong>Volleyball-Spielen<\/strong>.<br \/>Wir legen gro\u00dfen Wert auf <strong>Geselligkeit<\/strong>, die bei regelm\u00e4\u00dfigen Spielen gegen andere Freizeitmannschaften und bei Grillfesten und \u00c4hnlichem gepflegt wird.<br \/>Das Alter der Teilnehmer(innen) betr\u00e4gt derzeit zwischen 15 und 50 Jahren.<\/td>\n<\/tr>\n<\/tbody>\n<\/table>\n<p>&nbsp;<\/p>\n<div class=\"block-title\" style=\"margin-bottom: 15px;\">NACHRICHTEN-ARCHIV<\/div>\n<div style=\"max-height: 400px; height: 400px; width: calc( 100% - 40px); overflow-y: scroll; padding: 0 20px 20px 20px;\">\n<div class=\"sya_container\" id=\"sya_container\"><p class=\"sya_yearslist\" id=\"sya_yearslist\"><a href=\"#year2023\">2023<\/a> &bull; <a href=\"#year2017\">2017<\/a> &bull; <a href=\"#year2015\">2015<\/a> &bull; <a href=\"#year2014\">2014<\/a> &bull; <a href=\"#year2013\">2013<\/a> &bull; <a href=\"#year2012\">2012<\/a> &bull; <a href=\"#year2009\">2009<\/a> &bull; <a href=\"#year2007\">2007<\/a> &bull; <a href=\"#year2006\">2006<\/a> &bull; <a href=\"#year2005\">2005<\/a> &bull; <a href=\"#year2004\">2004<\/a> &bull; <a href=\"#year2003\">2003<\/a><\/p><a id=\"year2023\"><\/a><a href=\"https:\/\/indehahn.de\/?m=2023\" rel=\"section\">2023<\/a> <span class=\"sya_yearcount\"><span class=\"sya_bracket\">(<\/span>1<span class=\"sya_bracket\">)<\/span><\/span><ul><li class=\"\"><div class=\"sya_postcontent\"><span class=\"sya_date\">02.02.2023 <span class=\"sya_sep\">:  <\/span><\/span><a href=\"https:\/\/indehahn.de\/?p=17661\" class=\"sya_postlink post-17661\" rel=\"bookmark\">Die &#8222;Crazy Chicken&#8220; suchen nach Verst\u00e4rkungen<\/a><div style=\"padding-left:20px\" class=\"robots-nocontent\"><cite>Unsere &#8222;Crazy Chicken&#8220; sind eine sehr gemischte...<\/cite><\/div><\/div><\/li><\/ul><a id=\"year2017\"><\/a><a href=\"https:\/\/indehahn.de\/?m=2017\" rel=\"section\">2017<\/a> <span class=\"sya_yearcount\"><span class=\"sya_bracket\">(<\/span>1<span class=\"sya_bracket\">)<\/span><\/span><ul><li class=\"\"><div class=\"sya_postcontent\"><span class=\"sya_date\">09.03.2017 <span class=\"sya_sep\">:  <\/span><\/span><a href=\"https:\/\/indehahn.de\/?p=10870\" class=\"sya_postlink post-10870\" rel=\"bookmark\">Die Chicken besuchen die Ladies<\/a><div style=\"padding-left:20px\" class=\"robots-nocontent\"><cite>Am vergangenen Samstag machten sich die Crazy Chicken auf...<\/cite><\/div><\/div><\/li><\/ul><a id=\"year2015\"><\/a><a href=\"https:\/\/indehahn.de\/?m=2015\" rel=\"section\">2015<\/a> <span class=\"sya_yearcount\"><span class=\"sya_bracket\">(<\/span>1<span class=\"sya_bracket\">)<\/span><\/span><ul><li class=\"\"><div class=\"sya_postcontent\"><span class=\"sya_date\">04.08.2015 <span class=\"sya_sep\">:  <\/span><\/span><a href=\"https:\/\/indehahn.de\/?p=7566\" class=\"sya_postlink post-7566\" rel=\"bookmark\">Crazy Chicken beim Open Air Turnier in Eupen<\/a><div style=\"padding-left:20px\" class=\"robots-nocontent\"><cite>F\u00fcr das diesj\u00e4hrige Open Air Turnier hatten wir uns...<\/cite><\/div><\/div><\/li><\/ul><a id=\"year2014\"><\/a><a href=\"https:\/\/indehahn.de\/?m=2014\" rel=\"section\">2014<\/a> <span class=\"sya_yearcount\"><span class=\"sya_bracket\">(<\/span>1<span class=\"sya_bracket\">)<\/span><\/span><ul><li class=\"\"><div class=\"sya_postcontent\"><span class=\"sya_date\">29.04.2014 <span class=\"sya_sep\">:  <\/span><\/span><a href=\"https:\/\/indehahn.de\/?p=1719\" class=\"sya_postlink post-1719\" rel=\"bookmark\">Die Crazy Chicken stellen sich vor &#8230;<\/a><div style=\"padding-left:20px\" class=\"robots-nocontent\"><cite>Seit 1988 sind wir schon immer eine sehr gemischte Gruppe...<\/cite><\/div><\/div><\/li><\/ul><a id=\"year2013\"><\/a><a href=\"https:\/\/indehahn.de\/?m=2013\" rel=\"section\">2013<\/a> <span class=\"sya_yearcount\"><span class=\"sya_bracket\">(<\/span>1<span class=\"sya_bracket\">)<\/span><\/span><ul><li class=\"\"><div class=\"sya_postcontent\"><span class=\"sya_date\">04.09.2013 <span class=\"sya_sep\">:  <\/span><\/span><a href=\"https:\/\/indehahn.de\/?p=2059\" class=\"sya_postlink post-2059\" rel=\"bookmark\">CRAZY CHICKEN auch in diesem Jahr beim Turnier in Kettenis<\/a><div style=\"padding-left:20px\" class=\"robots-nocontent\"><cite>Am ersten August-Wochenende fand zum 27. Mal das...<\/cite><\/div><\/div><\/li><\/ul><a id=\"year2012\"><\/a><a href=\"https:\/\/indehahn.de\/?m=2012\" rel=\"section\">2012<\/a> <span class=\"sya_yearcount\"><span class=\"sya_bracket\">(<\/span>1<span class=\"sya_bracket\">)<\/span><\/span><ul><li class=\"\"><div class=\"sya_postcontent\"><span class=\"sya_date\">27.03.2012 <span class=\"sya_sep\">:  <\/span><\/span><a href=\"https:\/\/indehahn.de\/?p=3062\" class=\"sya_postlink post-3062\" rel=\"bookmark\">Die &#8222;CRAZY CHICKEN&#8220; brauchen Verst\u00e4rkung!<\/a><div style=\"padding-left:20px\" class=\"robots-nocontent\"><cite>Wir sind eine sehr gemischte Gruppe in Bezug auf Alter,...<\/cite><\/div><\/div><\/li><\/ul><a id=\"year2009\"><\/a><a href=\"https:\/\/indehahn.de\/?m=2009\" rel=\"section\">2009<\/a> <span class=\"sya_yearcount\"><span class=\"sya_bracket\">(<\/span>1<span class=\"sya_bracket\">)<\/span><\/span><ul><li class=\"\"><div class=\"sya_postcontent\"><span class=\"sya_date\">13.01.2009 <span class=\"sya_sep\">:  <\/span><\/span><a href=\"https:\/\/indehahn.de\/?p=4938\" class=\"sya_postlink post-4938\" rel=\"bookmark\">CRAZY CHICKEN suchen Nachwuchs<\/a><div style=\"padding-left:20px\" class=\"robots-nocontent\"><cite>Seit vielen Jahren treffen sich unsere Crazy Chicken...<\/cite><\/div><\/div><\/li><\/ul><a id=\"year2007\"><\/a><a href=\"https:\/\/indehahn.de\/?m=2007\" rel=\"section\">2007<\/a> <span class=\"sya_yearcount\"><span class=\"sya_bracket\">(<\/span>1<span class=\"sya_bracket\">)<\/span><\/span><ul><li class=\"\"><div class=\"sya_postcontent\"><span class=\"sya_date\">05.08.2007 <span class=\"sya_sep\">:  <\/span><\/span><a href=\"https:\/\/indehahn.de\/?p=5120\" class=\"sya_postlink post-5120\" rel=\"bookmark\">Ganz viel Sonne beim Volleyball-Turnier in Eupen<\/a><div style=\"padding-left:20px\" class=\"robots-nocontent\"><cite>Wie jedes Jahr am ersten August-Wochenende haben die Crazy...<\/cite><\/div><\/div><\/li><\/ul><a id=\"year2006\"><\/a><a href=\"https:\/\/indehahn.de\/?m=2006\" rel=\"section\">2006<\/a> <span class=\"sya_yearcount\"><span class=\"sya_bracket\">(<\/span>2<span class=\"sya_bracket\">)<\/span><\/span><ul><li class=\"\"><div class=\"sya_postcontent\"><span class=\"sya_date\">06.08.2006 <span class=\"sya_sep\">:  <\/span><\/span><a href=\"https:\/\/indehahn.de\/?p=2195\" class=\"sya_postlink post-2195\" rel=\"bookmark\">CRAZY CHICKEN beim 20. Open-Air-Turnier in Kettenis<\/a><div style=\"padding-left:20px\" class=\"robots-nocontent\"><cite>Auch in diesem Jahr mischten unsere Hahner H\u00fchner beim...<\/cite><\/div><\/div><\/li><li class=\"\"><div class=\"sya_postcontent\"><span class=\"sya_date\">23.02.2006 <span class=\"sya_sep\">:  <\/span><\/span><a href=\"https:\/\/indehahn.de\/?p=833\" class=\"sya_postlink post-833\" rel=\"bookmark\">&#8222;Crazy Chicken&#8220; brauchen Verst\u00e4rkung<\/a><div style=\"padding-left:20px\" class=\"robots-nocontent\"><cite>Wer hat Interesse, bei uns Volleyball zu spielen? Wir sind...<\/cite><\/div><\/div><\/li><\/ul><a id=\"year2005\"><\/a><a href=\"https:\/\/indehahn.de\/?m=2005\" rel=\"section\">2005<\/a> <span class=\"sya_yearcount\"><span class=\"sya_bracket\">(<\/span>1<span class=\"sya_bracket\">)<\/span><\/span><ul><li class=\"\"><div class=\"sya_postcontent\"><span class=\"sya_date\">07.08.2005 <span class=\"sya_sep\">:  <\/span><\/span><a href=\"https:\/\/indehahn.de\/?p=6264\" class=\"sya_postlink post-6264\" rel=\"bookmark\">Alle Jahre wieder: die CRAZY CHICKEN beim Open-Air-Turnier in Eupen<\/a><div style=\"padding-left:20px\" class=\"robots-nocontent\"><cite>Zum nun schon f\u00fcnften Mal wagten sich die verr\u00fcckten...<\/cite><\/div><\/div><\/li><\/ul><a id=\"year2004\"><\/a><a href=\"https:\/\/indehahn.de\/?m=2004\" rel=\"section\">2004<\/a> <span class=\"sya_yearcount\"><span class=\"sya_bracket\">(<\/span>1<span class=\"sya_bracket\">)<\/span><\/span><ul><li class=\"\"><div class=\"sya_postcontent\"><span class=\"sya_date\">01.08.2004 <span class=\"sya_sep\">:  <\/span><\/span><a href=\"https:\/\/indehahn.de\/?p=5938\" class=\"sya_postlink post-5938\" rel=\"bookmark\">CRAZY CHICKEN schafften es beim Eupener Volleyball-Turnier bis in die Endrunde der Besten<\/a><div style=\"padding-left:20px\" class=\"robots-nocontent\"><cite>Und wieder mal machten sich die verwegenen Hahner H\u00fchner...<\/cite><\/div><\/div><\/li><\/ul><a id=\"year2003\"><\/a><a href=\"https:\/\/indehahn.de\/?m=2003\" rel=\"section\">2003<\/a> <span class=\"sya_yearcount\"><span class=\"sya_bracket\">(<\/span>1<span class=\"sya_bracket\">)<\/span><\/span><ul><li class=\"\"><div class=\"sya_postcontent\"><span class=\"sya_date\">03.08.2003 <span class=\"sya_sep\">:  <\/span><\/span><a href=\"https:\/\/indehahn.de\/?p=4480\" class=\"sya_postlink post-4480\" rel=\"bookmark\">4. Platz f\u00fcr unsere \u201cCRAZY CHICKEN\u201d beim internationalen Volleyball-Turnier in Kettenis<\/a><div style=\"padding-left:20px\" class=\"robots-nocontent\"><cite>Zum dritten Mal hat die Volleyballgruppe des FC Inde Hahn...<\/cite><\/div><\/div><\/li><\/ul><\/div>\n<\/div>\n<div class=\"shariff\" data-title=\"CRAZY CHICKEN\" data-info-url=\"http:\/\/ct.de\/-2467514\" data-backend-url=\"https:\/\/indehahn.de\/wp-content\/plugins\/shariff-sharing_UNUSED\/backend\/index.php\" data-temp=\"\/tmp\" data-ttl=\"60\" data-service=\"\" data-services='[\"facebook\",\"whatsapp\",\"mail\"]' data-image=\"https:\/\/indehahn.de\/wp-content\/uploads\/2015\/01\/CrazyChicken2015.jpg\" data-url=\"https:\/\/indehahn.de\/?page_id=548\" data-lang=\"de\" data-theme=\"color\" data-orientation=\"horizontal\"><\/div>","protected":false},"excerpt":{"rendered":"<p>Die Volleyballer des FC Inde Hahn &#8230;.. &nbsp; INFOS Ansprechpartner: Gaby Philibert, Heidchenberg 30, 52076 Aachen-Hahn, 02408-58069 Trainingszeiten: montags von 18:00 Uhr bis 19:30 Uhr in der Turnhalle Walheim(im Sommer in einer der Trainingsboxen&#46;&#46;&#46;<\/p>\n","protected":false},"author":1,"featured_media":0,"parent":1000,"menu_order":0,"comment_status":"closed","ping_status":"closed","template":"","meta":{"ngg_post_thumbnail":0,"footnotes":""},"class_list":["post-548","page","type-page","status-publish","hentry"],"_links":{"self":[{"href":"https:\/\/indehahn.de\/index.php?rest_route=\/wp\/v2\/pages\/548","targetHints":{"allow":["GET"]}}],"collection":[{"href":"https:\/\/indehahn.de\/index.php?rest_route=\/wp\/v2\/pages"}],"about":[{"href":"https:\/\/indehahn.de\/index.php?rest_route=\/wp\/v2\/types\/page"}],"author":[{"embeddable":true,"href":"https:\/\/indehahn.de\/index.php?rest_route=\/wp\/v2\/users\/1"}],"replies":[{"embeddable":true,"href":"https:\/\/indehahn.de\/index.php?rest_route=%2Fwp%2Fv2%2Fcomments&post=548"}],"version-history":[{"count":10,"href":"https:\/\/indehahn.de\/index.php?rest_route=\/wp\/v2\/pages\/548\/revisions"}],"predecessor-version":[{"id":18020,"href":"https:\/\/indehahn.de\/index.php?rest_route=\/wp\/v2\/pages\/548\/revisions\/18020"}],"up":[{"embeddable":true,"href":"https:\/\/indehahn.de\/index.php?rest_route=\/wp\/v2\/pages\/1000"}],"wp:attachment":[{"href":"https:\/\/indehahn.de\/index.php?rest_route=%2Fwp%2Fv2%2Fmedia&parent=548"}],"curies":[{"name":"wp","href":"https:\/\/api.w.org\/{rel}","templated":true}]}}