{"id":550,"date":"2015-02-20T15:03:36","date_gmt":"2015-02-20T15:03:36","guid":{"rendered":"http:\/\/inde-hahn.de\/?page_id=550"},"modified":"2023-09-04T14:42:44","modified_gmt":"2023-09-04T12:42:44","slug":"damen-freizeit","status":"publish","type":"page","link":"https:\/\/indehahn.de\/?page_id=550","title":{"rendered":"DAMEN FREIZEIT"},"content":{"rendered":"<p><a href=\"https:\/\/indehahn.de\/wp-content\/uploads\/2015\/01\/DamenFreizeitgruppe20151.jpg\" data-rel=\"lightbox-image-0\" data-rl_title=\"\" data-rl_caption=\"\" title=\"\"><img decoding=\"async\" class=\"alignnone size-full\" src=\"https:\/\/indehahn.de\/wp-content\/uploads\/2015\/01\/DamenFreizeitgruppe20151.jpg\" alt=\"Damen Freizeitgruppe (2015)\" width=\"100%\" \/><\/a><\/p>\n<p>Stehend von links: Trainerin Christel Gier, Maria Koch, Berti Krott, Irene Sommer, Siegi Schweitzer, Hilde Jentges, Renate Krebs, Hildegard Hempel, Renate Krott, Astrid Schwittmann, Elfriede Strang<br \/>\nSitzend von links: Erika Hansen, Ingrid Siemons, Luise Kratzenberg, Anneliese Sroczynski, Erna Weber, Angelika Krott, Klara Baumann, Finny Brepols, Hedwig Emonts, Monika Bork<br \/>\nEs fehlen: Alwine Nie\u00dfen, Anne Hermanns<\/p>\n<p>&nbsp;<\/p>\n<div class=\"block-title\">INFOS<\/div>\n<table style=\"width: 100%; border: 1px solid #eeeeee;\">\n<tbody>\n<tr>\n<td style=\"text-align: left; vertical-align: top;\"><strong>Ansprechpartner:<\/strong><\/td>\n<td style=\"text-align: left;\"><a href=\"mailto: christel.gier@indehahn.de\">Christel Gier, Im Steinfeld 14, 52076 Aachen-Oberforstbach, 02408-3228<\/td>\n<\/tr>\n<tr>\n<td style=\"text-align: left; vertical-align: top;\"><strong>Trainingszeiten:<\/strong><\/td>\n<td style=\"text-align: left;\">dienstags von 18:30 Uhr bis 20:00 Uhr in der Turnhalle der Grundschule Kornelim\u00fcnster<\/td>\n<\/tr>\n<tr>\n<td style=\"text-align: left; vertical-align: top;\"><strong>Wissenswertes:<\/strong><\/td>\n<td style=\"text-align: left;\">Unsere sportliche und besonders fr\u00f6hliche Freizeitgruppe besteht bereits <strong>seit 1969<\/strong>.<br \/>Auf dem Trainingsprogramm stehen etwa eine halbe Stunde <strong>Gymnastik<\/strong> und anschlie\u00dfend eine Stunde <strong>Volleyball<\/strong>. Auch f\u00fcr die <strong>Geselligkeit<\/strong> wird bei Wanderungen, Ausfl\u00fcgen und Essen regelm\u00e4\u00dfig gesorgt.<br \/>Das Alter der Teilnehmerinnen betr\u00e4gt derzeit zwischen 30 und 75 Jahren.<\/p>\n<p>Weitere Einzelheiten zu unserer Gymnastik- und Volleyball-Gruppe f\u00fcr Damen findet ihr in folgendem Dokument, das im Jahre 1999 anl\u00e4sslich des 30-j\u00e4hrigen Bestehens erstellt wurde:<\/p>\n<p><a href=\"https:\/\/www.indehahn.de\/Abteilungen\/VolleyballDamen\/30JahreDamenGymnastik.pdf\">30 JAHRE DAMEN-GYMNASTIK-GRUPPE<\/a><\/td>\n<\/tr>\n<\/tbody>\n<\/table>\n<p>&nbsp;<\/p>\n<div class=\"block-title\" style=\"margin-bottom: 15px;\">NACHRICHTEN-ARCHIV<\/div>\n<div style=\"max-height: 400px; height: 400px; width: calc( 100% - 40px); overflow-y: scroll; padding: 0 20px 20px 20px;\">\n<div class=\"sya_container\" id=\"sya_container\"><p class=\"sya_yearslist\" id=\"sya_yearslist\"><a href=\"#year2024\">2024<\/a> &bull; <a href=\"#year2019\">2019<\/a> &bull; <a href=\"#year2015\">2015<\/a> &bull; <a href=\"#year2013\">2013<\/a> &bull; <a href=\"#year2012\">2012<\/a><\/p><a id=\"year2024\"><\/a><a href=\"https:\/\/indehahn.de\/?m=2024\" rel=\"section\">2024<\/a> <span class=\"sya_yearcount\"><span class=\"sya_bracket\">(<\/span>1<span class=\"sya_bracket\">)<\/span><\/span><ul><li class=\"\"><div class=\"sya_postcontent\"><span class=\"sya_date\">06.05.2024 <span class=\"sya_sep\">:  <\/span><\/span><a href=\"https:\/\/indehahn.de\/?p=18482\" class=\"sya_postlink post-18482\" rel=\"bookmark\">40-j\u00e4hriges Trainerjubil\u00e4um f\u00fcr Christel Gier<\/a><div style=\"padding-left:20px\" class=\"robots-nocontent\"><cite>Dass Sport und Geselligkeit jung halten, sieht man in...<\/cite><\/div><\/div><\/li><\/ul><a id=\"year2019\"><\/a><a href=\"https:\/\/indehahn.de\/?m=2019\" rel=\"section\">2019<\/a> <span class=\"sya_yearcount\"><span class=\"sya_bracket\">(<\/span>2<span class=\"sya_bracket\">)<\/span><\/span><ul><li class=\"\"><div class=\"sya_postcontent\"><span class=\"sya_date\">12.12.2019 <span class=\"sya_sep\">:  <\/span><\/span><a href=\"https:\/\/indehahn.de\/?p=15161\" class=\"sya_postlink post-15161\" rel=\"bookmark\">\u00dcberraschung schon vor Weihnachten<\/a><div style=\"padding-left:20px\" class=\"robots-nocontent\"><cite>Unser Vorsitzender Wilfried Helmer \u00fcberraschte am Dienstag...<\/cite><\/div><\/div><\/li><li class=\"\"><div class=\"sya_postcontent\"><span class=\"sya_date\">06.09.2019 <span class=\"sya_sep\">:  <\/span><\/span><a href=\"https:\/\/indehahn.de\/?p=14959\" class=\"sya_postlink post-14959\" rel=\"bookmark\">Integrationspreis f\u00fcr unsere Damen-Freizeitgruppe<\/a><div style=\"padding-left:20px\" class=\"robots-nocontent\"><cite>Am 31. August fand im Rahmen des zweiten...<\/cite><\/div><\/div><\/li><\/ul><a id=\"year2015\"><\/a><a href=\"https:\/\/indehahn.de\/?m=2015\" rel=\"section\">2015<\/a> <span class=\"sya_yearcount\"><span class=\"sya_bracket\">(<\/span>1<span class=\"sya_bracket\">)<\/span><\/span><ul><li class=\"\"><div class=\"sya_postcontent\"><span class=\"sya_date\">15.07.2015 <span class=\"sya_sep\">:  <\/span><\/span><a href=\"https:\/\/indehahn.de\/?p=7540\" class=\"sya_postlink post-7540\" rel=\"bookmark\">Ausflug unserer Gymnastik-Gruppe nach Linz am Rhein<\/a><div style=\"padding-left:20px\" class=\"robots-nocontent\"><cite>18 Frauen aus unserer Gymnastikgruppe haben vom 26. bis 28....<\/cite><\/div><\/div><\/li><\/ul><a id=\"year2013\"><\/a><a href=\"https:\/\/indehahn.de\/?m=2013\" rel=\"section\">2013<\/a> <span class=\"sya_yearcount\"><span class=\"sya_bracket\">(<\/span>1<span class=\"sya_bracket\">)<\/span><\/span><ul><li class=\"\"><div class=\"sya_postcontent\"><span class=\"sya_date\">15.08.2013 <span class=\"sya_sep\">:  <\/span><\/span><a href=\"https:\/\/indehahn.de\/?p=2775\" class=\"sya_postlink post-2775\" rel=\"bookmark\">Damen der GYMNASTIKGRUPPE auf Eifeltour<\/a><div style=\"padding-left:20px\" class=\"robots-nocontent\"><cite>Unsere Damen-Gymnastikgruppe unternimmt mit ihrer Leiterin...<\/cite><\/div><\/div><\/li><\/ul><a id=\"year2012\"><\/a><a href=\"https:\/\/indehahn.de\/?m=2012\" rel=\"section\">2012<\/a> <span class=\"sya_yearcount\"><span class=\"sya_bracket\">(<\/span>1<span class=\"sya_bracket\">)<\/span><\/span><ul><li class=\"\"><div class=\"sya_postcontent\"><span class=\"sya_date\">25.02.2012 <span class=\"sya_sep\">:  <\/span><\/span><a href=\"https:\/\/indehahn.de\/?p=3106\" class=\"sya_postlink post-3106\" rel=\"bookmark\">Hahner DAMENFREIZEITGRUPPE on tour<\/a><div style=\"padding-left:20px\" class=\"robots-nocontent\"><cite>Es ist schon ein wenig her, aber den Bericht und das Foto...<\/cite><\/div><\/div><\/li><\/ul><\/div>\n<\/div>\n<div class=\"shariff\" data-title=\"DAMEN FREIZEIT\" data-info-url=\"http:\/\/ct.de\/-2467514\" data-backend-url=\"https:\/\/indehahn.de\/wp-content\/plugins\/shariff-sharing_UNUSED\/backend\/index.php\" data-temp=\"\/tmp\" data-ttl=\"60\" data-service=\"\" data-services='[\"facebook\",\"whatsapp\",\"mail\"]' data-image=\"https:\/\/indehahn.de\/wp-content\/uploads\/2015\/01\/DamenFreizeitgruppe20151.jpg\" data-url=\"https:\/\/indehahn.de\/?page_id=550\" data-lang=\"de\" data-theme=\"color\" data-orientation=\"horizontal\"><\/div>","protected":false},"excerpt":{"rendered":"<p>Stehend von links: Trainerin Christel Gier, Maria Koch, Berti Krott, Irene Sommer, Siegi Schweitzer, Hilde Jentges, Renate Krebs, Hildegard Hempel, Renate Krott, Astrid Schwittmann, Elfriede Strang Sitzend von links: Erika Hansen, Ingrid Siemons, Luise&#46;&#46;&#46;<\/p>\n","protected":false},"author":1,"featured_media":0,"parent":1000,"menu_order":0,"comment_status":"closed","ping_status":"closed","template":"","meta":{"ngg_post_thumbnail":0,"footnotes":""},"class_list":["post-550","page","type-page","status-publish","hentry"],"_links":{"self":[{"href":"https:\/\/indehahn.de\/index.php?rest_route=\/wp\/v2\/pages\/550","targetHints":{"allow":["GET"]}}],"collection":[{"href":"https:\/\/indehahn.de\/index.php?rest_route=\/wp\/v2\/pages"}],"about":[{"href":"https:\/\/indehahn.de\/index.php?rest_route=\/wp\/v2\/types\/page"}],"author":[{"embeddable":true,"href":"https:\/\/indehahn.de\/index.php?rest_route=\/wp\/v2\/users\/1"}],"replies":[{"embeddable":true,"href":"https:\/\/indehahn.de\/index.php?rest_route=%2Fwp%2Fv2%2Fcomments&post=550"}],"version-history":[{"count":15,"href":"https:\/\/indehahn.de\/index.php?rest_route=\/wp\/v2\/pages\/550\/revisions"}],"predecessor-version":[{"id":18021,"href":"https:\/\/indehahn.de\/index.php?rest_route=\/wp\/v2\/pages\/550\/revisions\/18021"}],"up":[{"embeddable":true,"href":"https:\/\/indehahn.de\/index.php?rest_route=\/wp\/v2\/pages\/1000"}],"wp:attachment":[{"href":"https:\/\/indehahn.de\/index.php?rest_route=%2Fwp%2Fv2%2Fmedia&parent=550"}],"curies":[{"name":"wp","href":"https:\/\/api.w.org\/{rel}","templated":true}]}}