{"id":593,"date":"2015-02-21T18:15:46","date_gmt":"2015-02-21T18:15:46","guid":{"rendered":"http:\/\/inde-hahn.de\/?page_id=593"},"modified":"2024-09-23T14:48:55","modified_gmt":"2024-09-23T12:48:55","slug":"portrait","status":"publish","type":"page","link":"https:\/\/indehahn.de\/?page_id=593","title":{"rendered":"PORTRAIT"},"content":{"rendered":"<p><a href=\"http:\/\/indehahn.de\/wp-content\/uploads\/2015\/01\/Sportplatz9.jpg\" data-rel=\"lightbox-image-0\" data-rl_title=\"\" data-rl_caption=\"\" title=\"\"><img loading=\"lazy\" decoding=\"async\" src=\"http:\/\/indehahn.de\/wp-content\/uploads\/2015\/01\/Sportplatz9.jpg\" alt=\"Sportplatz9\" width=\"960\" height=\"640\" class=\"alignnone size-full wp-image-2682\" srcset=\"https:\/\/indehahn.de\/wp-content\/uploads\/2015\/01\/Sportplatz9.jpg 960w, https:\/\/indehahn.de\/wp-content\/uploads\/2015\/01\/Sportplatz9-300x200.jpg 300w, https:\/\/indehahn.de\/wp-content\/uploads\/2015\/01\/Sportplatz9-200x133.jpg 200w\" sizes=\"auto, (max-width: 960px) 100vw, 960px\" \/><\/a><\/p>\n<p>&nbsp;<\/p>\n<div class=\"block-title\">INFOS<\/div>\n<table style=\"width: 100%; border: 1px solid #eeeeee;\">\n<tbody>\n<tr>\n<td style=\"text-align: left; vertical-align: top;\"><strong>Vereinsname<\/strong><\/td>\n<td style=\"text-align: left;\"><strong>FC Inde Hahn e.V.<\/strong><\/td>\n<\/tr>\n<tr>\n<td style=\"text-align: left; vertical-align: top;\">Gr\u00fcndungsdatum<\/td>\n<td style=\"text-align: left;\">30. Mai 1946<\/td>\n<\/tr>\n<tr>\n<td style=\"text-align: left; vertical-align: top;\">Kennnummer<\/td>\n<td style=\"text-align: left;\">072001061<\/td>\n<\/tr>\n<tr>\n<td style=\"text-align: left; vertical-align: top;\">Gr\u00f6\u00dfte sportliche Erfolge<\/td>\n<td style=\"text-align: left;\">Aufstieg der 1. Senioren-Fu\u00dfballmannschaft in die Mittelrheinliga im Jahre 2016<br \/>Gewinn der Aachener Fu\u00dfball-Stadtmeisterschaft 2013<br \/>Fu\u00dfball-Kreispokalsieger 2013 und 2014<br \/>2:1-Sieg im FVM-Pokalspiel gegen Alemannia Aachen am 26.10.2013<br \/>Aufstieg der Damen-Fu\u00dfballmannschaft in die Verbandsliga im Jahre 1996<br \/>Aufstieg der Tischtennis-Mannschaft in die 1. Kreisklasse im Jahre 1990<br \/>Deutscher Lacrosse-Meister im Jahre 2006<\/td>\n<\/tr>\n<tr>\n<td style=\"text-align: left; vertical-align: top;\">Abteilungen<\/td>\n<td style=\"text-align: left;\">Senioren-Fu\u00dfball (Kreisliga A, Kreisliga C, Kreisliga D)<br \/>\nNachwuchs-Fu\u00dfball (alle Altersklassen)<br \/>\nLauftreff<br \/>\nInde Fitness<br \/>\nCrazy Chicken (Volleyball f\u00fcr Damen und Herren)<br \/>\nDamen Freizeit (Gymnastik \/ Volleyball)<br \/>\nBoule<br \/>\nInde Panthers (Cheerleading)<br \/>\nWandern<br \/>\nFreizeit-Fu\u00dfball<\/td>\n<\/tr>\n<tr>\n<td style=\"text-align: left; vertical-align: top;\">Mitgliederbestand<br \/>\n(16.05.2023)<\/td>\n<td style=\"text-align: left;\">\n431 Mitglieder<br \/>\n325 m\u00e4nnliche Mitglieder<br \/>\n106 weibliche Mitglieder<br \/>\n111 Jugendliche unter 18 Jahren<br \/>\n73 Mitglieder seit mehr als 25 Jahren im Verein<\/td>\n<\/tr>\n<tr>\n<td style=\"text-align: left; vertical-align: top;\">Vereinsfarben<\/td>\n<td style=\"text-align: left;\">gelb \/ schwarz<\/td>\n<\/tr>\n<tr>\n<td style=\"text-align: left; vertical-align: top;\">Sportanlage<\/td>\n<td style=\"text-align: left;\">Kunstrasen-Sportplatz, 2 Trainingsboxen, Umkleidekabinen, \u00fcberdachte Boule-Bahn<br \/>\nVereinsheim und moderne Au\u00dfengastronomie mit Unterstand<br \/>\nTrib\u00fcne mit 361 Sitzpl\u00e4tzen, Sprecherkabine<\/td>\n<\/tr>\n<tr>\n<td style=\"text-align: left; vertical-align: top;\">Adresse<\/td>\n<td style=\"text-align: left;\">Kitzenhausweg 15, 52076 Aachen-Hahn<\/td>\n<\/tr>\n<tr>\n<td style=\"text-align: left; vertical-align: top;\">Internet<\/td>\n<td style=\"text-align: left;\"><a href=\"http:\/\/www.indehahn.de\">www.indehahn.de<\/a><\/td>\n<\/tr>\n<tr>\n<td style=\"text-align: left; vertical-align: top;\">eMail<\/td>\n<td style=\"text-align: left;\"><a href=\"mailto:post@indehahn.de\">post@indehahn.de<\/a><\/td>\n<\/tr>\n<tr>\n<td style=\"text-align: left; vertical-align: top;\">Datenschutz-Beauftragter<\/td>\n<td style=\"text-align: left;\">Jens Coldewey (<a href=\"mailto:datenschutz@indehahn.de\">datenschutz@indehahn.de<\/a>)<\/td>\n<\/tr>\n<\/tbody>\n<\/table>\n<div class=\"shariff\" data-title=\"PORTRAIT\" data-info-url=\"http:\/\/ct.de\/-2467514\" data-backend-url=\"https:\/\/indehahn.de\/wp-content\/plugins\/shariff-sharing_UNUSED\/backend\/index.php\" data-temp=\"\/tmp\" data-ttl=\"60\" data-service=\"\" data-services='[\"facebook\",\"whatsapp\",\"mail\"]' data-image=\"http:\/\/indehahn.de\/wp-content\/uploads\/2015\/01\/Sportplatz9.jpg\" data-url=\"https:\/\/indehahn.de\/?page_id=593\" data-lang=\"de\" data-theme=\"color\" data-orientation=\"horizontal\"><\/div>","protected":false},"excerpt":{"rendered":"<p>&nbsp; INFOS Vereinsname FC Inde Hahn e.V. Gr\u00fcndungsdatum 30. Mai 1946 Kennnummer 072001061 Gr\u00f6\u00dfte sportliche Erfolge Aufstieg der 1. Senioren-Fu\u00dfballmannschaft in die Mittelrheinliga im Jahre 2016Gewinn der Aachener Fu\u00dfball-Stadtmeisterschaft 2013Fu\u00dfball-Kreispokalsieger 2013 und 20142:1-Sieg im&#46;&#46;&#46;<\/p>\n","protected":false},"author":2,"featured_media":0,"parent":998,"menu_order":0,"comment_status":"closed","ping_status":"closed","template":"","meta":{"ngg_post_thumbnail":0,"footnotes":""},"class_list":["post-593","page","type-page","status-publish","hentry"],"_links":{"self":[{"href":"https:\/\/indehahn.de\/index.php?rest_route=\/wp\/v2\/pages\/593","targetHints":{"allow":["GET"]}}],"collection":[{"href":"https:\/\/indehahn.de\/index.php?rest_route=\/wp\/v2\/pages"}],"about":[{"href":"https:\/\/indehahn.de\/index.php?rest_route=\/wp\/v2\/types\/page"}],"author":[{"embeddable":true,"href":"https:\/\/indehahn.de\/index.php?rest_route=\/wp\/v2\/users\/2"}],"replies":[{"embeddable":true,"href":"https:\/\/indehahn.de\/index.php?rest_route=%2Fwp%2Fv2%2Fcomments&post=593"}],"version-history":[{"count":34,"href":"https:\/\/indehahn.de\/index.php?rest_route=\/wp\/v2\/pages\/593\/revisions"}],"predecessor-version":[{"id":18681,"href":"https:\/\/indehahn.de\/index.php?rest_route=\/wp\/v2\/pages\/593\/revisions\/18681"}],"up":[{"embeddable":true,"href":"https:\/\/indehahn.de\/index.php?rest_route=\/wp\/v2\/pages\/998"}],"wp:attachment":[{"href":"https:\/\/indehahn.de\/index.php?rest_route=%2Fwp%2Fv2%2Fmedia&parent=593"}],"curies":[{"name":"wp","href":"https:\/\/api.w.org\/{rel}","templated":true}]}}