{"id":597,"date":"2015-02-21T18:16:43","date_gmt":"2015-02-21T18:16:43","guid":{"rendered":"http:\/\/inde-hahn.de\/?page_id=597"},"modified":"2024-09-09T10:09:28","modified_gmt":"2024-09-09T08:09:28","slug":"mitgliedschaft","status":"publish","type":"page","link":"https:\/\/indehahn.de\/?page_id=597","title":{"rendered":"MITGLIEDSCHAFT"},"content":{"rendered":"<h3>Anmeldung<\/h3>\n<p>Wir freuen uns, dich als neues Mitglied in unsere Vereinsfamilie aufnehmen zu d\u00fcrfen! Hier findest Du alles, was Du f\u00fcr die Anmeldung ben\u00f6tigst:<\/p>\n<p style=\"padding-left: 30px;\">Das <a href=\"Verein\/Mitgliedschaft\/Anmeldeformular.pdf\">ANTRAGSFORMULAR<\/a> f\u00fcr die Vereinsanmeldung<br \/>\nAktive Fu\u00dfballer f\u00fcllen bitte auch den <a href=\"https:\/\/wdfv.de\/download\/spielberechtigungen\/spielberechtigungsantrag.pdf\">PASSANTRAG<\/a> aus.<\/p>\n<p>Drucke die Formulare bitte aus und \u00fcbergebe sie ausgef\u00fcllt und unterschrieben einem <strong>Vorstandsmitglied<\/strong> oder <strong>\u00dcbungsleiter<\/strong> oder schicke es <strong>per Post<\/strong> an die Adresse unseres Vereins:<\/p>\n<p style=\"padding-left: 30px;\">FC Inde Hahn e.V.<br \/>\nRessort Verwaltung<br \/>\nHahner Str. 43a<br \/>\n52076 Aachen<\/p>\n<h3>Vereinsbeitrag<\/h3>\n<p>Die H\u00f6he des j\u00e4hrlichen Mitgliedsbeitrag kann der <a href=\"Verein\/Mitgliedschaft\/Beitrags\u00fcbersicht.pdf\">BEITRAGS\u00dcBERSICHT<\/a> entnommen werden. Wir bitten darum, bei der Zahlung des Mitgliedsbeitrags vom SEPA-Lastschriftverfahren Gebrauch zu machen und uns ein ausgef\u00fclltes <a href=\"Verein\/Mitgliedschaft\/SEPA-Mandat.pdf\">SEPA-LASTSCHRIFTMANDAT<\/a> zukommen zu lassen. <strong>Das erleichtert uns die Arbeit sehr.<\/strong> Vielen Dank!<\/p>\n<h3>\u00c4nderungen mitteilen<\/h3>\n<p>Du bist bereits Mitglied beim FC Inde Hahn und m\u00f6chtest uns \u00c4nderungen Deiner Daten mitteilen? Dann beachte bitte die folgenden Hinweise:<\/p>\n<p style=\"padding-left: 30px;\">\u00c4nderungen der Anschrift (o.\u00e4.) bitte schriftlich an obige Adresse oder per <a href=\"mailto:post@indehahn.de\">E-MAIL<\/a> mitteilen.<br \/>\nBei \u00c4nderung der Bankverbindung f\u00fclle bitte ein neues <a href=\"Verein\/Mitgliedschaft\/SEPA-Mandat.pdf\">SEPA-LASTSCHRIFTMANDAT<\/a> aus und lasse uns dieses zukommen.<\/p>\n<h3>Beendigung der Mitgliedschaft<\/h3>\n<p>Die K\u00fcndigung der Mitgliedschaft <strong>muss schriftlich erfolgen<\/strong> \u2013 entweder in Papierform an obige Adresse, an eines unserer Vorstandsmitglieder oder per <a href=\"mailto:post@indehahn.de\">E-MAIL<\/a>. M\u00fcndliche Abmeldungen sind nicht g\u00fcltig!<\/p>\n<div class=\"shariff\" data-title=\"MITGLIEDSCHAFT\" data-info-url=\"http:\/\/ct.de\/-2467514\" data-backend-url=\"https:\/\/indehahn.de\/wp-content\/plugins\/shariff-sharing_UNUSED\/backend\/index.php\" data-temp=\"\/tmp\" data-ttl=\"60\" data-service=\"\" data-services='[\"facebook\",\"whatsapp\",\"mail\"]' data-image=\"\" data-url=\"https:\/\/indehahn.de\/?page_id=597\" data-lang=\"de\" data-theme=\"color\" data-orientation=\"horizontal\"><\/div>","protected":false},"excerpt":{"rendered":"<p>Anmeldung Wir freuen uns, dich als neues Mitglied in unsere Vereinsfamilie aufnehmen zu d\u00fcrfen! Hier findest Du alles, was Du f\u00fcr die Anmeldung ben\u00f6tigst: Das ANTRAGSFORMULAR f\u00fcr die Vereinsanmeldung Aktive Fu\u00dfballer f\u00fcllen bitte auch&#46;&#46;&#46;<\/p>\n","protected":false},"author":2,"featured_media":0,"parent":998,"menu_order":0,"comment_status":"closed","ping_status":"closed","template":"","meta":{"ngg_post_thumbnail":0,"footnotes":""},"class_list":["post-597","page","type-page","status-publish","hentry"],"_links":{"self":[{"href":"https:\/\/indehahn.de\/index.php?rest_route=\/wp\/v2\/pages\/597","targetHints":{"allow":["GET"]}}],"collection":[{"href":"https:\/\/indehahn.de\/index.php?rest_route=\/wp\/v2\/pages"}],"about":[{"href":"https:\/\/indehahn.de\/index.php?rest_route=\/wp\/v2\/types\/page"}],"author":[{"embeddable":true,"href":"https:\/\/indehahn.de\/index.php?rest_route=\/wp\/v2\/users\/2"}],"replies":[{"embeddable":true,"href":"https:\/\/indehahn.de\/index.php?rest_route=%2Fwp%2Fv2%2Fcomments&post=597"}],"version-history":[{"count":28,"href":"https:\/\/indehahn.de\/index.php?rest_route=\/wp\/v2\/pages\/597\/revisions"}],"predecessor-version":[{"id":18678,"href":"https:\/\/indehahn.de\/index.php?rest_route=\/wp\/v2\/pages\/597\/revisions\/18678"}],"up":[{"embeddable":true,"href":"https:\/\/indehahn.de\/index.php?rest_route=\/wp\/v2\/pages\/998"}],"wp:attachment":[{"href":"https:\/\/indehahn.de\/index.php?rest_route=%2Fwp%2Fv2%2Fmedia&parent=597"}],"curies":[{"name":"wp","href":"https:\/\/api.w.org\/{rel}","templated":true}]}}