{"id":7918,"date":"2015-10-02T11:20:59","date_gmt":"2015-10-02T09:20:59","guid":{"rendered":"http:\/\/inde-hahn.de\/?page_id=7918"},"modified":"2020-11-04T11:44:19","modified_gmt":"2020-11-04T10:44:19","slug":"satzung","status":"publish","type":"page","link":"https:\/\/indehahn.de\/?page_id=7918","title":{"rendered":"SATZUNG"},"content":{"rendered":"<p>Genau wie beim Fu\u00dfballspiel auf dem gr\u00fcnen Rasen geht es auch im Vereinsleben nicht ohne Regeln. Die Regeln des FC Inde Hahn sind in der Vereinssatzung und zus\u00e4tzlichen Ordnungen festgehalten und k\u00f6nnen auf dieser Seite eingesehen werden.<\/p>\n<hr \/>\n<p>Die aktuelle Vereinssatzung wurde durch die Mitgliederversammlung am 17. Februar 2017 mit der erforderlichen Mehrheit beschlossen und anschlie\u00dfend an alle Mitglieder verschickt. Hier kann die Satzung als pdf-Dokument ge\u00f6ffnet werden:<\/p>\n<p><a href=\"https:\/\/www.indehahn.de\/Verein\/Satzung\/SatzungFCIndeHahn.pdf\" target=\"_blank\" rel=\"noopener noreferrer\">VEREINSSATZUNG FC INDE HAHN e.V.<\/a><\/p>\n<hr \/>\n<p>Bestimmte Arbeitsbereiche des Vereins sind \u00fcber die Satzung hinaus durch Ordnungen geregelt. Ordnungen sind nicht Bestandteile der Vereinssatzung, sind aber trotzdem von allen Vereinsmitgliedern zu beachten und einzuhalten.<br \/>\nFolgende Ordnungen wurden vom Vorstand des FC Inde Hahn beschlossen:<\/p>\n<p><a href=\"https:\/\/www.indehahn.de\/Verein\/Satzung\/Datenschutzordnung.pdf\" target=\"_blank\" rel=\"noopener noreferrer\">DATENSCHUTZORDNUNG<\/a><\/p>\n<p><a href=\"https:\/\/www.indehahn.de\/Verein\/Satzung\/Ehrungsordnung.pdf\" target=\"_blank\" rel=\"noopener noreferrer\">EHRUNGSORDNUNG<\/a><\/p>\n<p><a href=\"https:\/\/www.indehahn.de\/Verein\/Satzung\/Geschaeftsordnung.pdf\" target=\"_blank\" rel=\"noopener noreferrer\">GESCH\u00c4FTSORDNUNG<\/a><\/p>\n<p><a href=\"https:\/\/www.indehahn.de\/Verein\/Satzung\/Finanzordnung.pdf\" target=\"_blank\" rel=\"noopener noreferrer\">FINANZORDNUNG<\/a><\/p>\n<div class=\"shariff\" data-title=\"SATZUNG\" data-info-url=\"http:\/\/ct.de\/-2467514\" data-backend-url=\"https:\/\/indehahn.de\/wp-content\/plugins\/shariff-sharing_UNUSED\/backend\/index.php\" data-temp=\"\/tmp\" data-ttl=\"60\" data-service=\"\" data-services='[\"facebook\",\"whatsapp\",\"mail\"]' data-image=\"\" data-url=\"https:\/\/indehahn.de\/?page_id=7918\" data-lang=\"de\" data-theme=\"color\" data-orientation=\"horizontal\"><\/div>","protected":false},"excerpt":{"rendered":"<p>Genau wie beim Fu\u00dfballspiel auf dem gr\u00fcnen Rasen geht es auch im Vereinsleben nicht ohne Regeln. Die Regeln des FC Inde Hahn sind in der Vereinssatzung und zus\u00e4tzlichen Ordnungen festgehalten und k\u00f6nnen auf dieser&#46;&#46;&#46;<\/p>\n","protected":false},"author":2,"featured_media":0,"parent":998,"menu_order":0,"comment_status":"closed","ping_status":"closed","template":"","meta":{"ngg_post_thumbnail":0,"footnotes":""},"class_list":["post-7918","page","type-page","status-publish","hentry"],"_links":{"self":[{"href":"https:\/\/indehahn.de\/index.php?rest_route=\/wp\/v2\/pages\/7918","targetHints":{"allow":["GET"]}}],"collection":[{"href":"https:\/\/indehahn.de\/index.php?rest_route=\/wp\/v2\/pages"}],"about":[{"href":"https:\/\/indehahn.de\/index.php?rest_route=\/wp\/v2\/types\/page"}],"author":[{"embeddable":true,"href":"https:\/\/indehahn.de\/index.php?rest_route=\/wp\/v2\/users\/2"}],"replies":[{"embeddable":true,"href":"https:\/\/indehahn.de\/index.php?rest_route=%2Fwp%2Fv2%2Fcomments&post=7918"}],"version-history":[{"count":13,"href":"https:\/\/indehahn.de\/index.php?rest_route=\/wp\/v2\/pages\/7918\/revisions"}],"predecessor-version":[{"id":16278,"href":"https:\/\/indehahn.de\/index.php?rest_route=\/wp\/v2\/pages\/7918\/revisions\/16278"}],"up":[{"embeddable":true,"href":"https:\/\/indehahn.de\/index.php?rest_route=\/wp\/v2\/pages\/998"}],"wp:attachment":[{"href":"https:\/\/indehahn.de\/index.php?rest_route=%2Fwp%2Fv2%2Fmedia&parent=7918"}],"curies":[{"name":"wp","href":"https:\/\/api.w.org\/{rel}","templated":true}]}}