{"id":8872,"date":"2016-05-09T20:41:57","date_gmt":"2016-05-09T18:41:57","guid":{"rendered":"http:\/\/inde-hahn.de\/?page_id=8872"},"modified":"2020-11-12T16:09:39","modified_gmt":"2020-11-12T15:09:39","slug":"aachener-stadtmeisterschaft-2016-2","status":"publish","type":"page","link":"https:\/\/indehahn.de\/?page_id=8872","title":{"rendered":"AACHENER STADTMEISTERSCHAFT 2016"},"content":{"rendered":"<p><a href=\"http:\/\/indehahn.de\/?page_id=9099\" class=\"button\">Spielplan Vorrunde<\/a> <a href=\"http:\/\/indehahn.de\/?page_id=9106\" class=\"button\">Spielplan Hauptrunde<\/a> <a href=\"http:\/\/indehahn.de\/?page_id=9092\" class=\"button\">Turnierordnung<\/a> <a href=\"http:\/\/indehahn.de\/?page_id=9230\" class=\"button\">Teilnehmer<\/a> <a href=\"http:\/\/indehahn.de\/?page_id=9206\" class=\"button\">Liveticker &#038; Ergebnisse<\/a><\/p>\n<hr \/>\n<p><img loading=\"lazy\" decoding=\"async\" src=\"http:\/\/indehahn.de\/wp-content\/uploads\/2016\/08\/Stadtmeisterschaft06082016.jpg\" alt=\"Stadtmeisterschaft06082016\" width=\"800\" height=\"533\" class=\"alignnone size-full wp-image-9476\" srcset=\"https:\/\/indehahn.de\/wp-content\/uploads\/2016\/08\/Stadtmeisterschaft06082016.jpg 800w, https:\/\/indehahn.de\/wp-content\/uploads\/2016\/08\/Stadtmeisterschaft06082016-300x200.jpg 300w, https:\/\/indehahn.de\/wp-content\/uploads\/2016\/08\/Stadtmeisterschaft06082016-200x133.jpg 200w\" sizes=\"auto, (max-width: 800px) 100vw, 800px\" \/><\/p>\n<hr \/>\n<p><a href=\"http:\/\/indehahn.de\/?p=9352\">BERICHT GRUPPE A &#038; B<\/a> | <a href=\"http:\/\/indehahn.de\/?p=9363\">BERICHT GRUPPE C &#038; D<\/a> | <a href=\"http:\/\/indehahn.de\/?p=9375\">BERICHT GRUPPE E<\/a> | <a href=\"http:\/\/indehahn.de\/?p=9399\">BERICHT GRUPPE F<\/a> | <a href=\"http:\/\/indehahn.de\/?p=9420\">BERICHT GRUPPE G<\/a><\/p>\n<p><a href=\"http:\/\/indehahn.de\/?p=9431\">BERICHT ACHTELFINALE &#8211; TEIL 1<\/a> | <a href=\"http:\/\/indehahn.de\/?p=9435\">BERICHT ACHTELFINALE &#8211; TEIL 2<\/a> | <a href=\"http:\/\/indehahn.de\/?p=9440\">BERICHT ACHTELFINALE &#8211; TEIL 3<\/a><\/p>\n<p><a href=\"http:\/\/indehahn.de\/?p=9445\">BERICHT VIERTELFINALE &#8211; TEIL 1<\/a> | <a href=\"http:\/\/indehahn.de\/?p=9451\">BERICHT VIERTELFINALE &#8211; TEIL 2<\/a><\/p>\n<p><a href=\"http:\/\/indehahn.de\/?p=9456\">BERICHT HALBFINALE<\/a><\/p>\n<p><a href=\"http:\/\/indehahn.de\/?p=9475\">BERICHT FINALTAG<\/a><\/p>\n<hr \/>\n<p>Au\u00dferdem waren unsere Kollegen von FuPa und dem Aachener Zeitungsverlag mit Kameras und spitzem Stift regelm\u00e4\u00dfig vor Ort &#8211; hier der Link zur FuPa-Berichterstattung:<\/p>\n<p><a href=\"http:\/\/www.fupa.net\/liga\/Stadtmeisterschaft-Aachen\" target=\"_blank\" rel=\"noopener noreferrer\">STADTMEISTERSCHAFT BEI FUPA AACHEN<\/a><\/p>\n<hr \/>\n<div class=\"shariff\" data-title=\"AACHENER STADTMEISTERSCHAFT 2016\" data-info-url=\"http:\/\/ct.de\/-2467514\" data-backend-url=\"https:\/\/indehahn.de\/wp-content\/plugins\/shariff-sharing_UNUSED\/backend\/index.php\" data-temp=\"\/tmp\" data-ttl=\"60\" data-service=\"\" data-services='[\"facebook\",\"whatsapp\",\"mail\"]' data-image=\"http:\/\/indehahn.de\/wp-content\/uploads\/2016\/08\/Stadtmeisterschaft06082016.jpg\" data-url=\"https:\/\/indehahn.de\/?page_id=8872\" data-lang=\"de\" data-theme=\"color\" data-orientation=\"horizontal\"><\/div>","protected":false},"excerpt":{"rendered":"<p>Spielplan Vorrunde Spielplan Hauptrunde Turnierordnung Teilnehmer Liveticker &#038; Ergebnisse BERICHT GRUPPE A &#038; B | BERICHT GRUPPE C &#038; D | BERICHT GRUPPE E | BERICHT GRUPPE F | BERICHT GRUPPE G BERICHT ACHTELFINALE&#46;&#46;&#46;<\/p>\n","protected":false},"author":2,"featured_media":0,"parent":8292,"menu_order":0,"comment_status":"closed","ping_status":"closed","template":"","meta":{"ngg_post_thumbnail":0,"footnotes":""},"class_list":["post-8872","page","type-page","status-publish","hentry"],"_links":{"self":[{"href":"https:\/\/indehahn.de\/index.php?rest_route=\/wp\/v2\/pages\/8872","targetHints":{"allow":["GET"]}}],"collection":[{"href":"https:\/\/indehahn.de\/index.php?rest_route=\/wp\/v2\/pages"}],"about":[{"href":"https:\/\/indehahn.de\/index.php?rest_route=\/wp\/v2\/types\/page"}],"author":[{"embeddable":true,"href":"https:\/\/indehahn.de\/index.php?rest_route=\/wp\/v2\/users\/2"}],"replies":[{"embeddable":true,"href":"https:\/\/indehahn.de\/index.php?rest_route=%2Fwp%2Fv2%2Fcomments&post=8872"}],"version-history":[{"count":46,"href":"https:\/\/indehahn.de\/index.php?rest_route=\/wp\/v2\/pages\/8872\/revisions"}],"predecessor-version":[{"id":18282,"href":"https:\/\/indehahn.de\/index.php?rest_route=\/wp\/v2\/pages\/8872\/revisions\/18282"}],"up":[{"embeddable":true,"href":"https:\/\/indehahn.de\/index.php?rest_route=\/wp\/v2\/pages\/8292"}],"wp:attachment":[{"href":"https:\/\/indehahn.de\/index.php?rest_route=%2Fwp%2Fv2%2Fmedia&parent=8872"}],"curies":[{"name":"wp","href":"https:\/\/api.w.org\/{rel}","templated":true}]}}