{"id":8905,"date":"2016-05-16T21:49:06","date_gmt":"2016-05-16T19:49:06","guid":{"rendered":"http:\/\/inde-hahn.de\/?page_id=8905"},"modified":"2025-07-03T09:33:46","modified_gmt":"2025-07-03T07:33:46","slug":"hahner-sommerfest-speisen","status":"publish","type":"page","link":"https:\/\/indehahn.de\/?page_id=8905","title":{"rendered":"Hahner Sommerfest 2025 &#8211; Kuchenliste"},"content":{"rendered":"<p>Der Sommer-IBIS-Cup 2025 hat bereits stattgefunden. Kuchenspenden sind nicht mehr m\u00f6glich.<\/p>\n<p><strong>Wir bedanken uns herzlich f\u00fcr Eure Unterst\u00fctzung, ohne welche die Durchf\u00fchrung eines solchen Events nicht m\u00f6glich w\u00e4re!<\/strong><\/p>\n<p><!--\nUm in bew\u00e4hrter Manier die Verpflegung beim HAHNER SOMMERFEST gew\u00e4hrleisten zu k\u00f6nnen, brauchen wir wieder Eure tatkr\u00e4ftige Hilfe. Es w\u00e4re toll, wenn Ihr Kuchen oder Muffins... spenden k\u00f6nntet. Tragt bitte Eure Spenden auf dieser Seite ein.\n\nGebt hier bitte Euren Namen (f\u00fcr R\u00fcckfragen bitte auch Mail-Adresse und Telefonnummer), die Bezeichnung und wenn n\u00f6tig eine kurze Bemerkung dazu ein! Bitte immer auch den Turniertag ausw\u00e4hlen, f\u00fcr den die Spende bestimmt ist!\n--><br \/>\n<!-- <strong>Hinweis:<\/strong> pro Tag werden etwa 12 Kuchen ben\u00f6tigt, Waffelteig bereiten wir zentral frisch zu. --><br \/>\n<!--\n\n\n<div style=\"overflow: auto; width: 100%;\">\n\n<form id=\"addSpeiseSoFe2025\" action=\"Events\/Sommerfest\/Dienste\/addSpeise.php\" method=\"post\" name=\"addSpeiseSoFe2025\">\n\n\n<table class=\"formgrid\" style=\"width: 100%; min-width: 200px;\">\n\n\n<tbody>\n\n\n<tr>\n\n\n<td style=\"text-align: right;\"><label accesskey=\"1\" for=\"nachnameSoFe2025\">Nachname:<\/label><\/td>\n\n\n\n\n<td><input id=\"nachnameSoFe2025\" maxlength=\"64\" name=\"nachnameSoFe2025\" size=\"50%\" type=\"text\"><\/td>\n\n\n<\/tr>\n\n\n\n\n<tr>\n\n\n<td style=\"text-align: right;\"><label accesskey=\"2\" for=\"vornameSoFe2025\">Vorname:<\/label><\/td>\n\n\n\n\n<td><input id=\"vornameSoFe2025\" maxlength=\"64\" name=\"vornameSoFe2025\" size=\"50%\" type=\"text\"><\/td>\n\n\n<\/tr>\n\n\n\n\n<tr>\n\n\n<td style=\"text-align: right;\"><label accesskey=\"3\" for=\"mailSoFe2025\">Mail-Adresse:<\/label><\/td>\n\n\n\n\n<td><input id=\"mailSoFe2025\" maxlength=\"64\" name=\"mailSoFe2025\" size=\"50%\" type=\"text\"><\/td>\n\n\n<\/tr>\n\n\n\n\n<tr>\n\n\n<td style=\"text-align: right;\"><label accesskey=\"4\" for=\"telefonSoFe2025\">Telefon:<\/label><\/td>\n\n\n\n\n<td><input id=\"telefonSoFe2025\" maxlength=\"64\" name=\"telefonSoFe2025\" size=\"50%\" type=\"text\"><\/td>\n\n\n<\/tr>\n\n\n\n\n<tr>\n\n\n<td style=\"text-align: right;\"><label accesskey=\"5\" for=\"artSoFe2025\">Art der Spende:<\/label><\/td>\n\n\n\n\n<td style=\"text-align: left;\"><select id=\"artSoFe2025\" name=\"artSoFe2025\" size=\"\\&quot;1\\&quot;\"> \n<option value=\"Kuchen\">Kuchen<\/option>\n<option value=\"Herzhaftes\">Herzhaftes<\/option>\n <\/select><\/td>\n\n\n<\/tr>\n\n\n\n\n<tr>\n\n\n<td style=\"text-align: right;\"><label accesskey=\"5\" for=\"speiseSoFe2025\">Bezeichnung:<\/label><\/td>\n\n\n\n\n<td><input id=\"speiseSoFe2025\" maxlength=\"64\" name=\"speiseSoFe2025\" size=\"50%\" type=\"text\"><\/td>\n\n\n<\/tr>\n\n\n\n\n<tr>\n\n\n<td style=\"text-align: right;\"><label accesskey=\"17\" for=\"turniertagSoFe2025\">Turniertag:<\/label><\/td>\n\n\n\n\n<td style=\"text-align: left;\"><select id=\"turniertagSoFe2025\" name=\"turniertagSoFe2025\" size=\"\\&quot;1\\&quot;\"> \n<option value=\"Samstag\">Samstag, 28. Juni 2025<\/option>\n<option value=\"Sonntag\">Sonntag, 29. Juni 2025<\/option>\n <\/select><\/td>\n\n\n<\/tr>\n\n\n\n\n<tr>\n\n\n<td style=\"text-align: right;\"><label accesskey=\"9\" for=\"bemerkungSoFe2025\">Bemerkung:<\/label><\/td>\n\n\n\n\n<td><textarea id=\"bemerkungSoFe2025\" cols=\"50\" name=\"bemerkungSoFe2025\" rows=\"2\"><\/textarea><\/td>\n\n\n<\/tr>\n\n\n\n\n<tr>\n\n\n<td>&nbsp;<\/td>\n\n\n\n\n<td style=\"text-align: left;\"><input id=\"d-submit\" type=\"submit\" value=\"Eintragen\"><\/td>\n\n\n<\/tr>\n\n\n<\/tbody>\n\n\n<\/table>\n\n\n<\/form>\n\n<\/div>\n\n\n<u>Folgende Spenden wurden bereits eingetragen<\/u>:\n--><br \/>\n<!--\ninsert_php]\n$scriptRoot = $_SERVER['DOCUMENT_ROOT'] . '\/Events';\nrequire(\"$scriptRoot\/Sommerfest\/Dienste\/Speisen.php\");\nPrintAllFoodDonations(\"Sommerfest\", \"2025\", false);\n\/insert_php]\n\n<strong>Hinweis:<\/strong> \u00c4nderungen sind hier nicht m\u00f6glich. Soll ein Eintrag ge\u00e4ndert oder gel\u00f6scht werden, wendet Euch bitte an die <a href=\"mailto:turnierkoordination@indehahn.de\">Turnierkoordination<\/a>.\n--><\/p>\n<div class=\"shariff\" data-title=\"Hahner Sommerfest 2025 &#8211; Kuchenliste\" data-info-url=\"http:\/\/ct.de\/-2467514\" data-backend-url=\"https:\/\/indehahn.de\/wp-content\/plugins\/shariff-sharing_UNUSED\/backend\/index.php\" data-temp=\"\/tmp\" data-ttl=\"60\" data-service=\"\" data-services='[\"facebook\",\"whatsapp\",\"mail\"]' data-image=\"\" data-url=\"https:\/\/indehahn.de\/?page_id=8905\" data-lang=\"de\" data-theme=\"color\" data-orientation=\"horizontal\"><\/div>","protected":false},"excerpt":{"rendered":"<p>Der Sommer-IBIS-Cup 2025 hat bereits stattgefunden. Kuchenspenden sind nicht mehr m\u00f6glich. Wir bedanken uns herzlich f\u00fcr Eure Unterst\u00fctzung, ohne welche die Durchf\u00fchrung eines solchen Events nicht m\u00f6glich w\u00e4re!<\/p>\n","protected":false},"author":6,"featured_media":0,"parent":11534,"menu_order":0,"comment_status":"closed","ping_status":"closed","template":"","meta":{"ngg_post_thumbnail":0,"footnotes":""},"class_list":["post-8905","page","type-page","status-publish","hentry"],"_links":{"self":[{"href":"https:\/\/indehahn.de\/index.php?rest_route=\/wp\/v2\/pages\/8905","targetHints":{"allow":["GET"]}}],"collection":[{"href":"https:\/\/indehahn.de\/index.php?rest_route=\/wp\/v2\/pages"}],"about":[{"href":"https:\/\/indehahn.de\/index.php?rest_route=\/wp\/v2\/types\/page"}],"author":[{"embeddable":true,"href":"https:\/\/indehahn.de\/index.php?rest_route=\/wp\/v2\/users\/6"}],"replies":[{"embeddable":true,"href":"https:\/\/indehahn.de\/index.php?rest_route=%2Fwp%2Fv2%2Fcomments&post=8905"}],"version-history":[{"count":12,"href":"https:\/\/indehahn.de\/index.php?rest_route=\/wp\/v2\/pages\/8905\/revisions"}],"predecessor-version":[{"id":19062,"href":"https:\/\/indehahn.de\/index.php?rest_route=\/wp\/v2\/pages\/8905\/revisions\/19062"}],"up":[{"embeddable":true,"href":"https:\/\/indehahn.de\/index.php?rest_route=\/wp\/v2\/pages\/11534"}],"wp:attachment":[{"href":"https:\/\/indehahn.de\/index.php?rest_route=%2Fwp%2Fv2%2Fmedia&parent=8905"}],"curies":[{"name":"wp","href":"https:\/\/api.w.org\/{rel}","templated":true}]}}